{"id":25048,"date":"2024-02-11T20:09:17","date_gmt":"2024-02-11T13:09:17","guid":{"rendered":"https:\/\/sd2023.silentdivers.com\/choosing-best-dive-center-koh-samui\/"},"modified":"2024-02-12T18:11:29","modified_gmt":"2024-02-12T11:11:29","slug":"choisir-meilleur-centre-plongee-koh-samui","status":"publish","type":"page","link":"https:\/\/silentdivers.com\/fr\/choisir-meilleur-centre-plongee-koh-samui\/","title":{"rendered":"Choisir le meilleur centre de plong\u00e9e \u00e0 Koh Samui"},"content":{"rendered":"\t\t<div data-elementor-type=\"wp-page\" data-elementor-id=\"25048\" class=\"elementor elementor-25048\" data-elementor-post-type=\"page\">\n\t\t\t\t<div class=\"elementor-element elementor-element-4f964593 e-flex e-con-boxed e-con e-parent\" data-id=\"4f964593\" data-element_type=\"container\" data-e-type=\"container\" data-settings=\"{&quot;background_background&quot;:&quot;classic&quot;}\">\n\t\t\t\t\t<div class=\"e-con-inner\">\n\t\t\t\t\t<\/div>\n\t\t\t\t<\/div>\n\t\t<div class=\"elementor-element elementor-element-2a40d125 e-flex e-con-boxed e-con e-parent\" data-id=\"2a40d125\" data-element_type=\"container\" data-e-type=\"container\">\n\t\t\t\t\t<div class=\"e-con-inner\">\n\t\t\t\t<div class=\"elementor-element elementor-element-a06f08e elementor-widget elementor-widget-spacer\" data-id=\"a06f08e\" data-element_type=\"widget\" data-e-type=\"widget\" data-widget_type=\"spacer.default\">\n\t\t\t\t\t\t\t<div class=\"elementor-spacer\">\n\t\t\t<div class=\"elementor-spacer-inner\"><\/div>\n\t\t<\/div>\n\t\t\t\t\t\t<\/div>\n\t\t\t\t<div class=\"elementor-element elementor-element-7deb474d elementor-widget elementor-widget-text-editor\" data-id=\"7deb474d\" data-element_type=\"widget\" data-e-type=\"widget\" data-widget_type=\"text-editor.default\">\n\t\t\t\t\t\t\t\t\t<p>Choisir le bon centre de plong\u00e9e est une \u00e9tape cruciale pour garantir une exp\u00e9rience de plong\u00e9e s\u00fbre, agr\u00e9able et m\u00e9morable. Avec d&rsquo;innombrables options disponibles, il est essentiel de prendre en compte plusieurs facteurs pour trouver le centre de plong\u00e9e qui <strong>correspond le mieux \u00e0 vos besoins et pr\u00e9f\u00e9rences <\/strong>.<\/p>\t\t\t\t\t\t\t\t<\/div>\n\t\t\t\t<div class=\"elementor-element elementor-element-4a3a4375 elementor-widget elementor-widget-heading\" data-id=\"4a3a4375\" data-element_type=\"widget\" data-e-type=\"widget\" data-widget_type=\"heading.default\">\n\t\t\t\t\t<h2 class=\"elementor-heading-title elementor-size-default\">1. Certification et r\u00e9putation<\/h2>\t\t\t\t<\/div>\n\t\t\t\t<div class=\"elementor-element elementor-element-30ef13fc elementor-widget elementor-widget-text-editor\" data-id=\"30ef13fc\" data-element_type=\"widget\" data-e-type=\"widget\" data-widget_type=\"text-editor.default\">\n\t\t\t\t\t\t\t\t\t<p><br \/>Commencez votre recherche en v\u00e9rifiant les certifications du centre de plong\u00e9e . Assurez-vous que les instructeurs sont qualifi\u00e9s et que le centre adh\u00e8re aux <strong>normes internationales de plong\u00e9e <\/strong>. De plus, lisez les critiques en ligne et demandez des recommandations \u00e0 d&rsquo;autres plongeurs pour \u00e9valuer la <strong>r\u00e9putation du centre <\/strong>. Un centre de plong\u00e9e r\u00e9put\u00e9 aura des t\u00e9moignages positifs, mettant l&rsquo;accent sur la s\u00e9curit\u00e9, le professionnalisme et l&rsquo; <strong>exp\u00e9rience globale de la plong\u00e9e <\/strong>.<\/p>\t\t\t\t\t\t\t\t<\/div>\n\t\t\t\t<div class=\"elementor-element elementor-element-48ef95b elementor-widget elementor-widget-heading\" data-id=\"48ef95b\" data-element_type=\"widget\" data-e-type=\"widget\" data-widget_type=\"heading.default\">\n\t\t\t\t\t<h2 class=\"elementor-heading-title elementor-size-default\">2. Mesures et \u00e9quipements de s\u00e9curit\u00e9<\/h2>\t\t\t\t<\/div>\n\t\t\t\t<div class=\"elementor-element elementor-element-668a0575 elementor-widget elementor-widget-text-editor\" data-id=\"668a0575\" data-element_type=\"widget\" data-e-type=\"widget\" data-widget_type=\"text-editor.default\">\n\t\t\t\t\t\t\t\t\t<p>La s\u00e9curit\u00e9 doit \u00eatre une priorit\u00e9 absolue lors du choix d&rsquo;un centre de plong\u00e9e . Renseignez-vous sur les <strong>protocoles de s\u00e9curit\u00e9 du centre <\/strong>, les proc\u00e9dures d&rsquo;urgence et l&rsquo;\u00e9tat de leur \u00e9quipement. Un inventaire de <strong>mat\u00e9riel de plong\u00e9e <\/strong>bien entretenu et \u00e0 jour est essentiel pour une plong\u00e9e s\u00fbre et agr\u00e9able. V\u00e9rifiez si le centre effectue des contr\u00f4les r\u00e9guliers des \u00e9quipements et respecte les <strong>normes de s\u00e9curit\u00e9 <\/strong>.<\/p>\t\t\t\t\t\t\t\t<\/div>\n\t\t\t\t<div class=\"elementor-element elementor-element-325d126 elementor-widget elementor-widget-heading\" data-id=\"325d126\" data-element_type=\"widget\" data-e-type=\"widget\" data-widget_type=\"heading.default\">\n\t\t\t\t\t<h2 class=\"elementor-heading-title elementor-size-default\">3. Forfaits et sp\u00e9cialit\u00e9s de plong\u00e9e<\/h2>\t\t\t\t<\/div>\n\t\t\t\t<div class=\"elementor-element elementor-element-89136c2 elementor-widget elementor-widget-text-editor\" data-id=\"89136c2\" data-element_type=\"widget\" data-e-type=\"widget\" data-widget_type=\"text-editor.default\">\n\t\t\t\t\t\t\t\t\t<p>Diff\u00e9rents centres de plong\u00e9e proposent diff\u00e9rents forfaits et se sp\u00e9cialisent dans <strong>diff\u00e9rents types de plong\u00e9e <\/strong>. Que vous soyez int\u00e9ress\u00e9 par les plong\u00e9es sur r\u00e9cifs, les plong\u00e9es sur \u00e9paves, les plong\u00e9es de nuit ou les certifications sp\u00e9cialis\u00e9es, choisissez un centre qui correspond \u00e0 <strong>vos pr\u00e9f\u00e9rences <\/strong>. Tenez compte de la vari\u00e9t\u00e9 des sites de plong\u00e9e qu&rsquo;ils proposent et s&rsquo;ils s&rsquo;adressent \u00e0 tous les niveaux de comp\u00e9tence, <strong>des d\u00e9butants aux plongeurs avanc\u00e9s <\/strong>.<\/p>\t\t\t\t\t\t\t\t<\/div>\n\t\t\t\t<div class=\"elementor-element elementor-element-168c8f43 elementor-widget elementor-widget-image\" data-id=\"168c8f43\" data-element_type=\"widget\" data-e-type=\"widget\" data-widget_type=\"image.default\">\n\t\t\t\t\t\t\t\t\t\t\t\t<figure class=\"wp-caption\">\n\t\t\t\t\t\t\t\t\t\t<img loading=\"lazy\" decoding=\"async\" width=\"1920\" height=\"960\" src=\"https:\/\/silentdivers.com\/wp-content\/uploads\/2024\/02\/dive-center-location-koh-samui.jpg\" class=\"attachment-full size-full wp-image-25025\" alt=\"Localisation du Centre de plong\u00e9e\" srcset=\"https:\/\/silentdivers.com\/wp-content\/uploads\/2024\/02\/dive-center-location-koh-samui.jpg 1920w, https:\/\/silentdivers.com\/wp-content\/uploads\/2024\/02\/dive-center-location-koh-samui-768x384.jpg 768w, https:\/\/silentdivers.com\/wp-content\/uploads\/2024\/02\/dive-center-location-koh-samui-600x300.jpg 600w\" sizes=\"auto, (max-width: 1920px) 100vw, 1920px\" \/>\t\t\t\t\t\t\t\t\t\t\t<figcaption class=\"widget-image-caption wp-caption-text\">Plage \u00e0 Ko Samui<\/figcaption>\n\t\t\t\t\t\t\t\t\t\t<\/figure>\n\t\t\t\t\t\t\t\t\t<\/div>\n\t\t\t\t<div class=\"elementor-element elementor-element-b5f1018 elementor-widget elementor-widget-heading\" data-id=\"b5f1018\" data-element_type=\"widget\" data-e-type=\"widget\" data-widget_type=\"heading.default\">\n\t\t\t\t\t<h2 class=\"elementor-heading-title elementor-size-default\">4. Petits groupes et attention personnalis\u00e9e<\/h2>\t\t\t\t<\/div>\n\t\t\t\t<div class=\"elementor-element elementor-element-32141ada elementor-widget elementor-widget-text-editor\" data-id=\"32141ada\" data-element_type=\"widget\" data-e-type=\"widget\" data-widget_type=\"text-editor.default\">\n\t\t\t\t\t\t\t\t\t<p>Optez pour un centre de plong\u00e9e qui valorise <strong>les petits groupes <\/strong>, offrant une exp\u00e9rience plus personnalis\u00e9e. Des groupes plus petits signifient souvent de meilleurs <strong>ratios instructeur\/plongeur <\/strong>, permettant une attention plus individuelle et un environnement de plong\u00e9e plus s\u00fbr. Ce cadre intime peut am\u00e9liorer votre <strong>exp\u00e9rience d&rsquo;apprentissage <\/strong>, surtout si vous \u00eates d\u00e9butant ou si vous recherchez des certifications sp\u00e9cifiques.<\/p>\t\t\t\t\t\t\t\t<\/div>\n\t\t\t\t<div class=\"elementor-element elementor-element-f45d729 elementor-widget elementor-widget-heading\" data-id=\"f45d729\" data-element_type=\"widget\" data-e-type=\"widget\" data-widget_type=\"heading.default\">\n\t\t\t\t\t<h2 class=\"elementor-heading-title elementor-size-default\">5. Responsabilit\u00e9 environnementale<\/h2>\t\t\t\t<\/div>\n\t\t\t\t<div class=\"elementor-element elementor-element-52e4b8bf elementor-widget elementor-widget-text-editor\" data-id=\"52e4b8bf\" data-element_type=\"widget\" data-e-type=\"widget\" data-widget_type=\"text-editor.default\">\n\t\t\t\t\t\t\t\t\t<p>\u00c0 mesure que la conscience environnementale grandit, de nombreux centres de plong\u00e9e adoptent des pratiques durables. Recherchez des centres qui participent activement \u00e0 <strong>la conservation des r\u00e9cifs coralliens, \u00e0 la protection marine et aux initiatives respectueuses de l&rsquo;environnement <\/strong>. Choisir un centre de plong\u00e9e engag\u00e9 dans la responsabilit\u00e9 environnementale vous permet de profiter de votre aventure sous-marine tout en contribuant \u00e0 la pr\u00e9servation des <span style=\"text-decoration: underline; color: #333333;\"><a style=\"color: #333333; text-decoration: underline;\" href=\"https:\/\/thaimarineguide.com\/guides\/marine-life\/\">\u00e9cosyst\u00e8mes marins.<\/a><\/span><\/p>\t\t\t\t\t\t\t\t<\/div>\n\t\t\t\t<div class=\"elementor-element elementor-element-9de3d44 elementor-widget elementor-widget-heading\" data-id=\"9de3d44\" data-element_type=\"widget\" data-e-type=\"widget\" data-widget_type=\"heading.default\">\n\t\t\t\t\t<h2 class=\"elementor-heading-title elementor-size-default\">6. Emplacement et accessibilit\u00e9<\/h2>\t\t\t\t<\/div>\n\t\t\t\t<div class=\"elementor-element elementor-element-64ad24e elementor-widget elementor-widget-text-editor\" data-id=\"64ad24e\" data-element_type=\"widget\" data-e-type=\"widget\" data-widget_type=\"text-editor.default\">\n\t\t\t\t\t\t\t\t\t<p>Consid\u00e9rez l&#8217;emplacement du centre de plong\u00e9e par rapport \u00e0 votre <strong>h\u00e9bergement et aux sites de plong\u00e9e <\/strong>. L&rsquo;acc\u00e8s pratique aux sites de plong\u00e9e minimise le temps de trajet et maximise votre temps sous l&rsquo;eau. De plus, v\u00e9rifiez si le centre assure <strong>le transport <\/strong>vers et depuis les sites de plong\u00e9e, rendant ainsi votre exp\u00e9rience globale de plong\u00e9e plus fluide.<\/p>\t\t\t\t\t\t\t\t<\/div>\n\t\t\t\t<div class=\"elementor-element elementor-element-b0d8638 elementor-widget elementor-widget-heading\" data-id=\"b0d8638\" data-element_type=\"widget\" data-e-type=\"widget\" data-widget_type=\"heading.default\">\n\t\t\t\t\t<h2 class=\"elementor-heading-title elementor-size-default\">7. Transparence des prix<\/h2>\t\t\t\t<\/div>\n\t\t\t\t<div class=\"elementor-element elementor-element-b1fa1f4 elementor-widget elementor-widget-text-editor\" data-id=\"b1fa1f4\" data-element_type=\"widget\" data-e-type=\"widget\" data-widget_type=\"text-editor.default\">\n\t\t\t\t\t\t\t\t\t<p>Bien que le co\u00fbt soit un facteur, il ne devrait pas \u00eatre le seul d\u00e9terminant dans le choix d&rsquo;un centre de plong\u00e9e . Recherchez la <strong>transparence des prix <\/strong>, sans frais cach\u00e9s. Assurez-vous que le prix indiqu\u00e9 comprend les \u00e9l\u00e9ments essentiels tels que <strong>la location du mat\u00e9riel, les frais de bateau et les frais de certification <\/strong>. Une ventilation claire des co\u00fbts vous aide \u00e0 prendre une d\u00e9cision \u00e9clair\u00e9e et \u00e0 \u00e9viter les surprises.<\/p><p>En conclusion, s\u00e9lectionner le bon centre de plong\u00e9e est une \u00e9tape cruciale pour pr\u00e9parer le terrain pour une aventure sous-marine inoubliable. En tenant compte de facteurs tels que <strong>la s\u00e9curit\u00e9, la r\u00e9putation, les sp\u00e9cialit\u00e9s et la responsabilit\u00e9 environnementale <\/strong>, vous pouvez faire un choix \u00e9clair\u00e9 qui correspond \u00e0 vos objectifs de plong\u00e9e et garantit une exp\u00e9rience positive et enrichissante sous les vagues.<\/p>\t\t\t\t\t\t\t\t<\/div>\n\t\t\t\t<div class=\"elementor-element elementor-element-6d2c414 elementor-widget elementor-widget-image\" data-id=\"6d2c414\" data-element_type=\"widget\" data-e-type=\"widget\" data-widget_type=\"image.default\">\n\t\t\t\t\t\t\t\t\t\t\t\t<figure class=\"wp-caption\">\n\t\t\t\t\t\t\t\t\t\t<img loading=\"lazy\" decoding=\"async\" width=\"1920\" height=\"1281\" src=\"https:\/\/silentdivers.com\/wp-content\/uploads\/2024\/02\/5b676840fc6324989690b51c47ef027a.webp\" class=\"attachment-full size-full wp-image-24193\" alt=\"Centre de plong\u00e9e \u00e0 Koh Samui\" srcset=\"https:\/\/silentdivers.com\/wp-content\/uploads\/2024\/02\/5b676840fc6324989690b51c47ef027a.webp 1920w, https:\/\/silentdivers.com\/wp-content\/uploads\/2024\/02\/5b676840fc6324989690b51c47ef027a-768x512.webp 768w, https:\/\/silentdivers.com\/wp-content\/uploads\/2024\/02\/5b676840fc6324989690b51c47ef027a-600x400.webp 600w\" sizes=\"auto, (max-width: 1920px) 100vw, 1920px\" \/>\t\t\t\t\t\t\t\t\t\t\t<figcaption class=\"widget-image-caption wp-caption-text\">Centre de plong\u00e9e Silent Divers<\/figcaption>\n\t\t\t\t\t\t\t\t\t\t<\/figure>\n\t\t\t\t\t\t\t\t\t<\/div>\n\t\t\t\t\t<\/div>\n\t\t\t\t<\/div>\n\t\t\t\t<section class=\"elementor-section elementor-top-section elementor-element elementor-element-721fdcd6 elementor-section-stretched elementor-section-full_width elementor-section-height-default elementor-section-height-default\" data-id=\"721fdcd6\" data-element_type=\"section\" data-e-type=\"section\" data-settings=\"{&quot;stretch_section&quot;:&quot;section-stretched&quot;,&quot;background_background&quot;:&quot;classic&quot;}\">\n\t\t\t\t\t\t\t<div class=\"elementor-background-overlay\"><\/div>\n\t\t\t\t\t\t\t<div class=\"elementor-container elementor-column-gap-default\">\n\t\t\t\t\t<div class=\"elementor-column elementor-col-100 elementor-top-column elementor-element elementor-element-5cc2cdbe\" data-id=\"5cc2cdbe\" data-element_type=\"column\" data-e-type=\"column\" data-settings=\"{&quot;background_background&quot;:&quot;classic&quot;}\">\n\t\t\t<div class=\"elementor-widget-wrap elementor-element-populated\">\n\t\t\t\t\t\t<div class=\"elementor-element elementor-element-4ccebcf elementor-flip-box--effect-flip elementor-flip-box--direction-up elementor-widget elementor-widget-flip-box\" data-id=\"4ccebcf\" data-element_type=\"widget\" data-e-type=\"widget\" data-widget_type=\"flip-box.default\">\n\t\t\t\t\t\t\t<div class=\"elementor-flip-box\" tabindex=\"0\">\n\t\t\t<div class=\"elementor-flip-box__layer elementor-flip-box__front\">\n\t\t\t\t<div class=\"elementor-flip-box__layer__overlay\">\n\t\t\t\t\t<div class=\"elementor-flip-box__layer__inner\">\n\t\t\t\t\t\t\t\t\t\t\t\t\t<div class=\"elementor-icon-wrapper elementor-view-default\">\n\t\t\t\t\t\t\t\t<div class=\"elementor-icon\">\n\t\t\t\t\t\t\t\t\t<svg aria-hidden=\"true\" class=\"e-font-icon-svg e-far-grin-stars\" viewBox=\"0 0 496 512\" xmlns=\"http:\/\/www.w3.org\/2000\/svg\"><path d=\"M248 8C111 8 0 119 0 256s111 248 248 248 248-111 248-248S385 8 248 8zm0 448c-110.3 0-200-89.7-200-200S137.7 56 248 56s200 89.7 200 200-89.7 200-200 200zm105.6-151.4c-25.9 8.3-64.4 13.1-105.6 13.1s-79.6-4.8-105.6-13.1c-9.8-3.1-19.4 5.3-17.7 15.3 7.9 47.2 71.3 80 123.3 80s115.3-32.9 123.3-80c1.6-9.8-7.7-18.4-17.7-15.3zm-227.9-57.5c-1 6.2 5.4 11 11 7.9l31.3-16.3 31.3 16.3c5.6 3.1 12-1.7 11-7.9l-6-34.9 25.4-24.6c4.5-4.5 1.9-12.2-4.3-13.2l-34.9-5-15.5-31.6c-2.9-5.8-11-5.8-13.9 0l-15.5 31.6-34.9 5c-6.2.9-8.9 8.6-4.3 13.2l25.4 24.6-6.1 34.9zm259.7-72.7l-34.9-5-15.5-31.6c-2.9-5.8-11-5.8-13.9 0l-15.5 31.6-34.9 5c-6.2.9-8.9 8.6-4.3 13.2l25.4 24.6-6 34.9c-1 6.2 5.4 11 11 7.9l31.3-16.3 31.3 16.3c5.6 3.1 12-1.7 11-7.9l-6-34.9 25.4-24.6c4.5-4.6 1.8-12.2-4.4-13.2z\"><\/path><\/svg>\t\t\t\t\t\t\t\t<\/div>\n\t\t\t\t\t\t\t<\/div>\n\t\t\t\t\t\t\n\t\t\t\t\t\t\t\t\t\t\t\t\t<h3 class=\"elementor-flip-box__layer__title\">\n\t\t\t\t\t\t\t\tPLONGEZ PLUS, PLONGEZ MOINS CHER !\t\t\t\t\t\t\t<\/h3>\n\t\t\t\t\t\t\n\t\t\t\t\t\t\t\t\t\t\t\t\t<div class=\"elementor-flip-box__layer__description\">\n\t\t\t\t\t\t\t\tConnaissez-vous nos FORFAITS SP\u00c9CIAUX?\t\t\t\t\t\t\t<\/div>\n\t\t\t\t\t\t\t\t\t\t\t<\/div>\n\t\t\t\t<\/div>\n\t\t\t<\/div>\n\t\t\t<div class=\"elementor-flip-box__layer elementor-flip-box__back\">\n\t\t\t<div class=\"elementor-flip-box__layer__overlay\">\n\t\t\t\t<div class=\"elementor-flip-box__layer__inner\">\n\t\t\t\t\t\t\t\t\t\t\t<h3 class=\"elementor-flip-box__layer__title\">\n\t\t\t\t\t\t\tUP TO 16% OFF!\t\t\t\t\t\t<\/h3>\n\t\t\t\t\t\n\t\t\t\t\t\t\t\t\t\t\t<div class=\"elementor-flip-box__layer__description\">\n\t\t\t\t\t\t\tR\u00e9servez plus de jours avec Silent Divers et b\u00e9n\u00e9ficiez de r\u00e9ductions incroyables.<br>\n<br>\n\n<strong>2 JOURS-13% DE R\u00c9DUCTION<\/strong><br>\n<strong>3 JOURS-14% DE R\u00c9DUCTION<\/strong><br>\n<strong>4 JOURS-15% DE R\u00c9DUCTION<\/strong><br>\n<strong>5 JOURS-16% DE R\u00c9DUCTION<\/strong>\t\t\t\t\t\t<\/div>\n\t\t\t\t\t\n\t\t\t\t\t\t\t\t\t\t\t<a class=\"elementor-flip-box__button elementor-button elementor-size-sm\" href=\"#elementor-action%3Aaction%3Dpopup%3Aopen%26settings%3DeyJpZCI6MjU3NzAsInRvZ2dsZSI6ZmFsc2V9\">\n\t\t\t\t\t\t\tCLIQUEZ!\t\t\t\t\t\t<\/a>\n\t\t\t\t\t\t\t\t<\/div>\n\t\t<\/div>\n\t\t<\/div>\n\t\t<\/div>\n\t\t\t\t\t\t<\/div>\n\t\t\t\t\t<\/div>\n\t\t<\/div>\n\t\t\t\t\t<\/div>\n\t\t<\/section>\n\t\t<div class=\"elementor-element elementor-element-488b890c e-con-full e-flex e-con e-parent\" data-id=\"488b890c\" data-element_type=\"container\" data-e-type=\"container\">\n\t\t\t\t<div class=\"elementor-element elementor-element-1e729fa elementor-widget elementor-widget-spacer\" data-id=\"1e729fa\" data-element_type=\"widget\" data-e-type=\"widget\" data-widget_type=\"spacer.default\">\n\t\t\t\t\t\t\t<div class=\"elementor-spacer\">\n\t\t\t<div class=\"elementor-spacer-inner\"><\/div>\n\t\t<\/div>\n\t\t\t\t\t\t<\/div>\n\t\t\t\t<div class=\"elementor-element elementor-element-55a8d189 elementor-widget elementor-widget-spacer\" data-id=\"55a8d189\" data-element_type=\"widget\" data-e-type=\"widget\" data-widget_type=\"spacer.default\">\n\t\t\t\t\t\t\t<div class=\"elementor-spacer\">\n\t\t\t<div class=\"elementor-spacer-inner\"><\/div>\n\t\t<\/div>\n\t\t\t\t\t\t<\/div>\n\t\t\t\t<div class=\"elementor-element elementor-element-1a9d6c50 elementor-widget elementor-widget-heading\" data-id=\"1a9d6c50\" data-element_type=\"widget\" data-e-type=\"widget\" data-widget_type=\"heading.default\">\n\t\t\t\t\t<h2 class=\"elementor-heading-title elementor-size-default\">Autres services chez Silent Divers<\/h2>\t\t\t\t<\/div>\n\t\t\t\t<div class=\"elementor-element elementor-element-3c9b4bf4 elementor-widget elementor-widget-spacer\" data-id=\"3c9b4bf4\" data-element_type=\"widget\" data-e-type=\"widget\" data-widget_type=\"spacer.default\">\n\t\t\t\t\t\t\t<div class=\"elementor-spacer\">\n\t\t\t<div class=\"elementor-spacer-inner\"><\/div>\n\t\t<\/div>\n\t\t\t\t\t\t<\/div>\n\t\t<div class=\"elementor-element elementor-element-4dad9035 e-flex e-con-boxed e-con e-child\" data-id=\"4dad9035\" data-element_type=\"container\" data-e-type=\"container\" data-settings=\"{&quot;background_background&quot;:&quot;classic&quot;}\">\n\t\t\t\t\t<div class=\"e-con-inner\">\n\t\t\t\t<div class=\"elementor-element elementor-element-2051665a elementor-cta--skin-cover elementor-animated-content elementor-bg-transform elementor-bg-transform-zoom-in elementor-widget elementor-widget-call-to-action\" data-id=\"2051665a\" data-element_type=\"widget\" data-e-type=\"widget\" data-widget_type=\"call-to-action.default\">\n\t\t\t\t\t\t\t<div class=\"elementor-cta\">\n\t\t\t\t\t<div class=\"elementor-cta__bg-wrapper\">\n\t\t\t\t<div class=\"elementor-cta__bg elementor-bg\" style=\"background-image: url(https:\/\/silentdivers.com\/wp-content\/uploads\/2023\/11\/whale-shark-in-sail-rock-samui-3.jpg);\" role=\"img\" aria-label=\"Un requin-baleine nage sous l&#039;eau avec la bouche partiellement ouverte. L&#039;eau de l&#039;oc\u00e9an est claire, laissant appara\u00eetre les taches blanches caract\u00e9ristiques du requin-baleine et sa grande taille. Les mots \u00ab SILENT DIVERS \u00bb sont visibles sur l&#039;image.\"><\/div>\n\t\t\t\t<div class=\"elementor-cta__bg-overlay\"><\/div>\n\t\t\t<\/div>\n\t\t\t\t\t\t\t<div class=\"elementor-cta__content\">\n\t\t\t\t\n\t\t\t\t\t\t\t\t\t<h3 class=\"elementor-cta__title elementor-cta__content-item elementor-content-item elementor-animated-item--grow\">\n\t\t\t\t\t\tTours de plong\u00e9e\t\t\t\t\t<\/h3>\n\t\t\t\t\n\t\t\t\t\t\t\t\t\t<div class=\"elementor-cta__description elementor-cta__content-item elementor-content-item elementor-animated-item--grow\">\n\t\t\t\t\t\tLes tours de plong\u00e9e que nous proposons et vous pouvez r\u00e9server celle qui correspond le mieux \u00e0 vos int\u00e9r\u00eats et \u00e0 ceux de vos compagnons.\t\t\t\t\t<\/div>\n\t\t\t\t\n\t\t\t\t\t\t\t\t\t<div class=\"elementor-cta__button-wrapper elementor-cta__content-item elementor-content-item elementor-animated-item--grow\">\n\t\t\t\t\t<a class=\"elementor-cta__button elementor-button elementor-size-md\" href=\"https:\/\/silentdivers.com\/fr\/tours-plongee-koh-samui-thailande\/\">\n\t\t\t\t\t\tRESERVER!\t\t\t\t\t<\/a>\n\t\t\t\t\t<\/div>\n\t\t\t\t\t\t\t<\/div>\n\t\t\t\t\t\t<\/div>\n\t\t\t\t\t\t<\/div>\n\t\t\t\t<div class=\"elementor-element elementor-element-61c5df12 elementor-cta--skin-cover elementor-animated-content elementor-bg-transform elementor-bg-transform-zoom-in elementor-widget elementor-widget-call-to-action\" data-id=\"61c5df12\" data-element_type=\"widget\" data-e-type=\"widget\" data-widget_type=\"call-to-action.default\">\n\t\t\t\t\t\t\t<div class=\"elementor-cta\">\n\t\t\t\t\t<div class=\"elementor-cta__bg-wrapper\">\n\t\t\t\t<div class=\"elementor-cta__bg elementor-bg\" style=\"background-image: url(https:\/\/silentdivers.com\/wp-content\/uploads\/2023\/11\/private-tours-samui-silent-divers.jpg);\" role=\"img\" aria-label=\"private-tours-samui-silent-divers\"><\/div>\n\t\t\t\t<div class=\"elementor-cta__bg-overlay\"><\/div>\n\t\t\t<\/div>\n\t\t\t\t\t\t\t<div class=\"elementor-cta__content\">\n\t\t\t\t\n\t\t\t\t\t\t\t\t\t<h3 class=\"elementor-cta__title elementor-cta__content-item elementor-content-item elementor-animated-item--grow\">\n\t\t\t\t\t\tPriv\u00e9es\t\t\t\t\t<\/h3>\n\t\t\t\t\n\t\t\t\t\t\t\t\t\t<div class=\"elementor-cta__description elementor-cta__content-item elementor-content-item elementor-animated-item--grow\">\n\t\t\t\t\t\tNous proposons des circuits sur mesure et vous pouvez choisir celui qui correspond le mieux \u00e0 vos int\u00e9r\u00eats et \u00e0 ceux de vos compagnons.\t\t\t\t\t<\/div>\n\t\t\t\t\n\t\t\t\t\t\t\t\t\t<div class=\"elementor-cta__button-wrapper elementor-cta__content-item elementor-content-item elementor-animated-item--grow\">\n\t\t\t\t\t<a class=\"elementor-cta__button elementor-button elementor-size-md\" href=\"https:\/\/silentdivers.com\/fr\/tours-bateau-prive-samui-thailande\/\">\n\t\t\t\t\t\tRESERVER!\t\t\t\t\t<\/a>\n\t\t\t\t\t<\/div>\n\t\t\t\t\t\t\t<\/div>\n\t\t\t\t\t\t<\/div>\n\t\t\t\t\t\t<\/div>\n\t\t\t\t<div class=\"elementor-element elementor-element-65553fa9 elementor-cta--skin-cover elementor-animated-content elementor-bg-transform elementor-bg-transform-zoom-in elementor-widget elementor-widget-call-to-action\" data-id=\"65553fa9\" data-element_type=\"widget\" data-e-type=\"widget\" data-widget_type=\"call-to-action.default\">\n\t\t\t\t\t\t\t<div class=\"elementor-cta\">\n\t\t\t\t\t<div class=\"elementor-cta__bg-wrapper\">\n\t\t\t\t<div class=\"elementor-cta__bg elementor-bg\" style=\"background-image: url(https:\/\/silentdivers.com\/wp-content\/uploads\/2023\/11\/snorkel-tours-samui-silent-divers.jpg);\" role=\"img\" aria-label=\"snorkel-tours-samui-silent-divers\"><\/div>\n\t\t\t\t<div class=\"elementor-cta__bg-overlay\"><\/div>\n\t\t\t<\/div>\n\t\t\t\t\t\t\t<div class=\"elementor-cta__content\">\n\t\t\t\t\n\t\t\t\t\t\t\t\t\t<h3 class=\"elementor-cta__title elementor-cta__content-item elementor-content-item elementor-animated-item--grow\">\n\t\t\t\t\t\tSnorkel\t\t\t\t\t<\/h3>\n\t\t\t\t\n\t\t\t\t\t\t\t\t\t<div class=\"elementor-cta__description elementor-cta__content-item elementor-content-item elementor-animated-item--grow\">\n\t\t\t\t\t\tLes tours de plong\u00e9e en apn\u00e9e que nous proposons et vous pouvez r\u00e9server celle qui correspond le mieux \u00e0 vos int\u00e9r\u00eats et \u00e0 ceux de vos compagnons.\t\t\t\t\t<\/div>\n\t\t\t\t\n\t\t\t\t\t\t\t\t\t<div class=\"elementor-cta__button-wrapper elementor-cta__content-item elementor-content-item elementor-animated-item--grow\">\n\t\t\t\t\t<a class=\"elementor-cta__button elementor-button elementor-size-md\" href=\"https:\/\/silentdivers.com\/fr\/snorkel-tours-koh-samui-thailande\/\">\n\t\t\t\t\t\tRESERVER!\t\t\t\t\t<\/a>\n\t\t\t\t\t<\/div>\n\t\t\t\t\t\t\t<\/div>\n\t\t\t\t\t\t<\/div>\n\t\t\t\t\t\t<\/div>\n\t\t\t\t\t<\/div>\n\t\t\t\t<\/div>\n\t\t\t\t<\/div>\n\t\t\t\t<\/div>\n\t\t","protected":false},"excerpt":{"rendered":"<p>Choisir le bon centre de plong\u00e9e est une \u00e9tape cruciale pour garantir une exp\u00e9rience de plong\u00e9e s\u00fbre, agr\u00e9able et m\u00e9morable. Avec d&rsquo;innombrables options disponibles, il est essentiel de prendre en compte plusieurs facteurs pour trouver le centre de plong\u00e9e qui correspond le mieux \u00e0 vos besoins et pr\u00e9f\u00e9rences . 1. Certification et r\u00e9putation Commencez votre [&hellip;]<\/p>\n","protected":false},"author":1,"featured_media":24198,"parent":0,"menu_order":0,"comment_status":"closed","ping_status":"closed","template":"elementor_header_footer","meta":{"inline_featured_image":false,"footnotes":""},"class_list":["post-25048","page","type-page","status-publish","has-post-thumbnail","hentry"],"aioseo_notices":[],"_links":{"self":[{"href":"https:\/\/silentdivers.com\/fr\/wp-json\/wp\/v2\/pages\/25048","targetHints":{"allow":["GET"]}}],"collection":[{"href":"https:\/\/silentdivers.com\/fr\/wp-json\/wp\/v2\/pages"}],"about":[{"href":"https:\/\/silentdivers.com\/fr\/wp-json\/wp\/v2\/types\/page"}],"author":[{"embeddable":true,"href":"https:\/\/silentdivers.com\/fr\/wp-json\/wp\/v2\/users\/1"}],"replies":[{"embeddable":true,"href":"https:\/\/silentdivers.com\/fr\/wp-json\/wp\/v2\/comments?post=25048"}],"version-history":[{"count":0,"href":"https:\/\/silentdivers.com\/fr\/wp-json\/wp\/v2\/pages\/25048\/revisions"}],"wp:featuredmedia":[{"embeddable":true,"href":"https:\/\/silentdivers.com\/fr\/wp-json\/wp\/v2\/media\/24198"}],"wp:attachment":[{"href":"https:\/\/silentdivers.com\/fr\/wp-json\/wp\/v2\/media?parent=25048"}],"curies":[{"name":"wp","href":"https:\/\/api.w.org\/{rel}","templated":true}]}}