{"id":24876,"date":"2024-02-11T16:13:23","date_gmt":"2024-02-11T09:13:23","guid":{"rendered":"https:\/\/sd2023.silentdivers.com\/climate-in-koh-samui-vs-phuket\/"},"modified":"2024-02-12T17:17:39","modified_gmt":"2024-02-12T10:17:39","slug":"climat-koh-samui-et-phuket-pour-voyageurs","status":"publish","type":"page","link":"https:\/\/silentdivers.com\/fr\/climat-koh-samui-et-phuket-pour-voyageurs\/","title":{"rendered":"Climat \u00e0 Koh Samui et Phuket pour voyageurs"},"content":{"rendered":"\t\t<div data-elementor-type=\"wp-page\" data-elementor-id=\"24876\" class=\"elementor elementor-24876 elementor-24877\" data-elementor-post-type=\"page\">\n\t\t\t\t<div class=\"elementor-element elementor-element-6e8a10b e-flex e-con-boxed e-con e-parent\" data-id=\"6e8a10b\" data-element_type=\"container\" data-e-type=\"container\" data-settings=\"{&quot;background_background&quot;:&quot;classic&quot;}\">\n\t\t\t\t\t<div class=\"e-con-inner\">\n\t\t\t\t\t<\/div>\n\t\t\t\t<\/div>\n\t\t<div class=\"elementor-element elementor-element-276b25f e-flex e-con-boxed e-con e-parent\" data-id=\"276b25f\" data-element_type=\"container\" data-e-type=\"container\">\n\t\t\t\t\t<div class=\"e-con-inner\">\n\t\t\t\t<div class=\"elementor-element elementor-element-b56e55c elementor-widget elementor-widget-spacer\" data-id=\"b56e55c\" data-element_type=\"widget\" data-e-type=\"widget\" data-widget_type=\"spacer.default\">\n\t\t\t\t\t\t\t<div class=\"elementor-spacer\">\n\t\t\t<div class=\"elementor-spacer-inner\"><\/div>\n\t\t<\/div>\n\t\t\t\t\t\t<\/div>\n\t\t\t\t<div class=\"elementor-element elementor-element-99298f0 elementor-widget elementor-widget-text-editor\" data-id=\"99298f0\" data-element_type=\"widget\" data-e-type=\"widget\" data-widget_type=\"text-editor.default\">\n\t\t\t\t\t\t\t\t\t<p>La Tha\u00eflande, c\u00e9l\u00e8bre pour ses plages immacul\u00e9es et sa culture dynamique, attire chaque ann\u00e9e des millions de voyageurs vers son paradis tropical. Parmi ses destinations illustres, Koh Samui sur le <strong>golfe de Tha\u00eflande <\/strong>appara\u00eet comme un joyau captivant avec sa tapisserie saisonni\u00e8re unique. Dans cette exploration, nous nous penchons sur les r\u00e9gimes m\u00e9t\u00e9orologiques distinctifs, les saisons pluvieuses et s\u00e8ches contrast\u00e9es et les variations de temp\u00e9rature qui d\u00e9finissent le havre tropical de Koh Samui, le distinguant de la c\u00e9l\u00e8bre Phuket sur la <strong>mer d&rsquo;Andaman.<\/strong><\/p>\t\t\t\t\t\t\t\t<\/div>\n\t\t\t\t<div class=\"elementor-element elementor-element-8ad304b elementor-widget elementor-widget-heading\" data-id=\"8ad304b\" data-element_type=\"widget\" data-e-type=\"widget\" data-widget_type=\"heading.default\">\n\t\t\t\t\t<h2 class=\"elementor-heading-title elementor-size-default\">Phuket sur la mer d'Andaman<\/h2>\t\t\t\t<\/div>\n\t\t\t\t<div class=\"elementor-element elementor-element-f6d6834 elementor-widget elementor-widget-text-editor\" data-id=\"f6d6834\" data-element_type=\"widget\" data-e-type=\"widget\" data-widget_type=\"text-editor.default\">\n\t\t\t\t\t\t\t\t\t<p>Nich\u00e9e le long de la mer d&rsquo;Andaman, <strong>Phuket <\/strong>b\u00e9n\u00e9ficie d&rsquo;un climat tropical de mousson, caract\u00e9ris\u00e9 par deux saisons importantes : la saison s\u00e8che et la saison des pluies. De novembre \u00e0 avril, l&rsquo;\u00eele baigne dans des journ\u00e9es ensoleill\u00e9es et des temp\u00e9ratures agr\u00e9ables allant de <span style=\"text-decoration: underline;\"><a href=\"https:\/\/www.accuweather.com\/en\/th\/mueang-phuket\/320075\/weather-forecast\/320075\"><span style=\"color: #333333; text-decoration: underline;\">24\u00b0C \u00e0 32\u00b0C<\/span> <\/a><\/span>, ce qui en fait une p\u00e9riode idyllique pour les activit\u00e9s de plage, les sports nautiques et l&rsquo;exploration culturelle.<\/p><p>La transition vers la mousson du sud-ouest en avril marque le d\u00e9but de la saison des pluies, qui s&rsquo;\u00e9tend de mai \u00e0 octobre. Malgr\u00e9 l&rsquo;augmentation des pr\u00e9cipitations, Phuket reste luxuriante et accueillante, avec des temp\u00e9ratures allant de 24\u00b0C \u00e0 30\u00b0C, offrant un d\u00e9licieux r\u00e9pit contre la chaleur de la saison s\u00e8che.<\/p>\t\t\t\t\t\t\t\t<\/div>\n\t\t\t\t<div class=\"elementor-element elementor-element-1fc3556 elementor-widget elementor-widget-image\" data-id=\"1fc3556\" data-element_type=\"widget\" data-e-type=\"widget\" data-widget_type=\"image.default\">\n\t\t\t\t\t\t\t\t\t\t\t\t<figure class=\"wp-caption\">\n\t\t\t\t\t\t\t\t\t\t<img loading=\"lazy\" decoding=\"async\" width=\"1920\" height=\"960\" src=\"https:\/\/silentdivers.com\/wp-content\/uploads\/2024\/02\/phuket-weather-andaman-sea.jpg\" class=\"attachment-full size-full wp-image-24819\" alt=\"\u00celes de la mer d&#039;Andaman\" srcset=\"https:\/\/silentdivers.com\/wp-content\/uploads\/2024\/02\/phuket-weather-andaman-sea.jpg 1920w, https:\/\/silentdivers.com\/wp-content\/uploads\/2024\/02\/phuket-weather-andaman-sea-768x384.jpg 768w, https:\/\/silentdivers.com\/wp-content\/uploads\/2024\/02\/phuket-weather-andaman-sea-600x300.jpg 600w\" sizes=\"auto, (max-width: 1920px) 100vw, 1920px\" \/>\t\t\t\t\t\t\t\t\t\t\t<figcaption class=\"widget-image-caption wp-caption-text\">\u00celes de la mer d'Andaman<\/figcaption>\n\t\t\t\t\t\t\t\t\t\t<\/figure>\n\t\t\t\t\t\t\t\t\t<\/div>\n\t\t\t\t<div class=\"elementor-element elementor-element-6db5963 elementor-widget elementor-widget-heading\" data-id=\"6db5963\" data-element_type=\"widget\" data-e-type=\"widget\" data-widget_type=\"heading.default\">\n\t\t\t\t\t<h2 class=\"elementor-heading-title elementor-size-default\"><p style=\"margin: 0cm;font-size: 12pt;font-family: Aptos, sans-serif;font-weight: 400;background-image: initial;background-position: initial;background-size: initial;background-repeat: initial;background-attachment: initial\"><b><span lang=\"fr\" style=\"font-size: 34.5pt;, sans-serif\">Koh Samui sur le golfe de Tha\u00eflande<\/span><\/b><span style=\"font-size: 46px;font-weight: bold;text-align: var(--text-align);color: var(--body-color);font-family: var(--bs-font-sans-serif)\"><\/span><\/p><\/h2>\t\t\t\t<\/div>\n\t\t\t\t<div class=\"elementor-element elementor-element-8c04ba4 elementor-widget elementor-widget-text-editor\" data-id=\"8c04ba4\" data-element_type=\"widget\" data-e-type=\"widget\" data-widget_type=\"text-editor.default\">\n\t\t\t\t\t\t\t\t\t<p>De l&rsquo;autre c\u00f4t\u00e9 du pays, <strong>Koh Samui <\/strong>, perch\u00e9e sur le golfe de Tha\u00eflande, b\u00e9n\u00e9ficie d&rsquo;un climat tropical de mousson avec son propre rythme saisonnier. La saison s\u00e8che de l&rsquo;\u00eele s&rsquo;\u00e9tend de d\u00e9cembre \u00e0 f\u00e9vrier, salu\u00e9e par la mousson rafra\u00eechissante du nord-est. Cette p\u00e9riode est caract\u00e9ris\u00e9e par un ciel d\u00e9gag\u00e9, des brises douces et des temp\u00e9ratures allant de <span style=\"text-decoration: underline; color: #333333;\"><a style=\"color: #333333; text-decoration: underline;\" href=\"https:\/\/www.accuweather.com\/en\/th\/ko-samui\/5470\/weather-forecast\/5470\">25\u00b0C \u00e0 32\u00b0C <\/a><\/span>\u2013 des conditions id\u00e9ales pour les amateurs de plage, d&rsquo;activit\u00e9s de plein air et d&rsquo;\u00e9v\u00e9nements festifs.<\/p><p>La saison chaude s&rsquo;\u00e9tend de mars \u00e0 ao\u00fbt o\u00f9 les temp\u00e9ratures moyennes d\u00e9passeront 30\u00b0C avec des averses occasionnelles l&rsquo;apr\u00e8s-midi. De septembre \u00e0 novembre, Koh Samui entre gracieusement dans sa saison des pluies avec l&rsquo;arriv\u00e9e de la mousson du sud-ouest, apportant des pr\u00e9cipitations plus abondantes et des temp\u00eates occasionnelles.<\/p><p>Malgr\u00e9 la pluie, les temp\u00e9ratures oscillent entre 24\u00b0C et 31\u00b0C, cr\u00e9ant un paysage luxuriant et charmant unique \u00e0 ce havre tropical.<\/p>\t\t\t\t\t\t\t\t<\/div>\n\t\t\t\t<div class=\"elementor-element elementor-element-70934b4 elementor-widget elementor-widget-image\" data-id=\"70934b4\" data-element_type=\"widget\" data-e-type=\"widget\" data-widget_type=\"image.default\">\n\t\t\t\t\t\t\t\t\t\t\t\t<figure class=\"wp-caption\">\n\t\t\t\t\t\t\t\t\t\t<img loading=\"lazy\" decoding=\"async\" width=\"1920\" height=\"960\" src=\"https:\/\/silentdivers.com\/wp-content\/uploads\/2024\/02\/lamai-beach-weather-koh-samui.jpg\" class=\"attachment-full size-full wp-image-24828\" alt=\"M\u00e9t\u00e9o Plage de Lamai Ko Samui\" srcset=\"https:\/\/silentdivers.com\/wp-content\/uploads\/2024\/02\/lamai-beach-weather-koh-samui.jpg 1920w, https:\/\/silentdivers.com\/wp-content\/uploads\/2024\/02\/lamai-beach-weather-koh-samui-768x384.jpg 768w, https:\/\/silentdivers.com\/wp-content\/uploads\/2024\/02\/lamai-beach-weather-koh-samui-600x300.jpg 600w\" sizes=\"auto, (max-width: 1920px) 100vw, 1920px\" \/>\t\t\t\t\t\t\t\t\t\t\t<figcaption class=\"widget-image-caption wp-caption-text\">Plage de Lamai Ko Samui<\/figcaption>\n\t\t\t\t\t\t\t\t\t\t<\/figure>\n\t\t\t\t\t\t\t\t\t<\/div>\n\t\t\t\t<div class=\"elementor-element elementor-element-ed42755 elementor-widget elementor-widget-heading\" data-id=\"ed42755\" data-element_type=\"widget\" data-e-type=\"widget\" data-widget_type=\"heading.default\">\n\t\t\t\t\t<h2 class=\"elementor-heading-title elementor-size-default\">Comparer les saisons<\/h2>\t\t\t\t<\/div>\n\t\t\t\t<div class=\"elementor-element elementor-element-cf26abd elementor-widget elementor-widget-text-editor\" data-id=\"cf26abd\" data-element_type=\"widget\" data-e-type=\"widget\" data-widget_type=\"text-editor.default\">\n\t\t\t\t\t\t\t\t\t<p>Bien que Phuket et Koh Samui partagent des climats tropicaux de mousson, le d\u00e9calage de leurs saisons d\u00fb \u00e0 leur situation g\u00e9ographique permet aux voyageurs de d\u00e9couvrir la beaut\u00e9 diversifi\u00e9e de la Tha\u00eflande tout au long de l&rsquo;ann\u00e9e. La haute saison touristique <strong>de Phuket <\/strong>correspond \u00e0 sa saison s\u00e8che de <strong>novembre \u00e0 avril <\/strong>, tandis que les meilleurs mois <strong>de Koh Samui s&rsquo;\u00e9tendent de d\u00e9cembre \u00e0 ao\u00fbt <\/strong>. Les voyageurs souhaitant explorer les deux destinations sans rencontrer de fortes pluies peuvent planifier strat\u00e9giquement leurs visites, en capitalisant sur les saisons compl\u00e9mentaires offertes par ces deux paradis tropicaux.<\/p>\t\t\t\t\t\t\t\t<\/div>\n\t\t\t\t<div class=\"elementor-element elementor-element-a38f173 elementor-widget elementor-widget-heading\" data-id=\"a38f173\" data-element_type=\"widget\" data-e-type=\"widget\" data-widget_type=\"heading.default\">\n\t\t\t\t\t<h2 class=\"elementor-heading-title elementor-size-default\">Conclusion<\/h2>\t\t\t\t<\/div>\n\t\t\t\t<div class=\"elementor-element elementor-element-3ffd8a5 elementor-widget elementor-widget-text-editor\" data-id=\"3ffd8a5\" data-element_type=\"widget\" data-e-type=\"widget\" data-widget_type=\"text-editor.default\">\n\t\t\t\t\t\t\t\t\t<p><strong>Koh Samui, <\/strong>sur le <strong>golfe de Tha\u00eflande, <\/strong>se distingue comme un phare d&rsquo;attrait tropical, offrant des exp\u00e9riences captivantes tout au long de l&rsquo;ann\u00e9e. Qu&rsquo;il s&rsquo;agisse de se pr\u00e9lasser au soleil sur ses rives sablonneuses ou de s&rsquo;immerger dans le charme de sa saison des pluies, Koh Samui invite les voyageurs \u00e0 explorer son ensemble unique de merveilles m\u00e9t\u00e9orologiques. Dans ce havre tropical, la beaut\u00e9 diversifi\u00e9e de la Tha\u00eflande se d\u00e9voile, invitant les vagabonds \u00e0 profiter des charmes saisonniers distinctifs que Koh Samui offre sans faille.<\/p>\t\t\t\t\t\t\t\t<\/div>\n\t\t\t\t<div class=\"elementor-element elementor-element-5ee1265 elementor-widget elementor-widget-image\" data-id=\"5ee1265\" data-element_type=\"widget\" data-e-type=\"widget\" data-widget_type=\"image.default\">\n\t\t\t\t\t\t\t\t\t\t\t\t<figure class=\"wp-caption\">\n\t\t\t\t\t\t\t\t\t\t<img loading=\"lazy\" decoding=\"async\" width=\"1920\" height=\"960\" src=\"https:\/\/silentdivers.com\/wp-content\/uploads\/2024\/02\/crystal-bay-beach-weather-koh-samui.jpg\" class=\"attachment-full size-full wp-image-24836\" alt=\"Plage de Crystal Bay \u00e0 Ko Samui\" srcset=\"https:\/\/silentdivers.com\/wp-content\/uploads\/2024\/02\/crystal-bay-beach-weather-koh-samui.jpg 1920w, https:\/\/silentdivers.com\/wp-content\/uploads\/2024\/02\/crystal-bay-beach-weather-koh-samui-768x384.jpg 768w, https:\/\/silentdivers.com\/wp-content\/uploads\/2024\/02\/crystal-bay-beach-weather-koh-samui-600x300.jpg 600w\" sizes=\"auto, (max-width: 1920px) 100vw, 1920px\" \/>\t\t\t\t\t\t\t\t\t\t\t<figcaption class=\"widget-image-caption wp-caption-text\">Crystal Bay \u00e0 Ko Samui<\/figcaption>\n\t\t\t\t\t\t\t\t\t\t<\/figure>\n\t\t\t\t\t\t\t\t\t<\/div>\n\t\t\t\t\t<\/div>\n\t\t\t\t<\/div>\n\t\t\t\t<section class=\"elementor-section elementor-top-section elementor-element elementor-element-1fbdf391 elementor-section-stretched elementor-section-full_width elementor-section-height-default elementor-section-height-default\" data-id=\"1fbdf391\" data-element_type=\"section\" data-e-type=\"section\" data-settings=\"{&quot;stretch_section&quot;:&quot;section-stretched&quot;,&quot;background_background&quot;:&quot;classic&quot;}\">\n\t\t\t\t\t\t\t<div class=\"elementor-background-overlay\"><\/div>\n\t\t\t\t\t\t\t<div class=\"elementor-container elementor-column-gap-default\">\n\t\t\t\t\t<div class=\"elementor-column elementor-col-100 elementor-top-column elementor-element elementor-element-442107a6\" data-id=\"442107a6\" data-element_type=\"column\" data-e-type=\"column\" data-settings=\"{&quot;background_background&quot;:&quot;classic&quot;}\">\n\t\t\t<div class=\"elementor-widget-wrap elementor-element-populated\">\n\t\t\t\t\t\t<div class=\"elementor-element elementor-element-14a2082 elementor-flip-box--effect-flip elementor-flip-box--direction-up elementor-widget elementor-widget-flip-box\" data-id=\"14a2082\" data-element_type=\"widget\" data-e-type=\"widget\" data-widget_type=\"flip-box.default\">\n\t\t\t\t\t\t\t<div class=\"elementor-flip-box\" tabindex=\"0\">\n\t\t\t<div class=\"elementor-flip-box__layer elementor-flip-box__front\">\n\t\t\t\t<div class=\"elementor-flip-box__layer__overlay\">\n\t\t\t\t\t<div class=\"elementor-flip-box__layer__inner\">\n\t\t\t\t\t\t\t\t\t\t\t\t\t<div class=\"elementor-icon-wrapper elementor-view-default\">\n\t\t\t\t\t\t\t\t<div class=\"elementor-icon\">\n\t\t\t\t\t\t\t\t\t<svg aria-hidden=\"true\" class=\"e-font-icon-svg e-far-grin-stars\" viewBox=\"0 0 496 512\" xmlns=\"http:\/\/www.w3.org\/2000\/svg\"><path d=\"M248 8C111 8 0 119 0 256s111 248 248 248 248-111 248-248S385 8 248 8zm0 448c-110.3 0-200-89.7-200-200S137.7 56 248 56s200 89.7 200 200-89.7 200-200 200zm105.6-151.4c-25.9 8.3-64.4 13.1-105.6 13.1s-79.6-4.8-105.6-13.1c-9.8-3.1-19.4 5.3-17.7 15.3 7.9 47.2 71.3 80 123.3 80s115.3-32.9 123.3-80c1.6-9.8-7.7-18.4-17.7-15.3zm-227.9-57.5c-1 6.2 5.4 11 11 7.9l31.3-16.3 31.3 16.3c5.6 3.1 12-1.7 11-7.9l-6-34.9 25.4-24.6c4.5-4.5 1.9-12.2-4.3-13.2l-34.9-5-15.5-31.6c-2.9-5.8-11-5.8-13.9 0l-15.5 31.6-34.9 5c-6.2.9-8.9 8.6-4.3 13.2l25.4 24.6-6.1 34.9zm259.7-72.7l-34.9-5-15.5-31.6c-2.9-5.8-11-5.8-13.9 0l-15.5 31.6-34.9 5c-6.2.9-8.9 8.6-4.3 13.2l25.4 24.6-6 34.9c-1 6.2 5.4 11 11 7.9l31.3-16.3 31.3 16.3c5.6 3.1 12-1.7 11-7.9l-6-34.9 25.4-24.6c4.5-4.6 1.8-12.2-4.4-13.2z\"><\/path><\/svg>\t\t\t\t\t\t\t\t<\/div>\n\t\t\t\t\t\t\t<\/div>\n\t\t\t\t\t\t\n\t\t\t\t\t\t\t\t\t\t\t\t\t<h3 class=\"elementor-flip-box__layer__title\">\n\t\t\t\t\t\t\t\tPLONGEZ PLUS, PLONGEZ MOINS CHER !\t\t\t\t\t\t\t<\/h3>\n\t\t\t\t\t\t\n\t\t\t\t\t\t\t\t\t\t\t\t\t<div class=\"elementor-flip-box__layer__description\">\n\t\t\t\t\t\t\t\tConnaissez-vous nos FORFAITS SP\u00c9CIAUX?\t\t\t\t\t\t\t<\/div>\n\t\t\t\t\t\t\t\t\t\t\t<\/div>\n\t\t\t\t<\/div>\n\t\t\t<\/div>\n\t\t\t<div class=\"elementor-flip-box__layer elementor-flip-box__back\">\n\t\t\t<div class=\"elementor-flip-box__layer__overlay\">\n\t\t\t\t<div class=\"elementor-flip-box__layer__inner\">\n\t\t\t\t\t\t\t\t\t\t\t<h3 class=\"elementor-flip-box__layer__title\">\n\t\t\t\t\t\t\tUP TO 16% OFF!\t\t\t\t\t\t<\/h3>\n\t\t\t\t\t\n\t\t\t\t\t\t\t\t\t\t\t<div class=\"elementor-flip-box__layer__description\">\n\t\t\t\t\t\t\tR\u00e9servez plus de jours avec Silent Divers et b\u00e9n\u00e9ficiez de r\u00e9ductions incroyables.<br>\n<br>\n\n<strong>2 JOURS-13% DE R\u00c9DUCTION<\/strong><br>\n<strong>3 JOURS-14% DE R\u00c9DUCTION<\/strong><br>\n<strong>4 JOURS-15% DE R\u00c9DUCTION<\/strong><br>\n<strong>5 JOURS-16% DE R\u00c9DUCTION<\/strong>\t\t\t\t\t\t<\/div>\n\t\t\t\t\t\n\t\t\t\t\t\t\t\t\t\t\t<a class=\"elementor-flip-box__button elementor-button elementor-size-sm\" href=\"#elementor-action%3Aaction%3Dpopup%3Aopen%26settings%3DeyJpZCI6MjU3NzAsInRvZ2dsZSI6ZmFsc2V9\">\n\t\t\t\t\t\t\tCLIQUEZ!\t\t\t\t\t\t<\/a>\n\t\t\t\t\t\t\t\t<\/div>\n\t\t<\/div>\n\t\t<\/div>\n\t\t<\/div>\n\t\t\t\t\t\t<\/div>\n\t\t\t\t\t<\/div>\n\t\t<\/div>\n\t\t\t\t\t<\/div>\n\t\t<\/section>\n\t\t<div class=\"elementor-element elementor-element-580ee0b4 e-con-full e-flex e-con e-parent\" data-id=\"580ee0b4\" data-element_type=\"container\" data-e-type=\"container\">\n\t\t\t\t<div class=\"elementor-element elementor-element-45316fa1 elementor-widget elementor-widget-spacer\" data-id=\"45316fa1\" data-element_type=\"widget\" data-e-type=\"widget\" data-widget_type=\"spacer.default\">\n\t\t\t\t\t\t\t<div class=\"elementor-spacer\">\n\t\t\t<div class=\"elementor-spacer-inner\"><\/div>\n\t\t<\/div>\n\t\t\t\t\t\t<\/div>\n\t\t\t\t<div class=\"elementor-element elementor-element-5f04165d elementor-widget elementor-widget-spacer\" data-id=\"5f04165d\" data-element_type=\"widget\" data-e-type=\"widget\" data-widget_type=\"spacer.default\">\n\t\t\t\t\t\t\t<div class=\"elementor-spacer\">\n\t\t\t<div class=\"elementor-spacer-inner\"><\/div>\n\t\t<\/div>\n\t\t\t\t\t\t<\/div>\n\t\t\t\t<div class=\"elementor-element elementor-element-2deaabea elementor-widget elementor-widget-heading\" data-id=\"2deaabea\" data-element_type=\"widget\" data-e-type=\"widget\" data-widget_type=\"heading.default\">\n\t\t\t\t\t<h2 class=\"elementor-heading-title elementor-size-default\">Autres services chez Silent Divers<\/h2>\t\t\t\t<\/div>\n\t\t\t\t<div class=\"elementor-element elementor-element-5b9dab3e elementor-widget elementor-widget-spacer\" data-id=\"5b9dab3e\" data-element_type=\"widget\" data-e-type=\"widget\" data-widget_type=\"spacer.default\">\n\t\t\t\t\t\t\t<div class=\"elementor-spacer\">\n\t\t\t<div class=\"elementor-spacer-inner\"><\/div>\n\t\t<\/div>\n\t\t\t\t\t\t<\/div>\n\t\t<div class=\"elementor-element elementor-element-396e4a87 e-flex e-con-boxed e-con e-child\" data-id=\"396e4a87\" data-element_type=\"container\" data-e-type=\"container\" data-settings=\"{&quot;background_background&quot;:&quot;classic&quot;}\">\n\t\t\t\t\t<div class=\"e-con-inner\">\n\t\t\t\t<div class=\"elementor-element elementor-element-5c5bc0e8 elementor-cta--skin-cover elementor-animated-content elementor-bg-transform elementor-bg-transform-zoom-in elementor-widget elementor-widget-call-to-action\" data-id=\"5c5bc0e8\" data-element_type=\"widget\" data-e-type=\"widget\" data-widget_type=\"call-to-action.default\">\n\t\t\t\t\t\t\t<div class=\"elementor-cta\">\n\t\t\t\t\t<div class=\"elementor-cta__bg-wrapper\">\n\t\t\t\t<div class=\"elementor-cta__bg elementor-bg\" style=\"background-image: url(https:\/\/silentdivers.com\/wp-content\/uploads\/2023\/11\/whale-shark-in-sail-rock-samui-3.jpg);\" role=\"img\" aria-label=\"Un requin-baleine nage sous l&#039;eau avec la bouche partiellement ouverte. L&#039;eau de l&#039;oc\u00e9an est claire, laissant appara\u00eetre les taches blanches caract\u00e9ristiques du requin-baleine et sa grande taille. Les mots \u00ab SILENT DIVERS \u00bb sont visibles sur l&#039;image.\"><\/div>\n\t\t\t\t<div class=\"elementor-cta__bg-overlay\"><\/div>\n\t\t\t<\/div>\n\t\t\t\t\t\t\t<div class=\"elementor-cta__content\">\n\t\t\t\t\n\t\t\t\t\t\t\t\t\t<h3 class=\"elementor-cta__title elementor-cta__content-item elementor-content-item elementor-animated-item--grow\">\n\t\t\t\t\t\tTours de plong\u00e9e\t\t\t\t\t<\/h3>\n\t\t\t\t\n\t\t\t\t\t\t\t\t\t<div class=\"elementor-cta__description elementor-cta__content-item elementor-content-item elementor-animated-item--grow\">\n\t\t\t\t\t\tLes tours de plong\u00e9e que nous proposons et vous pouvez r\u00e9server celle qui correspond le mieux \u00e0 vos int\u00e9r\u00eats et \u00e0 ceux de vos compagnons.\t\t\t\t\t<\/div>\n\t\t\t\t\n\t\t\t\t\t\t\t\t\t<div class=\"elementor-cta__button-wrapper elementor-cta__content-item elementor-content-item elementor-animated-item--grow\">\n\t\t\t\t\t<a class=\"elementor-cta__button elementor-button elementor-size-md\" href=\"https:\/\/silentdivers.com\/fr\/tours-plongee-koh-samui-thailande\/\">\n\t\t\t\t\t\tRESERVER!\t\t\t\t\t<\/a>\n\t\t\t\t\t<\/div>\n\t\t\t\t\t\t\t<\/div>\n\t\t\t\t\t\t<\/div>\n\t\t\t\t\t\t<\/div>\n\t\t\t\t<div class=\"elementor-element elementor-element-75ddd810 elementor-cta--skin-cover elementor-animated-content elementor-bg-transform elementor-bg-transform-zoom-in elementor-widget elementor-widget-call-to-action\" data-id=\"75ddd810\" data-element_type=\"widget\" data-e-type=\"widget\" data-widget_type=\"call-to-action.default\">\n\t\t\t\t\t\t\t<div class=\"elementor-cta\">\n\t\t\t\t\t<div class=\"elementor-cta__bg-wrapper\">\n\t\t\t\t<div class=\"elementor-cta__bg elementor-bg\" style=\"background-image: url(https:\/\/silentdivers.com\/wp-content\/uploads\/2023\/11\/private-tours-samui-silent-divers.jpg);\" role=\"img\" aria-label=\"private-tours-samui-silent-divers\"><\/div>\n\t\t\t\t<div class=\"elementor-cta__bg-overlay\"><\/div>\n\t\t\t<\/div>\n\t\t\t\t\t\t\t<div class=\"elementor-cta__content\">\n\t\t\t\t\n\t\t\t\t\t\t\t\t\t<h3 class=\"elementor-cta__title elementor-cta__content-item elementor-content-item elementor-animated-item--grow\">\n\t\t\t\t\t\tPriv\u00e9es\t\t\t\t\t<\/h3>\n\t\t\t\t\n\t\t\t\t\t\t\t\t\t<div class=\"elementor-cta__description elementor-cta__content-item elementor-content-item elementor-animated-item--grow\">\n\t\t\t\t\t\tNous proposons des circuits sur mesure et vous pouvez choisir celui qui correspond le mieux \u00e0 vos int\u00e9r\u00eats et \u00e0 ceux de vos compagnons.\t\t\t\t\t<\/div>\n\t\t\t\t\n\t\t\t\t\t\t\t\t\t<div class=\"elementor-cta__button-wrapper elementor-cta__content-item elementor-content-item elementor-animated-item--grow\">\n\t\t\t\t\t<a class=\"elementor-cta__button elementor-button elementor-size-md\" href=\"https:\/\/silentdivers.com\/fr\/tours-bateau-prive-samui-thailande\/\">\n\t\t\t\t\t\tRESERVER!\t\t\t\t\t<\/a>\n\t\t\t\t\t<\/div>\n\t\t\t\t\t\t\t<\/div>\n\t\t\t\t\t\t<\/div>\n\t\t\t\t\t\t<\/div>\n\t\t\t\t<div class=\"elementor-element elementor-element-2ebde4bd elementor-cta--skin-cover elementor-animated-content elementor-bg-transform elementor-bg-transform-zoom-in elementor-widget elementor-widget-call-to-action\" data-id=\"2ebde4bd\" data-element_type=\"widget\" data-e-type=\"widget\" data-widget_type=\"call-to-action.default\">\n\t\t\t\t\t\t\t<div class=\"elementor-cta\">\n\t\t\t\t\t<div class=\"elementor-cta__bg-wrapper\">\n\t\t\t\t<div class=\"elementor-cta__bg elementor-bg\" style=\"background-image: url(https:\/\/silentdivers.com\/wp-content\/uploads\/2023\/11\/snorkel-tours-samui-silent-divers.jpg);\" role=\"img\" aria-label=\"snorkel-tours-samui-silent-divers\"><\/div>\n\t\t\t\t<div class=\"elementor-cta__bg-overlay\"><\/div>\n\t\t\t<\/div>\n\t\t\t\t\t\t\t<div class=\"elementor-cta__content\">\n\t\t\t\t\n\t\t\t\t\t\t\t\t\t<h3 class=\"elementor-cta__title elementor-cta__content-item elementor-content-item elementor-animated-item--grow\">\n\t\t\t\t\t\tSnorkel\t\t\t\t\t<\/h3>\n\t\t\t\t\n\t\t\t\t\t\t\t\t\t<div class=\"elementor-cta__description elementor-cta__content-item elementor-content-item elementor-animated-item--grow\">\n\t\t\t\t\t\tLes tours de plong\u00e9e en apn\u00e9e que nous proposons et vous pouvez r\u00e9server celle qui correspond le mieux \u00e0 vos int\u00e9r\u00eats et \u00e0 ceux de vos compagnons.\t\t\t\t\t<\/div>\n\t\t\t\t\n\t\t\t\t\t\t\t\t\t<div class=\"elementor-cta__button-wrapper elementor-cta__content-item elementor-content-item elementor-animated-item--grow\">\n\t\t\t\t\t<a class=\"elementor-cta__button elementor-button elementor-size-md\" href=\"https:\/\/silentdivers.com\/fr\/snorkel-tours-koh-samui-thailande\/\">\n\t\t\t\t\t\tRESERVER!\t\t\t\t\t<\/a>\n\t\t\t\t\t<\/div>\n\t\t\t\t\t\t\t<\/div>\n\t\t\t\t\t\t<\/div>\n\t\t\t\t\t\t<\/div>\n\t\t\t\t\t<\/div>\n\t\t\t\t<\/div>\n\t\t\t\t<\/div>\n\t\t\t\t<\/div>\n\t\t","protected":false},"excerpt":{"rendered":"<p>La Tha\u00eflande, c\u00e9l\u00e8bre pour ses plages immacul\u00e9es et sa culture dynamique, attire chaque ann\u00e9e des millions de voyageurs vers son paradis tropical. Parmi ses destinations illustres, Koh Samui sur le golfe de Tha\u00eflande appara\u00eet comme un joyau captivant avec sa tapisserie saisonni\u00e8re unique. Dans cette exploration, nous nous penchons sur les r\u00e9gimes m\u00e9t\u00e9orologiques distinctifs, les [&hellip;]<\/p>\n","protected":false},"author":1,"featured_media":24842,"parent":0,"menu_order":0,"comment_status":"closed","ping_status":"closed","template":"elementor_header_footer","meta":{"inline_featured_image":false,"footnotes":""},"class_list":["post-24876","page","type-page","status-publish","has-post-thumbnail","hentry"],"aioseo_notices":[],"_links":{"self":[{"href":"https:\/\/silentdivers.com\/fr\/wp-json\/wp\/v2\/pages\/24876","targetHints":{"allow":["GET"]}}],"collection":[{"href":"https:\/\/silentdivers.com\/fr\/wp-json\/wp\/v2\/pages"}],"about":[{"href":"https:\/\/silentdivers.com\/fr\/wp-json\/wp\/v2\/types\/page"}],"author":[{"embeddable":true,"href":"https:\/\/silentdivers.com\/fr\/wp-json\/wp\/v2\/users\/1"}],"replies":[{"embeddable":true,"href":"https:\/\/silentdivers.com\/fr\/wp-json\/wp\/v2\/comments?post=24876"}],"version-history":[{"count":0,"href":"https:\/\/silentdivers.com\/fr\/wp-json\/wp\/v2\/pages\/24876\/revisions"}],"wp:featuredmedia":[{"embeddable":true,"href":"https:\/\/silentdivers.com\/fr\/wp-json\/wp\/v2\/media\/24842"}],"wp:attachment":[{"href":"https:\/\/silentdivers.com\/fr\/wp-json\/wp\/v2\/media?parent=24876"}],"curies":[{"name":"wp","href":"https:\/\/api.w.org\/{rel}","templated":true}]}}