{"id":17220,"date":"2023-03-06T07:41:34","date_gmt":"2023-03-06T00:41:34","guid":{"rendered":"https:\/\/sd2023.silentdivers.com\/refund_returns\/"},"modified":"2023-12-21T03:04:59","modified_gmt":"2023-12-20T20:04:59","slug":"conditions-generales-vente-booking-plongee","status":"publish","type":"page","link":"https:\/\/silentdivers.com\/fr\/conditions-generales-vente-booking-plongee\/","title":{"rendered":"Conditions G\u00e9n\u00e9rales de Vente"},"content":{"rendered":"\t\t<div data-elementor-type=\"wp-page\" data-elementor-id=\"17220\" class=\"elementor elementor-17220 elementor-10217\" data-elementor-post-type=\"page\">\n\t\t\t\t<div class=\"elementor-element elementor-element-6ec3d988 e-flex e-con-boxed e-con e-parent\" data-id=\"6ec3d988\" data-element_type=\"container\" data-e-type=\"container\">\n\t\t\t\t\t<div class=\"e-con-inner\">\n\t\t\t\t<div class=\"elementor-element elementor-element-16afa8fd elementor-widget elementor-widget-text-editor\" data-id=\"16afa8fd\" data-element_type=\"widget\" data-e-type=\"widget\" data-widget_type=\"text-editor.default\">\n\t\t\t\t\t\t\t\t\t<h4>R\u00c9SERVATIONS<\/h4>\n<ul>\n \t<li>Les plongeurs certifi\u00e9s participant \u00e0 une sortie de plong\u00e9e seront invit\u00e9s \u00e0 pr\u00e9senter une preuve de certification de plong\u00e9e PADI ou d\u2019une organisation \u00e9quivalente. Dans le cas o\u00f9 un client n\u2019a pas de certification de plong\u00e9e valide, un email de confirmation ou une preuve en ligne bas\u00e9 sur le site web de l\u2019organisme de d\u00e9livrance seront n\u00e9cessaires. Tous les plongeurs certifi\u00e9s doivent remplir et signer une d\u00e9charge de responsabilit\u00e9 internationale PADI et la Supposition d\u2019Accord de Risque avant le d\u00e9part du b\u00e2teau. Tous les \u00e9tudiants doivent remplir et signer une d\u00e9charge de responsabilit\u00e9 internationale PADI et la Supposition d\u2019Accord de Risque ainsi qu\u2019une d\u00e9claration m\u00e9dicale PADI avant toute activit\u00e9 dans l\u2019eau.<\/li>\n \t<li>Tous les plongeurs certifi\u00e9s doivent remplir et signer une d\u00e9charge de responsabilit\u00e9 internationale PADI et la Supposition d\u2019Accord de Risque avant le d\u00e9part du b\u00e2teau.<\/li>\n \t<li>Tous les \u00e9tudiants doivent remplir et signer une d\u00e9charge de responsabilit\u00e9 internationale PADI et la Supposition d\u2019Accord de Risque ainsi qu\u2019une d\u00e9claration m\u00e9dicale PADI avant toute activit\u00e9 dans l\u2019eau.<\/li>\n<\/ul>\n<h4>PAYEMENTS<\/h4>\n<ul>\n \t<li>Un acompte de 20% sera n\u00e9cessaire, afin de garantir une r\u00e9servation en ligne.<\/li>\n \t<li>Le solde restant doit \u00eatre pay\u00e9 avant la premi\u00e8re sortie de plong\u00e9e \/ cours.<\/li>\n<\/ul>\n<h4>ANNULATIONS<\/h4>\n<ul>\n \t<li>Silent Divers se r\u00e9serve le droit de modifier ou annuler un voyage, mais sans s\u2019y limiter, \u00e0 cause des conditions m\u00e9t\u00e9orologiques dangereuses, des difficult\u00e9s techniques ou toute autre cause impr\u00e9visible. Cela peut impliquer un changement de la destination et \/ ou le choix d\u2019un site de plong\u00e9e.<\/li>\n \t<li>Dans le cas o\u00f9 Silent Divers annule un voyage, les clients auront le droit, soit de reporter leur voyage sans frais suppl\u00e9mentaires, ou de recevoir un remboursement complet.<\/li>\n \t<li>Aucun remboursement ne sera fait dans le cas o\u00f9 un client ne se pr\u00e9sente pas, quelle qu\u2019en soit la raison, \u00e0 l\u2019heure et au lieu pr\u00e9vu de la sortie de plong\u00e9e ou du cours.<\/li>\n \t<li>Les annulations re\u00e7ues 2 jours avant la premi\u00e8re sortie \/ cours, sont admissibles \u00e0 un remboursement complet, moins les frais bancaires, les frais de carte de cr\u00e9dit et les pertes de change.<\/li>\n \t<li>L\u2019accompte de 20% vers\u00e9 pour toute r\u00e9servation en ligne ne sera pas remboursable en cas d\u2019annulation, si re\u00e7u moins de 2 jours avant le d\u00e9but de la premi\u00e8re sortie \/ cours.<\/li>\n<\/ul>\n<h4>ASSURANCE\/D\u00c9CHARGE DE RESPONSABILIT\u00c9<\/h4>\n<ul>\n \t<li>Silent Divers d\u00e9tient une assurance de plong\u00e9e compl\u00e8te qui couvre nos clients dans le cas improbable d\u2019un accident de plong\u00e9e.<\/li>\n \t<li>Silent Divers est aussi membre du r\u00e9seau de chambres de recompression SSS \u00e0 Samui, qui nous donne acc\u00e8s \u00e0 la chambre de recompression situ\u00e9 \u00e0 c\u00f4t\u00e9 de notre port.<\/li>\n \t<li>N\u00e9anmoins, les clients sont encourag\u00e9s \u00e0 avoir une police d\u2019assurance qui couvre toutes les activit\u00e9s qu\u2019ils seront entreprises au cours de leurs vacances en Tha\u00eflande.<\/li>\n \t<li>Silent Divers, ses dirigeants, employ\u00e9s, agents et sous-traitants ne peuvent pas \u00eatre tenus responsables de n\u2019importe quelle fa\u00e7on, pour la perte de biens, pertes personnelles, accidents, blessures ou la mort pour une raison quelconque, que ce soit par des activit\u00e9s r\u00e9serv\u00e9es \u00e0 travers nous, ou caus\u00e9es par des tiers connect\u00e9s ou pas connect\u00e9s \u00e0 nous. Nous ne serons pas responsables pour les frais suppl\u00e9mentaires encourus par les clients, pour n\u2019importe quelles raisons. Si une plainte est faite au sujet d\u2019une sortie, pour une raison quelconque, Silent Divers sera d\u2019accord pour enqu\u00eater et r\u00e9agissera selon les constatations faites..<\/li>\n<\/ul>\n<a name=\"dtofr\"><\/a>\n<h4>R\u00c9DUCTION SUR PROPRE \u00c9QUIPEMENT<\/h4>\n<ul>\n \t<li>Une r\u00e9duction de 5% sera applicable aux clients apportant leur propre \u00e9quipement de plong\u00e9e. Doit inclure tous les \u00e9l\u00e9ments requis : masque, palmes, d\u00e9tendeurs, gilet et combinaison<\/li>\n<\/ul>\n<a name=\"packfr\"><\/a>\n<h4>R\u00c9DUCTION ANTICIP\u00c9E<\/h4>\n<ul>\n \t<li>Les r\u00e9ductions sont applicables pour les r\u00e9servations en ligne, faites au moins 7 jours avant la date du cours ou de la premi\u00e8re plong\u00e9e.<\/li>\n \t<li>Un accompte de 20% du prix total sera factur\u00e9 au cours de la r\u00e9servation en ligne. La remise sera d\u00e9duite du montant d\u00fb au paiement final.<\/li>\n \t<li>Les tours priv\u00e9s ne sont pas \u00e9ligibles pour les r\u00e9ductions de r\u00e9servation anticip\u00e9e.<\/li>\n<\/ul>\n<h4>R\u00c9DUCTION SUR R\u00c9SERVATION SUR PLUSIEURS JOURS<\/h4>\n<ul>\n \t<li>Doit \u00eatre un plongeur certifi\u00e9<\/li>\n \t<li>S&rsquo;applique uniquement aux Fun Dives, ne couvre pas les cours\/produits achet\u00e9s.<\/li>\n \t<li>La r\u00e9duction pour r\u00e9servation anticip\u00e9e ne s&rsquo;applique pas en plus de la r\u00e9duction pour les r\u00e9servations de plusieurs jours.<\/li>\n \t<li>Pour b\u00e9n\u00e9ficier d&rsquo;une r\u00e9duction sur plusieurs jours ; les r\u00e9servations doivent \u00eatre effectu\u00e9es en ligne avant votre premier jour de plong\u00e9e.<\/li>\n \t<li>2 jours de plong\u00e9e = 13 % de r\u00e9duction sur votre facture finale.<\/li>\n \t<li>3 jours de plong\u00e9e = 14 % de r\u00e9duction sur votre facture finale.<\/li>\n \t<li>4 jours de plong\u00e9e = 15 % de r\u00e9duction sur votre facture finale.<\/li>\n \t<li>5 jours de plong\u00e9e = 16 % de r\u00e9duction sur votre facture finale.<\/li>\n \t<li>Tous les jours de plong\u00e9e doivent \u00eatre ajout\u00e9s \u00e0 votre panier et v\u00e9rifi\u00e9s en une seule r\u00e9servation.<\/li>\n \t<li>20 % du prix total sera factur\u00e9 \u00e0 titre d&rsquo;acompte. Le montant r\u00e9duit sera d\u00e9duit du montant d\u00fb et pr\u00e9lev\u00e9 avant vos premiers jours de plong\u00e9e.<\/li>\n<\/ul>\t\t\t\t\t\t\t\t<\/div>\n\t\t\t\t\t<\/div>\n\t\t\t\t<\/div>\n\t\t\t\t<\/div>\n\t\t","protected":false},"excerpt":{"rendered":"<p>R\u00c9SERVATIONS Les plongeurs certifi\u00e9s participant \u00e0 une sortie de plong\u00e9e seront invit\u00e9s \u00e0 pr\u00e9senter une preuve de certification de plong\u00e9e PADI ou d\u2019une organisation \u00e9quivalente. Dans le cas o\u00f9 un client n\u2019a pas de certification de plong\u00e9e valide, un email de confirmation ou une preuve en ligne bas\u00e9 sur le site web de l\u2019organisme de [&hellip;]<\/p>\n","protected":false},"author":1,"featured_media":17146,"parent":0,"menu_order":0,"comment_status":"closed","ping_status":"closed","template":"","meta":{"inline_featured_image":false,"footnotes":""},"class_list":["post-17220","page","type-page","status-publish","has-post-thumbnail","hentry"],"aioseo_notices":[],"_links":{"self":[{"href":"https:\/\/silentdivers.com\/fr\/wp-json\/wp\/v2\/pages\/17220","targetHints":{"allow":["GET"]}}],"collection":[{"href":"https:\/\/silentdivers.com\/fr\/wp-json\/wp\/v2\/pages"}],"about":[{"href":"https:\/\/silentdivers.com\/fr\/wp-json\/wp\/v2\/types\/page"}],"author":[{"embeddable":true,"href":"https:\/\/silentdivers.com\/fr\/wp-json\/wp\/v2\/users\/1"}],"replies":[{"embeddable":true,"href":"https:\/\/silentdivers.com\/fr\/wp-json\/wp\/v2\/comments?post=17220"}],"version-history":[{"count":0,"href":"https:\/\/silentdivers.com\/fr\/wp-json\/wp\/v2\/pages\/17220\/revisions"}],"wp:featuredmedia":[{"embeddable":true,"href":"https:\/\/silentdivers.com\/fr\/wp-json\/wp\/v2\/media\/17146"}],"wp:attachment":[{"href":"https:\/\/silentdivers.com\/fr\/wp-json\/wp\/v2\/media?parent=17220"}],"curies":[{"name":"wp","href":"https:\/\/api.w.org\/{rel}","templated":true}]}}