{"id":25050,"date":"2024-02-11T20:09:17","date_gmt":"2024-02-11T13:09:17","guid":{"rendered":"https:\/\/sd2023.silentdivers.com\/choosing-best-dive-center-koh-samui\/"},"modified":"2024-02-12T17:58:05","modified_gmt":"2024-02-12T10:58:05","slug":"elegir-mejor-centro-buceo-koh-samui","status":"publish","type":"page","link":"https:\/\/silentdivers.com\/es\/elegir-mejor-centro-buceo-koh-samui\/","title":{"rendered":"Elegir el mejor centro de buceo en Koh Samui"},"content":{"rendered":"\t\t<div data-elementor-type=\"wp-page\" data-elementor-id=\"25050\" class=\"elementor elementor-25050\" data-elementor-post-type=\"page\">\n\t\t\t\t<div class=\"elementor-element elementor-element-4f964593 e-flex e-con-boxed e-con e-parent\" data-id=\"4f964593\" data-element_type=\"container\" data-e-type=\"container\" data-settings=\"{&quot;background_background&quot;:&quot;classic&quot;}\">\n\t\t\t\t\t<div class=\"e-con-inner\">\n\t\t\t\t\t<\/div>\n\t\t\t\t<\/div>\n\t\t<div class=\"elementor-element elementor-element-2a40d125 e-flex e-con-boxed e-con e-parent\" data-id=\"2a40d125\" data-element_type=\"container\" data-e-type=\"container\">\n\t\t\t\t\t<div class=\"e-con-inner\">\n\t\t\t\t<div class=\"elementor-element elementor-element-a06f08e elementor-widget elementor-widget-spacer\" data-id=\"a06f08e\" data-element_type=\"widget\" data-e-type=\"widget\" data-widget_type=\"spacer.default\">\n\t\t\t\t\t\t\t<div class=\"elementor-spacer\">\n\t\t\t<div class=\"elementor-spacer-inner\"><\/div>\n\t\t<\/div>\n\t\t\t\t\t\t<\/div>\n\t\t\t\t<div class=\"elementor-element elementor-element-7deb474d elementor-widget elementor-widget-text-editor\" data-id=\"7deb474d\" data-element_type=\"widget\" data-e-type=\"widget\" data-widget_type=\"text-editor.default\">\n\t\t\t\t\t\t\t\t\t<p>Seleccionar el centro de buceo adecuado es un paso crucial para garantizar una experiencia segura, agradable y memorable. Con innumerables opciones disponibles es fundamental considerar varios factores para encontrar el centro que <strong>mejor se adapte a tus necesidades y preferencias<\/strong>.<\/p>\t\t\t\t\t\t\t\t<\/div>\n\t\t\t\t<div class=\"elementor-element elementor-element-4a3a4375 elementor-widget elementor-widget-heading\" data-id=\"4a3a4375\" data-element_type=\"widget\" data-e-type=\"widget\" data-widget_type=\"heading.default\">\n\t\t\t\t\t<h2 class=\"elementor-heading-title elementor-size-default\">1. Certificaci\u00f3n y Reputaci\u00f3n<\/h2>\t\t\t\t<\/div>\n\t\t\t\t<div class=\"elementor-element elementor-element-30ef13fc elementor-widget elementor-widget-text-editor\" data-id=\"30ef13fc\" data-element_type=\"widget\" data-e-type=\"widget\" data-widget_type=\"text-editor.default\">\n\t\t\t\t\t\t\t\t\t<p>Comienza tu b\u00fasqueda verificando las certificaciones del centro en cuesti\u00f3n. Aseg\u00farate de que los instructores est\u00e9n calificados y que el centro cumpla con <strong>los est\u00e1ndares internacionales de buceo<\/strong>. Adem\u00e1s, lee rese\u00f1as sobre el mismo y busca recomendaciones de otros buceadores para evaluar la <strong>reputaci\u00f3n del centro<\/strong>. Un centro de buceo con buena reputaci\u00f3n tendr\u00e1 testimonios positivos, enfatizando la seguridad, la profesionalidad y la <strong>experiencia en el buceo recreativo en general<\/strong>.<\/p>\t\t\t\t\t\t\t\t<\/div>\n\t\t\t\t<div class=\"elementor-element elementor-element-48ef95b elementor-widget elementor-widget-heading\" data-id=\"48ef95b\" data-element_type=\"widget\" data-e-type=\"widget\" data-widget_type=\"heading.default\">\n\t\t\t\t\t<h2 class=\"elementor-heading-title elementor-size-default\">2. Medidas y equipos de seguridad<\/h2>\t\t\t\t<\/div>\n\t\t\t\t<div class=\"elementor-element elementor-element-668a0575 elementor-widget elementor-widget-text-editor\" data-id=\"668a0575\" data-element_type=\"widget\" data-e-type=\"widget\" data-widget_type=\"text-editor.default\">\n\t\t\t\t\t\t\t\t\t<p>La seguridad debe ser una prioridad absoluta a la hora de elegir un centro de buceo. Inf\u00f3rmate sobre los <strong>protocolos de seguridad del centro<\/strong>, procedimientos de emergencia y el estado de sus equipos. Un inventario de los equipos bien mantenido y actualizado es crucial para una inmersi\u00f3n segura y placentera. Comprueba si el centro realiza controles peri\u00f3dicos del equipo y cumple con <strong>las normas de seguridad<\/strong>.<\/p>\t\t\t\t\t\t\t\t<\/div>\n\t\t\t\t<div class=\"elementor-element elementor-element-325d126 elementor-widget elementor-widget-heading\" data-id=\"325d126\" data-element_type=\"widget\" data-e-type=\"widget\" data-widget_type=\"heading.default\">\n\t\t\t\t\t<h2 class=\"elementor-heading-title elementor-size-default\">3. Paquetes de Buceo y Especialidades<\/h2>\t\t\t\t<\/div>\n\t\t\t\t<div class=\"elementor-element elementor-element-89136c2 elementor-widget elementor-widget-text-editor\" data-id=\"89136c2\" data-element_type=\"widget\" data-e-type=\"widget\" data-widget_type=\"text-editor.default\">\n\t\t\t\t\t\t\t\t\t<p>Diferentes centros de buceo ofrecen diversos paquetes y se especializan en <strong>diferentes tipos de inmersiones<\/strong>. Ya sea que est\u00e9 interesado en en arrecifes, inmersiones en pecios, inmersiones nocturnas o certificaciones especializadas, elije un centro que se ajuste a <strong>tus preferencias<\/strong>. Ten en consideraci\u00f3n la variedad de sitios de buceo que ofrecen y si atienden a todos los niveles, <strong>desde principiantes hasta buceadores avanzados<\/strong>.<\/p>\t\t\t\t\t\t\t\t<\/div>\n\t\t\t\t<div class=\"elementor-element elementor-element-168c8f43 elementor-widget elementor-widget-image\" data-id=\"168c8f43\" data-element_type=\"widget\" data-e-type=\"widget\" data-widget_type=\"image.default\">\n\t\t\t\t\t\t\t\t\t\t\t\t<figure class=\"wp-caption\">\n\t\t\t\t\t\t\t\t\t\t<img loading=\"lazy\" decoding=\"async\" width=\"1920\" height=\"960\" src=\"https:\/\/silentdivers.com\/wp-content\/uploads\/2024\/02\/dive-center-location-koh-samui.jpg\" class=\"attachment-full size-full wp-image-25027\" alt=\"Koh Samui\" srcset=\"https:\/\/silentdivers.com\/wp-content\/uploads\/2024\/02\/dive-center-location-koh-samui.jpg 1920w, https:\/\/silentdivers.com\/wp-content\/uploads\/2024\/02\/dive-center-location-koh-samui-768x384.jpg 768w, https:\/\/silentdivers.com\/wp-content\/uploads\/2024\/02\/dive-center-location-koh-samui-600x300.jpg 600w\" sizes=\"auto, (max-width: 1920px) 100vw, 1920px\" \/>\t\t\t\t\t\t\t\t\t\t\t<figcaption class=\"widget-image-caption wp-caption-text\">Playa en Koh Samui<\/figcaption>\n\t\t\t\t\t\t\t\t\t\t<\/figure>\n\t\t\t\t\t\t\t\t\t<\/div>\n\t\t\t\t<div class=\"elementor-element elementor-element-b5f1018 elementor-widget elementor-widget-heading\" data-id=\"b5f1018\" data-element_type=\"widget\" data-e-type=\"widget\" data-widget_type=\"heading.default\">\n\t\t\t\t\t<h2 class=\"elementor-heading-title elementor-size-default\">4. Grupos reducidos y atenci\u00f3n personalizada<\/h2>\t\t\t\t<\/div>\n\t\t\t\t<div class=\"elementor-element elementor-element-32141ada elementor-widget elementor-widget-text-editor\" data-id=\"32141ada\" data-element_type=\"widget\" data-e-type=\"widget\" data-widget_type=\"text-editor.default\">\n\t\t\t\t\t\t\t\t\t<p>La opci\u00f3n por un centro de buceo que valore los<strong> grupos peque\u00f1os<\/strong> brindando una experiencia m\u00e1s personalizada suele ser la m\u00e1s acertada. Los grupos m\u00e1s peque\u00f1os a menudo significan mejores <strong>proporciones entre instructor y buzos<\/strong>, lo que permite una atenci\u00f3n m\u00e1s individual y un entorno de buceo m\u00e1s seguro. Este entorno \u00edntimo puede mejorar tu <strong>experiencia de aprendizaje<\/strong>, especialmente si eres principiante o buscas certificaciones espec\u00edficas.<\/p>\t\t\t\t\t\t\t\t<\/div>\n\t\t\t\t<div class=\"elementor-element elementor-element-f45d729 elementor-widget elementor-widget-heading\" data-id=\"f45d729\" data-element_type=\"widget\" data-e-type=\"widget\" data-widget_type=\"heading.default\">\n\t\t\t\t\t<h2 class=\"elementor-heading-title elementor-size-default\">5. Responsabilidad medioambiental<\/h2>\t\t\t\t<\/div>\n\t\t\t\t<div class=\"elementor-element elementor-element-52e4b8bf elementor-widget elementor-widget-text-editor\" data-id=\"52e4b8bf\" data-element_type=\"widget\" data-e-type=\"widget\" data-widget_type=\"text-editor.default\">\n\t\t\t\t\t\t\t\t\t<p>A medida que crece la conciencia medioambiental, muchos centros de buceo est\u00e1n adoptando pr\u00e1cticas sostenibles. Busca centros que participen activamente en la<strong> conservaci\u00f3n de los arrecifes de coral, la protecci\u00f3n marina y las iniciativas ecol\u00f3gicas <\/strong>. Elegir un centro de buceo comprometido con la responsabilidad medioambiental te permite disfrutar de tu aventura submarina mientras contribuyes a la preservaci\u00f3n de los <a href=\"https:\/\/thaimarineguide.com\/guides\/marine-life\/\"><span style=\"text-decoration: underline; color: #333333;\">ecosistemas marinos<\/span><span style=\"color: #333333;\">.<\/span><\/a><\/p>\t\t\t\t\t\t\t\t<\/div>\n\t\t\t\t<div class=\"elementor-element elementor-element-9de3d44 elementor-widget elementor-widget-heading\" data-id=\"9de3d44\" data-element_type=\"widget\" data-e-type=\"widget\" data-widget_type=\"heading.default\">\n\t\t\t\t\t<h2 class=\"elementor-heading-title elementor-size-default\">6. Ubicaci\u00f3n y Accesibilidad<\/h2>\t\t\t\t<\/div>\n\t\t\t\t<div class=\"elementor-element elementor-element-64ad24e elementor-widget elementor-widget-text-editor\" data-id=\"64ad24e\" data-element_type=\"widget\" data-e-type=\"widget\" data-widget_type=\"text-editor.default\">\n\t\t\t\t\t\t\t\t\t<p>Considera la ubicaci\u00f3n del centro de buceo en relaci\u00f3n con tu <strong>alojamiento y los sitios de buceo<\/strong>. El acceso conveniente a los puntos de buceo minimiza el tiempo de viaje y maximiza su tiempo bajo el agua. Adem\u00e1s, verifica si el centro ofrece <strong>transporte <\/strong>hacia y desde los puntos de buceo, lo que hace que su experiencia de buceo en general sea m\u00e1s fluida.<\/p>\t\t\t\t\t\t\t\t<\/div>\n\t\t\t\t<div class=\"elementor-element elementor-element-b0d8638 elementor-widget elementor-widget-heading\" data-id=\"b0d8638\" data-element_type=\"widget\" data-e-type=\"widget\" data-widget_type=\"heading.default\">\n\t\t\t\t\t<h2 class=\"elementor-heading-title elementor-size-default\">7. Transparencia de precios<\/h2>\t\t\t\t<\/div>\n\t\t\t\t<div class=\"elementor-element elementor-element-b1fa1f4 elementor-widget elementor-widget-text-editor\" data-id=\"b1fa1f4\" data-element_type=\"widget\" data-e-type=\"widget\" data-widget_type=\"text-editor.default\">\n\t\t\t\t\t\t\t\t\t<p>Si bien el costo es un factor a considerar, no deber\u00eda ser el \u00fanico determinante a la hora de elegir un centro de buceo. Busca transparencia <strong>en los precios<\/strong>, sin cargos ocultos. Aseg\u00farate de que el precio abonado incluya elementos esenciales como <strong>el alquiler del equipo, las tarifas del barco y los costos de certificaci\u00f3n<\/strong>. Un desglose claro de los costos te ayudar\u00e1 a tomar una decisi\u00f3n correcta y evitar sorpresas.<\/p><p>En conclusi\u00f3n, seleccionar el centro de buceo adecuado es un paso crucial para preparar el escenario para una aventura submarina inolvidable. Considerar factores como <strong>la seguridad, la reputaci\u00f3n, las especialidades y la responsabilidad ambiental<\/strong>, te guiar\u00e1 a tomar una decisi\u00f3n bien formada que se alinee con tus objetivos\u00a0 y garantice una experiencia positiva y enriquecedora bajo las olas.<\/p>\t\t\t\t\t\t\t\t<\/div>\n\t\t\t\t<div class=\"elementor-element elementor-element-6d2c414 elementor-widget elementor-widget-image\" data-id=\"6d2c414\" data-element_type=\"widget\" data-e-type=\"widget\" data-widget_type=\"image.default\">\n\t\t\t\t\t\t\t\t\t\t\t\t<figure class=\"wp-caption\">\n\t\t\t\t\t\t\t\t\t\t<img loading=\"lazy\" decoding=\"async\" width=\"1920\" height=\"1281\" src=\"https:\/\/silentdivers.com\/wp-content\/uploads\/2024\/02\/5b676840fc6324989690b51c47ef027a.webp\" class=\"attachment-full size-full wp-image-24195\" alt=\"Centro de buceo Silent Divers\" srcset=\"https:\/\/silentdivers.com\/wp-content\/uploads\/2024\/02\/5b676840fc6324989690b51c47ef027a.webp 1920w, https:\/\/silentdivers.com\/wp-content\/uploads\/2024\/02\/5b676840fc6324989690b51c47ef027a-768x512.webp 768w, https:\/\/silentdivers.com\/wp-content\/uploads\/2024\/02\/5b676840fc6324989690b51c47ef027a-600x400.webp 600w\" sizes=\"auto, (max-width: 1920px) 100vw, 1920px\" \/>\t\t\t\t\t\t\t\t\t\t\t<figcaption class=\"widget-image-caption wp-caption-text\">Centro de buceo Silent Divers<\/figcaption>\n\t\t\t\t\t\t\t\t\t\t<\/figure>\n\t\t\t\t\t\t\t\t\t<\/div>\n\t\t\t\t\t<\/div>\n\t\t\t\t<\/div>\n\t\t<div class=\"elementor-element elementor-element-681b6c2f e-con-full e-flex e-con e-child\" data-id=\"681b6c2f\" data-element_type=\"container\" data-e-type=\"container\" data-settings=\"{&quot;background_background&quot;:&quot;classic&quot;,&quot;background_motion_fx_motion_fx_scrolling&quot;:&quot;yes&quot;,&quot;background_motion_fx_translateY_effect&quot;:&quot;yes&quot;,&quot;background_motion_fx_translateY_speed&quot;:{&quot;unit&quot;:&quot;px&quot;,&quot;size&quot;:4,&quot;sizes&quot;:[]},&quot;background_motion_fx_translateY_affectedRange&quot;:{&quot;unit&quot;:&quot;%&quot;,&quot;size&quot;:&quot;&quot;,&quot;sizes&quot;:{&quot;start&quot;:0,&quot;end&quot;:100}},&quot;background_motion_fx_devices&quot;:[&quot;desktop&quot;,&quot;laptop&quot;,&quot;tablet&quot;,&quot;mobile&quot;]}\">\n\t\t\t\t<div class=\"elementor-element elementor-element-3847ed9e elementor-flip-box--effect-flip elementor-flip-box--direction-up elementor-widget elementor-widget-flip-box\" data-id=\"3847ed9e\" data-element_type=\"widget\" data-e-type=\"widget\" data-widget_type=\"flip-box.default\">\n\t\t\t\t\t\t\t<div class=\"elementor-flip-box\" tabindex=\"0\">\n\t\t\t<div class=\"elementor-flip-box__layer elementor-flip-box__front\">\n\t\t\t\t<div class=\"elementor-flip-box__layer__overlay\">\n\t\t\t\t\t<div class=\"elementor-flip-box__layer__inner\">\n\t\t\t\t\t\t\t\t\t\t\t\t\t<div class=\"elementor-icon-wrapper elementor-view-default\">\n\t\t\t\t\t\t\t\t<div class=\"elementor-icon\">\n\t\t\t\t\t\t\t\t\t<svg aria-hidden=\"true\" class=\"e-font-icon-svg e-far-grin-stars\" viewBox=\"0 0 496 512\" xmlns=\"http:\/\/www.w3.org\/2000\/svg\"><path d=\"M248 8C111 8 0 119 0 256s111 248 248 248 248-111 248-248S385 8 248 8zm0 448c-110.3 0-200-89.7-200-200S137.7 56 248 56s200 89.7 200 200-89.7 200-200 200zm105.6-151.4c-25.9 8.3-64.4 13.1-105.6 13.1s-79.6-4.8-105.6-13.1c-9.8-3.1-19.4 5.3-17.7 15.3 7.9 47.2 71.3 80 123.3 80s115.3-32.9 123.3-80c1.6-9.8-7.7-18.4-17.7-15.3zm-227.9-57.5c-1 6.2 5.4 11 11 7.9l31.3-16.3 31.3 16.3c5.6 3.1 12-1.7 11-7.9l-6-34.9 25.4-24.6c4.5-4.5 1.9-12.2-4.3-13.2l-34.9-5-15.5-31.6c-2.9-5.8-11-5.8-13.9 0l-15.5 31.6-34.9 5c-6.2.9-8.9 8.6-4.3 13.2l25.4 24.6-6.1 34.9zm259.7-72.7l-34.9-5-15.5-31.6c-2.9-5.8-11-5.8-13.9 0l-15.5 31.6-34.9 5c-6.2.9-8.9 8.6-4.3 13.2l25.4 24.6-6 34.9c-1 6.2 5.4 11 11 7.9l31.3-16.3 31.3 16.3c5.6 3.1 12-1.7 11-7.9l-6-34.9 25.4-24.6c4.5-4.6 1.8-12.2-4.4-13.2z\"><\/path><\/svg>\t\t\t\t\t\t\t\t<\/div>\n\t\t\t\t\t\t\t<\/div>\n\t\t\t\t\t\t\n\t\t\t\t\t\t\t\t\t\t\t\t\t<h3 class=\"elementor-flip-box__layer__title\">\n\t\t\t\t\t\t\t\t\u00a1Bucea M\u00e1s D\u00edas, Bucea A Mejor Precio!\t\t\t\t\t\t\t<\/h3>\n\t\t\t\t\t\t\n\t\t\t\t\t\t\t\t\t\t\t\t\t<div class=\"elementor-flip-box__layer__description\">\n\t\t\t\t\t\t\t\t\u00bfSab\u00edas de nuestros PACKS ESPECIALES?\t\t\t\t\t\t\t<\/div>\n\t\t\t\t\t\t\t\t\t\t\t<\/div>\n\t\t\t\t<\/div>\n\t\t\t<\/div>\n\t\t\t<div class=\"elementor-flip-box__layer elementor-flip-box__back\">\n\t\t\t<div class=\"elementor-flip-box__layer__overlay\">\n\t\t\t\t<div class=\"elementor-flip-box__layer__inner\">\n\t\t\t\t\t\t\t\t\t\t\t<h3 class=\"elementor-flip-box__layer__title\">\n\t\t\t\t\t\t\t\u00a1Hasta un 16% de Dto!\t\t\t\t\t\t<\/h3>\n\t\t\t\t\t\n\t\t\t\t\t\t\t\t\t\t\t<div class=\"elementor-flip-box__layer__description\">\n\t\t\t\t\t\t\tReserva m\u00e1s salidas de buceo con Silent Divers y consigue incre\u00edbles descuentos.<br>\n<br>\n\n<strong>2-D\u00cdAS-13%Dto.<\/strong><br>\n<strong>3-D\u00cdAS-14%Dto.<\/strong><br>\n<strong>4-D\u00cdAS-15%Dto.<\/strong><br>\n<strong>5-D\u00cdAS-16%Dto.<\/strong>\t\t\t\t\t\t<\/div>\n\t\t\t\t\t\n\t\t\t\t\t\t\t\t\t\t\t<a class=\"elementor-flip-box__button elementor-button elementor-size-sm\" href=\"#elementor-action%3Aaction%3Dpopup%3Aopen%26settings%3DeyJpZCI6MjU3NzksInRvZ2dsZSI6ZmFsc2V9\">\n\t\t\t\t\t\t\t\u00a1QUIERO DESCUENTOS!\t\t\t\t\t\t<\/a>\n\t\t\t\t\t\t\t\t<\/div>\n\t\t<\/div>\n\t\t<\/div>\n\t\t<\/div>\n\t\t\t\t\t\t<\/div>\n\t\t\t\t<div class=\"elementor-element elementor-element-8e1b760 elementor-widget elementor-widget-spacer\" data-id=\"8e1b760\" data-element_type=\"widget\" data-e-type=\"widget\" data-widget_type=\"spacer.default\">\n\t\t\t\t\t\t\t<div class=\"elementor-spacer\">\n\t\t\t<div class=\"elementor-spacer-inner\"><\/div>\n\t\t<\/div>\n\t\t\t\t\t\t<\/div>\n\t\t\t\t<div class=\"elementor-element elementor-element-5b8e92ac elementor-widget elementor-widget-heading\" data-id=\"5b8e92ac\" data-element_type=\"widget\" data-e-type=\"widget\" data-widget_type=\"heading.default\">\n\t\t\t\t\t<h2 class=\"elementor-heading-title elementor-size-default\">En Silent Divers tambi\u00e9n te ofrecemos<\/h2>\t\t\t\t<\/div>\n\t\t\t\t<div class=\"elementor-element elementor-element-334070b4 elementor-widget elementor-widget-spacer\" data-id=\"334070b4\" data-element_type=\"widget\" data-e-type=\"widget\" data-widget_type=\"spacer.default\">\n\t\t\t\t\t\t\t<div class=\"elementor-spacer\">\n\t\t\t<div class=\"elementor-spacer-inner\"><\/div>\n\t\t<\/div>\n\t\t\t\t\t\t<\/div>\n\t\t\t\t<\/div>\n\t\t<div class=\"elementor-element elementor-element-7b9eb26e e-flex e-con-boxed e-con e-child\" data-id=\"7b9eb26e\" data-element_type=\"container\" data-e-type=\"container\" data-settings=\"{&quot;background_background&quot;:&quot;classic&quot;}\">\n\t\t\t\t\t<div class=\"e-con-inner\">\n\t\t\t\t<div class=\"elementor-element elementor-element-3cffabab elementor-cta--skin-cover elementor-animated-content elementor-bg-transform elementor-bg-transform-zoom-in elementor-widget elementor-widget-call-to-action\" data-id=\"3cffabab\" data-element_type=\"widget\" data-e-type=\"widget\" data-widget_type=\"call-to-action.default\">\n\t\t\t\t\t\t\t<div class=\"elementor-cta\">\n\t\t\t\t\t<div class=\"elementor-cta__bg-wrapper\">\n\t\t\t\t<div class=\"elementor-cta__bg elementor-bg\" style=\"background-image: url(https:\/\/silentdivers.com\/wp-content\/uploads\/2023\/11\/padi-courses-koh-samui-thailand.jpg);\" role=\"img\" aria-label=\"padi-courses-koh-samui-thailand\"><\/div>\n\t\t\t\t<div class=\"elementor-cta__bg-overlay\"><\/div>\n\t\t\t<\/div>\n\t\t\t\t\t\t\t<div class=\"elementor-cta__content\">\n\t\t\t\t\n\t\t\t\t\t\t\t\t\t<h3 class=\"elementor-cta__title elementor-cta__content-item elementor-content-item elementor-animated-item--grow\">\n\t\t\t\t\t\tCursos de Buceo\t\t\t\t\t<\/h3>\n\t\t\t\t\n\t\t\t\t\t\t\t\t\t<div class=\"elementor-cta__description elementor-cta__content-item elementor-content-item elementor-animated-item--grow\">\n\t\t\t\t\t\tDesde principiante hasta profesional puedes reservar con nosotros el curso PADI que mejor se ajusta a tus necesidades o a las de tus compa\u00f1eros.\t\t\t\t\t<\/div>\n\t\t\t\t\n\t\t\t\t\t\t\t\t\t<div class=\"elementor-cta__button-wrapper elementor-cta__content-item elementor-content-item elementor-animated-item--grow\">\n\t\t\t\t\t<a class=\"elementor-cta__button elementor-button elementor-size-md\" href=\"https:\/\/silentdivers.com\/diving-courses-in-koh-samui\/\">\n\t\t\t\t\t\tRESERVAR AHORA\t\t\t\t\t<\/a>\n\t\t\t\t\t<\/div>\n\t\t\t\t\t\t\t<\/div>\n\t\t\t\t\t\t<\/div>\n\t\t\t\t\t\t<\/div>\n\t\t\t\t<div class=\"elementor-element elementor-element-16608af6 elementor-cta--skin-cover elementor-animated-content elementor-bg-transform elementor-bg-transform-zoom-in elementor-widget elementor-widget-call-to-action\" data-id=\"16608af6\" data-element_type=\"widget\" data-e-type=\"widget\" data-widget_type=\"call-to-action.default\">\n\t\t\t\t\t\t\t<div class=\"elementor-cta\">\n\t\t\t\t\t<div class=\"elementor-cta__bg-wrapper\">\n\t\t\t\t<div class=\"elementor-cta__bg elementor-bg\" style=\"background-image: url(https:\/\/silentdivers.com\/wp-content\/uploads\/2023\/11\/private-tours-samui-silent-divers.jpg);\" role=\"img\" aria-label=\"private-tours-samui-silent-divers\"><\/div>\n\t\t\t\t<div class=\"elementor-cta__bg-overlay\"><\/div>\n\t\t\t<\/div>\n\t\t\t\t\t\t\t<div class=\"elementor-cta__content\">\n\t\t\t\t\n\t\t\t\t\t\t\t\t\t<h3 class=\"elementor-cta__title elementor-cta__content-item elementor-content-item elementor-animated-item--grow\">\n\t\t\t\t\t\tTours Privados\t\t\t\t\t<\/h3>\n\t\t\t\t\n\t\t\t\t\t\t\t\t\t<div class=\"elementor-cta__description elementor-cta__content-item elementor-content-item elementor-animated-item--grow\">\n\t\t\t\t\t\tPodemos dise\u00f1ar el tour a tu medida con las posibilidades que disponemos, nos ajustaremos a tus preferencias y a las de tus acompa\u00f1antes.\t\t\t\t\t<\/div>\n\t\t\t\t\n\t\t\t\t\t\t\t\t\t<div class=\"elementor-cta__button-wrapper elementor-cta__content-item elementor-content-item elementor-animated-item--grow\">\n\t\t\t\t\t<a class=\"elementor-cta__button elementor-button elementor-size-md\" href=\"https:\/\/silentdivers.com\/es\/tours-privados-barco-samui-tailandia\/\">\n\t\t\t\t\t\tRESERVA AHORA\t\t\t\t\t<\/a>\n\t\t\t\t\t<\/div>\n\t\t\t\t\t\t\t<\/div>\n\t\t\t\t\t\t<\/div>\n\t\t\t\t\t\t<\/div>\n\t\t\t\t<div class=\"elementor-element elementor-element-2b4a42ec elementor-cta--skin-cover elementor-animated-content elementor-bg-transform elementor-bg-transform-zoom-in elementor-widget elementor-widget-call-to-action\" data-id=\"2b4a42ec\" data-element_type=\"widget\" data-e-type=\"widget\" data-widget_type=\"call-to-action.default\">\n\t\t\t\t\t\t\t<div class=\"elementor-cta\">\n\t\t\t\t\t<div class=\"elementor-cta__bg-wrapper\">\n\t\t\t\t<div class=\"elementor-cta__bg elementor-bg\" style=\"background-image: url(https:\/\/silentdivers.com\/wp-content\/uploads\/2023\/11\/snorkel-tours-samui-silent-divers.jpg);\" role=\"img\" aria-label=\"snorkel-tours-samui-silent-divers\"><\/div>\n\t\t\t\t<div class=\"elementor-cta__bg-overlay\"><\/div>\n\t\t\t<\/div>\n\t\t\t\t\t\t\t<div class=\"elementor-cta__content\">\n\t\t\t\t\n\t\t\t\t\t\t\t\t\t<h3 class=\"elementor-cta__title elementor-cta__content-item elementor-content-item elementor-animated-item--grow\">\n\t\t\t\t\t\tSalidas de Snorkel\t\t\t\t\t<\/h3>\n\t\t\t\t\n\t\t\t\t\t\t\t\t\t<div class=\"elementor-cta__description elementor-cta__content-item elementor-content-item elementor-animated-item--grow\">\n\t\t\t\t\t\tPuedes acompa\u00f1arnos tam bien si lo que prefieres en hacer snorkel. Dispones de 3 salidas semanales.\t\t\t\t\t<\/div>\n\t\t\t\t\n\t\t\t\t\t\t\t\t\t<div class=\"elementor-cta__button-wrapper elementor-cta__content-item elementor-content-item elementor-animated-item--grow\">\n\t\t\t\t\t<a class=\"elementor-cta__button elementor-button elementor-size-md\" href=\"https:\/\/silentdivers.com\/es\/snorkel-tours-samui-tailandia\/\">\n\t\t\t\t\t\tRESERVA AHORA\t\t\t\t\t<\/a>\n\t\t\t\t\t<\/div>\n\t\t\t\t\t\t\t<\/div>\n\t\t\t\t\t\t<\/div>\n\t\t\t\t\t\t<\/div>\n\t\t\t\t\t<\/div>\n\t\t\t\t<\/div>\n\t\t\t\t<\/div>\n\t\t","protected":false},"excerpt":{"rendered":"<p>Seleccionar el centro de buceo adecuado es un paso crucial para garantizar una experiencia segura, agradable y memorable. Con innumerables opciones disponibles es fundamental considerar varios factores para encontrar el centro que mejor se adapte a tus necesidades y preferencias. 1. Certificaci\u00f3n y Reputaci\u00f3n Comienza tu b\u00fasqueda verificando las certificaciones del centro en cuesti\u00f3n. Aseg\u00farate [&hellip;]<\/p>\n","protected":false},"author":1,"featured_media":24200,"parent":0,"menu_order":0,"comment_status":"closed","ping_status":"closed","template":"elementor_header_footer","meta":{"inline_featured_image":false,"footnotes":""},"class_list":["post-25050","page","type-page","status-publish","has-post-thumbnail","hentry"],"aioseo_notices":[],"_links":{"self":[{"href":"https:\/\/silentdivers.com\/es\/wp-json\/wp\/v2\/pages\/25050","targetHints":{"allow":["GET"]}}],"collection":[{"href":"https:\/\/silentdivers.com\/es\/wp-json\/wp\/v2\/pages"}],"about":[{"href":"https:\/\/silentdivers.com\/es\/wp-json\/wp\/v2\/types\/page"}],"author":[{"embeddable":true,"href":"https:\/\/silentdivers.com\/es\/wp-json\/wp\/v2\/users\/1"}],"replies":[{"embeddable":true,"href":"https:\/\/silentdivers.com\/es\/wp-json\/wp\/v2\/comments?post=25050"}],"version-history":[{"count":0,"href":"https:\/\/silentdivers.com\/es\/wp-json\/wp\/v2\/pages\/25050\/revisions"}],"wp:featuredmedia":[{"embeddable":true,"href":"https:\/\/silentdivers.com\/es\/wp-json\/wp\/v2\/media\/24200"}],"wp:attachment":[{"href":"https:\/\/silentdivers.com\/es\/wp-json\/wp\/v2\/media?parent=25050"}],"curies":[{"name":"wp","href":"https:\/\/api.w.org\/{rel}","templated":true}]}}