{"id":24878,"date":"2024-02-11T16:13:23","date_gmt":"2024-02-11T09:13:23","guid":{"rendered":"https:\/\/sd2023.silentdivers.com\/climate-in-koh-samui-vs-phuket\/"},"modified":"2024-02-12T16:53:42","modified_gmt":"2024-02-12T09:53:42","slug":"clima-koh-samui-vs-phuket","status":"publish","type":"page","link":"https:\/\/silentdivers.com\/es\/clima-koh-samui-vs-phuket\/","title":{"rendered":"Clima en Koh Samui vs Phuket"},"content":{"rendered":"\t\t<div data-elementor-type=\"wp-page\" data-elementor-id=\"24878\" class=\"elementor elementor-24878 elementor-24877\" data-elementor-post-type=\"page\">\n\t\t\t\t<div class=\"elementor-element elementor-element-6e8a10b e-flex e-con-boxed e-con e-parent\" data-id=\"6e8a10b\" data-element_type=\"container\" data-e-type=\"container\" data-settings=\"{&quot;background_background&quot;:&quot;classic&quot;}\">\n\t\t\t\t\t<div class=\"e-con-inner\">\n\t\t\t\t\t<\/div>\n\t\t\t\t<\/div>\n\t\t<div class=\"elementor-element elementor-element-276b25f e-flex e-con-boxed e-con e-parent\" data-id=\"276b25f\" data-element_type=\"container\" data-e-type=\"container\">\n\t\t\t\t\t<div class=\"e-con-inner\">\n\t\t\t\t<div class=\"elementor-element elementor-element-b56e55c elementor-widget elementor-widget-spacer\" data-id=\"b56e55c\" data-element_type=\"widget\" data-e-type=\"widget\" data-widget_type=\"spacer.default\">\n\t\t\t\t\t\t\t<div class=\"elementor-spacer\">\n\t\t\t<div class=\"elementor-spacer-inner\"><\/div>\n\t\t<\/div>\n\t\t\t\t\t\t<\/div>\n\t\t\t\t<div class=\"elementor-element elementor-element-99298f0 elementor-widget elementor-widget-text-editor\" data-id=\"99298f0\" data-element_type=\"widget\" data-e-type=\"widget\" data-widget_type=\"text-editor.default\">\n\t\t\t\t\t\t\t\t\t<p>Tailandia es famosa por sus playas v\u00edrgenes y su asombrosa cultura, atrae a millones de turistas cada a\u00f1o a su para\u00edso tropical. Entre sus destinos m\u00e1s relevantes est\u00e1 Koh Samui en el <strong>Golfo de Tailandia. <\/strong>Emerge como una joya cautivadora con su singular tapiz estacional. En esta revisi\u00f3n, profundizamos en los patrones clim\u00e1ticos distintivos, el contraste de las estaciones secas y lluviosas y las variaciones de temperatura que definen el para\u00edso tropical de Koh Samui, diferenci\u00e1ndolo del popular <strong>Phuket<\/strong> en el <strong>Mar de Andam\u00e1n <\/strong>.<\/p>\t\t\t\t\t\t\t\t<\/div>\n\t\t\t\t<div class=\"elementor-element elementor-element-8ad304b elementor-widget elementor-widget-heading\" data-id=\"8ad304b\" data-element_type=\"widget\" data-e-type=\"widget\" data-widget_type=\"heading.default\">\n\t\t\t\t\t<h2 class=\"elementor-heading-title elementor-size-default\">Phuket en el mar de Andam\u00e1n<\/h2>\t\t\t\t<\/div>\n\t\t\t\t<div class=\"elementor-element elementor-element-f6d6834 elementor-widget elementor-widget-text-editor\" data-id=\"f6d6834\" data-element_type=\"widget\" data-e-type=\"widget\" data-widget_type=\"text-editor.default\">\n\t\t\t\t\t\t\t\t\t<p>Ubicada a lo largo del mar de Andam\u00e1n, <strong>Phuket <\/strong>cuenta con un clima monz\u00f3nico tropical, con dos estaciones destacadas: la estaci\u00f3n seca y la estaci\u00f3n lluviosa. De noviembre a abril, la isla se ba\u00f1a en d\u00edas ba\u00f1ados por el sol y temperaturas agradables que oscilan entre los <span style=\"text-decoration: underline; color: #333333;\"><a style=\"color: #333333; text-decoration: underline;\" href=\"https:\/\/www.accuweather.com\/en\/th\/mueang-phuket\/320075\/weather-forecast\/320075\">24\u00b0C y los 32\u00b0C<\/a><\/span> <u>,<\/u> lo que lo convierte en un per\u00edodo id\u00edlico para actividades de playa, deportes acu\u00e1ticos y exploraci\u00f3n cultural.<\/p><p>La transici\u00f3n al monz\u00f3n del suroeste en abril marca el inicio de la temporada de lluvias, que dura de mayo a octubre. A pesar del aumento de las precipitaciones Phuket sigue siendo exuberante y acogedor, con temperaturas que oscilan entre 24\u00b0C y 30\u00b0C, lo que ofrece un agradable respiro del calor de la estaci\u00f3n seca.<\/p>\t\t\t\t\t\t\t\t<\/div>\n\t\t\t\t<div class=\"elementor-element elementor-element-1fc3556 elementor-widget elementor-widget-image\" data-id=\"1fc3556\" data-element_type=\"widget\" data-e-type=\"widget\" data-widget_type=\"image.default\">\n\t\t\t\t\t\t\t\t\t\t\t\t<figure class=\"wp-caption\">\n\t\t\t\t\t\t\t\t\t\t<img loading=\"lazy\" decoding=\"async\" width=\"1920\" height=\"960\" src=\"https:\/\/silentdivers.com\/wp-content\/uploads\/2024\/02\/phuket-weather-andaman-sea.jpg\" class=\"attachment-full size-full wp-image-24821\" alt=\"Islas en Andaman\" srcset=\"https:\/\/silentdivers.com\/wp-content\/uploads\/2024\/02\/phuket-weather-andaman-sea.jpg 1920w, https:\/\/silentdivers.com\/wp-content\/uploads\/2024\/02\/phuket-weather-andaman-sea-768x384.jpg 768w, https:\/\/silentdivers.com\/wp-content\/uploads\/2024\/02\/phuket-weather-andaman-sea-600x300.jpg 600w\" sizes=\"auto, (max-width: 1920px) 100vw, 1920px\" \/>\t\t\t\t\t\t\t\t\t\t\t<figcaption class=\"widget-image-caption wp-caption-text\">Islas en Andaman<\/figcaption>\n\t\t\t\t\t\t\t\t\t\t<\/figure>\n\t\t\t\t\t\t\t\t\t<\/div>\n\t\t\t\t<div class=\"elementor-element elementor-element-6db5963 elementor-widget elementor-widget-heading\" data-id=\"6db5963\" data-element_type=\"widget\" data-e-type=\"widget\" data-widget_type=\"heading.default\">\n\t\t\t\t\t<h2 class=\"elementor-heading-title elementor-size-default\">Koh Samui en el Golfo de Tailandia<\/h2>\t\t\t\t<\/div>\n\t\t\t\t<div class=\"elementor-element elementor-element-8c04ba4 elementor-widget elementor-widget-text-editor\" data-id=\"8c04ba4\" data-element_type=\"widget\" data-e-type=\"widget\" data-widget_type=\"text-editor.default\">\n\t\t\t\t\t\t\t\t\t<p>En el lado opuesto del pa\u00eds, <strong>Koh Samui <\/strong>, situada en el Golfo de Tailandia, cuenta con un clima monz\u00f3nico tropical con su propio ritmo estacional \u00fanico. La estaci\u00f3n seca de la isla se extiende de diciembre a febrero y es recibida por el refrescante monz\u00f3n del noreste.<\/p><p>Este per\u00edodo ve cielos despejados, brisas suaves y temperaturas que oscilan entre <span style=\"text-decoration: underline; color: #333333;\"><a style=\"color: #333333; text-decoration: underline;\" href=\"https:\/\/www.accuweather.com\/en\/th\/ko-samui\/5470\/weather-forecast\/5470\">25 \u00b0C y 32 \u00b0C <\/a><\/span>, condiciones ideales para los amantes de la playa, las actividades al aire libre y celebraci\u00f3n de eventos. La temporada de calor se extiende de marzo a agosto, donde las temperaturas promedio exceder\u00e1n los 30\u00b0C con lluvias ocasionales por la tarde.<\/p><p>De septiembre a noviembre Koh Samui pasa a su temporada de lluvias cuando llega el monz\u00f3n del suroeste, que trae lluvias m\u00e1s intensas y tormentas ocasionales. A pesar de la lluvia las temperaturas se mantienen entre 24\u00b0C y 31\u00b0C, creando un paisaje exuberante y encantador, \u00fanico en este para\u00edso tropical.<\/p>\t\t\t\t\t\t\t\t<\/div>\n\t\t\t\t<div class=\"elementor-element elementor-element-70934b4 elementor-widget elementor-widget-image\" data-id=\"70934b4\" data-element_type=\"widget\" data-e-type=\"widget\" data-widget_type=\"image.default\">\n\t\t\t\t\t\t\t\t\t\t\t\t<figure class=\"wp-caption\">\n\t\t\t\t\t\t\t\t\t\t<img loading=\"lazy\" decoding=\"async\" width=\"1920\" height=\"960\" src=\"https:\/\/silentdivers.com\/wp-content\/uploads\/2024\/02\/lamai-beach-weather-koh-samui.jpg\" class=\"attachment-full size-full wp-image-24830\" alt=\"Playa de Lamai Koh Samui\" srcset=\"https:\/\/silentdivers.com\/wp-content\/uploads\/2024\/02\/lamai-beach-weather-koh-samui.jpg 1920w, https:\/\/silentdivers.com\/wp-content\/uploads\/2024\/02\/lamai-beach-weather-koh-samui-768x384.jpg 768w, https:\/\/silentdivers.com\/wp-content\/uploads\/2024\/02\/lamai-beach-weather-koh-samui-600x300.jpg 600w\" sizes=\"auto, (max-width: 1920px) 100vw, 1920px\" \/>\t\t\t\t\t\t\t\t\t\t\t<figcaption class=\"widget-image-caption wp-caption-text\">Playa de Lamai Koh Samui<\/figcaption>\n\t\t\t\t\t\t\t\t\t\t<\/figure>\n\t\t\t\t\t\t\t\t\t<\/div>\n\t\t\t\t<div class=\"elementor-element elementor-element-ed42755 elementor-widget elementor-widget-heading\" data-id=\"ed42755\" data-element_type=\"widget\" data-e-type=\"widget\" data-widget_type=\"heading.default\">\n\t\t\t\t\t<h2 class=\"elementor-heading-title elementor-size-default\">Comparando las estaciones<\/h2>\t\t\t\t<\/div>\n\t\t\t\t<div class=\"elementor-element elementor-element-cf26abd elementor-widget elementor-widget-text-editor\" data-id=\"cf26abd\" data-element_type=\"widget\" data-e-type=\"widget\" data-widget_type=\"text-editor.default\">\n\t\t\t\t\t\t\t\t\t<p>Si bien, tanto Phuket como Koh Samui, comparten climas monz\u00f3nicos tropicales, la compensaci\u00f3n de sus estaciones, debido a las ubicaciones geogr\u00e1ficas, permite a los viajeros experimentar la diversa belleza de Tailandia durante todo el a\u00f1o.<\/p><p>La temporada alta de turismo en<strong> Phuket <\/strong>se alinea con la estaci\u00f3n seca, de <strong>noviembre a abril<\/strong>, mientras que los mejores meses en<strong> Koh Samui <\/strong>transcurren de<strong> diciembre a agosto<\/strong>. Los viajeros que deseen explorar ambos destinos sin sufrir fuertes lluvias pueden planificar sus visitas estrat\u00e9gicamente aprovechando las estaciones complementarias que ofrecen estos dos para\u00edsos tropicales.<\/p>\t\t\t\t\t\t\t\t<\/div>\n\t\t\t\t<div class=\"elementor-element elementor-element-a38f173 elementor-widget elementor-widget-heading\" data-id=\"a38f173\" data-element_type=\"widget\" data-e-type=\"widget\" data-widget_type=\"heading.default\">\n\t\t\t\t\t<h2 class=\"elementor-heading-title elementor-size-default\">Conclusi\u00f3n<\/h2>\t\t\t\t<\/div>\n\t\t\t\t<div class=\"elementor-element elementor-element-3ffd8a5 elementor-widget elementor-widget-text-editor\" data-id=\"3ffd8a5\" data-element_type=\"widget\" data-e-type=\"widget\" data-widget_type=\"text-editor.default\">\n\t\t\t\t\t\t\t\t\t<p><strong>Koh Samui, <\/strong>en el <strong>Golfo de Tailandia <\/strong>, se destaca como un faro de encanto tropical y ofrece experiencias cautivadoras durante todo el a\u00f1o. Ya sea tomando el sol en sus costas arenosas o sumergi\u00e9ndose en el encanto de la temporada de lluvias, Koh Samui invita a los viajeros a explorar su conjunto \u00fanico de maravillas clim\u00e1ticas.<\/p><p>En este para\u00edso tropical se despliega la diversa belleza de Tailandia, invitando a los viajeros a abrazar los distintos encantos estacionales que Koh Samui ofrece.<\/p>\t\t\t\t\t\t\t\t<\/div>\n\t\t\t\t<div class=\"elementor-element elementor-element-5ee1265 elementor-widget elementor-widget-image\" data-id=\"5ee1265\" data-element_type=\"widget\" data-e-type=\"widget\" data-widget_type=\"image.default\">\n\t\t\t\t\t\t\t\t\t\t\t\t<figure class=\"wp-caption\">\n\t\t\t\t\t\t\t\t\t\t<img loading=\"lazy\" decoding=\"async\" width=\"1920\" height=\"960\" src=\"https:\/\/silentdivers.com\/wp-content\/uploads\/2024\/02\/crystal-bay-beach-weather-koh-samui.jpg\" class=\"attachment-full size-full wp-image-24838\" alt=\"Playa de Crystal Bay Koh Samui\" srcset=\"https:\/\/silentdivers.com\/wp-content\/uploads\/2024\/02\/crystal-bay-beach-weather-koh-samui.jpg 1920w, https:\/\/silentdivers.com\/wp-content\/uploads\/2024\/02\/crystal-bay-beach-weather-koh-samui-768x384.jpg 768w, https:\/\/silentdivers.com\/wp-content\/uploads\/2024\/02\/crystal-bay-beach-weather-koh-samui-600x300.jpg 600w\" sizes=\"auto, (max-width: 1920px) 100vw, 1920px\" \/>\t\t\t\t\t\t\t\t\t\t\t<figcaption class=\"widget-image-caption wp-caption-text\"> Crystal Bay Koh Samui<\/figcaption>\n\t\t\t\t\t\t\t\t\t\t<\/figure>\n\t\t\t\t\t\t\t\t\t<\/div>\n\t\t\t\t\t<\/div>\n\t\t\t\t<\/div>\n\t\t<div class=\"elementor-element elementor-element-35fa287d e-con-full e-flex e-con e-child\" data-id=\"35fa287d\" data-element_type=\"container\" data-e-type=\"container\" data-settings=\"{&quot;background_background&quot;:&quot;classic&quot;,&quot;background_motion_fx_motion_fx_scrolling&quot;:&quot;yes&quot;,&quot;background_motion_fx_translateY_effect&quot;:&quot;yes&quot;,&quot;background_motion_fx_translateY_speed&quot;:{&quot;unit&quot;:&quot;px&quot;,&quot;size&quot;:4,&quot;sizes&quot;:[]},&quot;background_motion_fx_translateY_affectedRange&quot;:{&quot;unit&quot;:&quot;%&quot;,&quot;size&quot;:&quot;&quot;,&quot;sizes&quot;:{&quot;start&quot;:0,&quot;end&quot;:100}},&quot;background_motion_fx_devices&quot;:[&quot;desktop&quot;,&quot;laptop&quot;,&quot;tablet&quot;,&quot;mobile&quot;]}\">\n\t\t\t\t<div class=\"elementor-element elementor-element-25bd93d9 elementor-flip-box--effect-flip elementor-flip-box--direction-up elementor-widget elementor-widget-flip-box\" data-id=\"25bd93d9\" data-element_type=\"widget\" data-e-type=\"widget\" data-widget_type=\"flip-box.default\">\n\t\t\t\t\t\t\t<div class=\"elementor-flip-box\" tabindex=\"0\">\n\t\t\t<div class=\"elementor-flip-box__layer elementor-flip-box__front\">\n\t\t\t\t<div class=\"elementor-flip-box__layer__overlay\">\n\t\t\t\t\t<div class=\"elementor-flip-box__layer__inner\">\n\t\t\t\t\t\t\t\t\t\t\t\t\t<div class=\"elementor-icon-wrapper elementor-view-default\">\n\t\t\t\t\t\t\t\t<div class=\"elementor-icon\">\n\t\t\t\t\t\t\t\t\t<svg aria-hidden=\"true\" class=\"e-font-icon-svg e-far-grin-stars\" viewBox=\"0 0 496 512\" xmlns=\"http:\/\/www.w3.org\/2000\/svg\"><path d=\"M248 8C111 8 0 119 0 256s111 248 248 248 248-111 248-248S385 8 248 8zm0 448c-110.3 0-200-89.7-200-200S137.7 56 248 56s200 89.7 200 200-89.7 200-200 200zm105.6-151.4c-25.9 8.3-64.4 13.1-105.6 13.1s-79.6-4.8-105.6-13.1c-9.8-3.1-19.4 5.3-17.7 15.3 7.9 47.2 71.3 80 123.3 80s115.3-32.9 123.3-80c1.6-9.8-7.7-18.4-17.7-15.3zm-227.9-57.5c-1 6.2 5.4 11 11 7.9l31.3-16.3 31.3 16.3c5.6 3.1 12-1.7 11-7.9l-6-34.9 25.4-24.6c4.5-4.5 1.9-12.2-4.3-13.2l-34.9-5-15.5-31.6c-2.9-5.8-11-5.8-13.9 0l-15.5 31.6-34.9 5c-6.2.9-8.9 8.6-4.3 13.2l25.4 24.6-6.1 34.9zm259.7-72.7l-34.9-5-15.5-31.6c-2.9-5.8-11-5.8-13.9 0l-15.5 31.6-34.9 5c-6.2.9-8.9 8.6-4.3 13.2l25.4 24.6-6 34.9c-1 6.2 5.4 11 11 7.9l31.3-16.3 31.3 16.3c5.6 3.1 12-1.7 11-7.9l-6-34.9 25.4-24.6c4.5-4.6 1.8-12.2-4.4-13.2z\"><\/path><\/svg>\t\t\t\t\t\t\t\t<\/div>\n\t\t\t\t\t\t\t<\/div>\n\t\t\t\t\t\t\n\t\t\t\t\t\t\t\t\t\t\t\t\t<h3 class=\"elementor-flip-box__layer__title\">\n\t\t\t\t\t\t\t\t\u00a1Bucea M\u00e1s D\u00edas, Bucea A Mejor Precio!\t\t\t\t\t\t\t<\/h3>\n\t\t\t\t\t\t\n\t\t\t\t\t\t\t\t\t\t\t\t\t<div class=\"elementor-flip-box__layer__description\">\n\t\t\t\t\t\t\t\t\u00bfSab\u00edas de nuestros PACKS ESPECIALES?\t\t\t\t\t\t\t<\/div>\n\t\t\t\t\t\t\t\t\t\t\t<\/div>\n\t\t\t\t<\/div>\n\t\t\t<\/div>\n\t\t\t<div class=\"elementor-flip-box__layer elementor-flip-box__back\">\n\t\t\t<div class=\"elementor-flip-box__layer__overlay\">\n\t\t\t\t<div class=\"elementor-flip-box__layer__inner\">\n\t\t\t\t\t\t\t\t\t\t\t<h3 class=\"elementor-flip-box__layer__title\">\n\t\t\t\t\t\t\t\u00a1Hasta un 16% de Dto!\t\t\t\t\t\t<\/h3>\n\t\t\t\t\t\n\t\t\t\t\t\t\t\t\t\t\t<div class=\"elementor-flip-box__layer__description\">\n\t\t\t\t\t\t\tReserva m\u00e1s salidas de buceo con Silent Divers y consigue incre\u00edbles descuentos.<br>\n<br>\n\n<strong>2-D\u00cdAS-13%Dto.<\/strong><br>\n<strong>3-D\u00cdAS-14%Dto.<\/strong><br>\n<strong>4-D\u00cdAS-15%Dto.<\/strong><br>\n<strong>5-D\u00cdAS-16%Dto.<\/strong>\t\t\t\t\t\t<\/div>\n\t\t\t\t\t\n\t\t\t\t\t\t\t\t\t\t\t<a class=\"elementor-flip-box__button elementor-button elementor-size-sm\" href=\"#elementor-action%3Aaction%3Dpopup%3Aopen%26settings%3DeyJpZCI6MjU3NzksInRvZ2dsZSI6ZmFsc2V9\">\n\t\t\t\t\t\t\t\u00a1QUIERO DESCUENTOS!\t\t\t\t\t\t<\/a>\n\t\t\t\t\t\t\t\t<\/div>\n\t\t<\/div>\n\t\t<\/div>\n\t\t<\/div>\n\t\t\t\t\t\t<\/div>\n\t\t\t\t<div class=\"elementor-element elementor-element-2740ec64 elementor-widget elementor-widget-spacer\" data-id=\"2740ec64\" data-element_type=\"widget\" data-e-type=\"widget\" data-widget_type=\"spacer.default\">\n\t\t\t\t\t\t\t<div class=\"elementor-spacer\">\n\t\t\t<div class=\"elementor-spacer-inner\"><\/div>\n\t\t<\/div>\n\t\t\t\t\t\t<\/div>\n\t\t\t\t<div class=\"elementor-element elementor-element-106aa61c elementor-widget elementor-widget-heading\" data-id=\"106aa61c\" data-element_type=\"widget\" data-e-type=\"widget\" data-widget_type=\"heading.default\">\n\t\t\t\t\t<h2 class=\"elementor-heading-title elementor-size-default\">En Silent Divers tambi\u00e9n te ofrecemos<\/h2>\t\t\t\t<\/div>\n\t\t\t\t<div class=\"elementor-element elementor-element-48aacda6 elementor-widget elementor-widget-spacer\" data-id=\"48aacda6\" data-element_type=\"widget\" data-e-type=\"widget\" data-widget_type=\"spacer.default\">\n\t\t\t\t\t\t\t<div class=\"elementor-spacer\">\n\t\t\t<div class=\"elementor-spacer-inner\"><\/div>\n\t\t<\/div>\n\t\t\t\t\t\t<\/div>\n\t\t\t\t<\/div>\n\t\t<div class=\"elementor-element elementor-element-6f5d950d e-flex e-con-boxed e-con e-child\" data-id=\"6f5d950d\" data-element_type=\"container\" data-e-type=\"container\" data-settings=\"{&quot;background_background&quot;:&quot;classic&quot;}\">\n\t\t\t\t\t<div class=\"e-con-inner\">\n\t\t\t\t<div class=\"elementor-element elementor-element-40d58023 elementor-cta--skin-cover elementor-animated-content elementor-bg-transform elementor-bg-transform-zoom-in elementor-widget elementor-widget-call-to-action\" data-id=\"40d58023\" data-element_type=\"widget\" data-e-type=\"widget\" data-widget_type=\"call-to-action.default\">\n\t\t\t\t\t\t\t<div class=\"elementor-cta\">\n\t\t\t\t\t<div class=\"elementor-cta__bg-wrapper\">\n\t\t\t\t<div class=\"elementor-cta__bg elementor-bg\" style=\"background-image: url(https:\/\/silentdivers.com\/wp-content\/uploads\/2023\/11\/padi-courses-koh-samui-thailand.jpg);\" role=\"img\" aria-label=\"padi-courses-koh-samui-thailand\"><\/div>\n\t\t\t\t<div class=\"elementor-cta__bg-overlay\"><\/div>\n\t\t\t<\/div>\n\t\t\t\t\t\t\t<div class=\"elementor-cta__content\">\n\t\t\t\t\n\t\t\t\t\t\t\t\t\t<h3 class=\"elementor-cta__title elementor-cta__content-item elementor-content-item elementor-animated-item--grow\">\n\t\t\t\t\t\tCursos de Buceo\t\t\t\t\t<\/h3>\n\t\t\t\t\n\t\t\t\t\t\t\t\t\t<div class=\"elementor-cta__description elementor-cta__content-item elementor-content-item elementor-animated-item--grow\">\n\t\t\t\t\t\tDesde principiante hasta profesional puedes reservar con nosotros el curso PADI que mejor se ajusta a tus necesidades o a las de tus compa\u00f1eros.\t\t\t\t\t<\/div>\n\t\t\t\t\n\t\t\t\t\t\t\t\t\t<div class=\"elementor-cta__button-wrapper elementor-cta__content-item elementor-content-item elementor-animated-item--grow\">\n\t\t\t\t\t<a class=\"elementor-cta__button elementor-button elementor-size-md\" href=\"https:\/\/silentdivers.com\/diving-courses-in-koh-samui\/\">\n\t\t\t\t\t\tRESERVAR AHORA\t\t\t\t\t<\/a>\n\t\t\t\t\t<\/div>\n\t\t\t\t\t\t\t<\/div>\n\t\t\t\t\t\t<\/div>\n\t\t\t\t\t\t<\/div>\n\t\t\t\t<div class=\"elementor-element elementor-element-754c0bba elementor-cta--skin-cover elementor-animated-content elementor-bg-transform elementor-bg-transform-zoom-in elementor-widget elementor-widget-call-to-action\" data-id=\"754c0bba\" data-element_type=\"widget\" data-e-type=\"widget\" data-widget_type=\"call-to-action.default\">\n\t\t\t\t\t\t\t<div class=\"elementor-cta\">\n\t\t\t\t\t<div class=\"elementor-cta__bg-wrapper\">\n\t\t\t\t<div class=\"elementor-cta__bg elementor-bg\" style=\"background-image: url(https:\/\/silentdivers.com\/wp-content\/uploads\/2023\/11\/private-tours-samui-silent-divers.jpg);\" role=\"img\" aria-label=\"private-tours-samui-silent-divers\"><\/div>\n\t\t\t\t<div class=\"elementor-cta__bg-overlay\"><\/div>\n\t\t\t<\/div>\n\t\t\t\t\t\t\t<div class=\"elementor-cta__content\">\n\t\t\t\t\n\t\t\t\t\t\t\t\t\t<h3 class=\"elementor-cta__title elementor-cta__content-item elementor-content-item elementor-animated-item--grow\">\n\t\t\t\t\t\tTours Privados\t\t\t\t\t<\/h3>\n\t\t\t\t\n\t\t\t\t\t\t\t\t\t<div class=\"elementor-cta__description elementor-cta__content-item elementor-content-item elementor-animated-item--grow\">\n\t\t\t\t\t\tPodemos dise\u00f1ar el tour a tu medida con las posibilidades que disponemos, nos ajustaremos a tus preferencias y a las de tus acompa\u00f1antes.\t\t\t\t\t<\/div>\n\t\t\t\t\n\t\t\t\t\t\t\t\t\t<div class=\"elementor-cta__button-wrapper elementor-cta__content-item elementor-content-item elementor-animated-item--grow\">\n\t\t\t\t\t<a class=\"elementor-cta__button elementor-button elementor-size-md\" href=\"https:\/\/silentdivers.com\/es\/tours-privados-barco-samui-tailandia\/\">\n\t\t\t\t\t\tRESERVA AHORA\t\t\t\t\t<\/a>\n\t\t\t\t\t<\/div>\n\t\t\t\t\t\t\t<\/div>\n\t\t\t\t\t\t<\/div>\n\t\t\t\t\t\t<\/div>\n\t\t\t\t<div class=\"elementor-element elementor-element-770533ad elementor-cta--skin-cover elementor-animated-content elementor-bg-transform elementor-bg-transform-zoom-in elementor-widget elementor-widget-call-to-action\" data-id=\"770533ad\" data-element_type=\"widget\" data-e-type=\"widget\" data-widget_type=\"call-to-action.default\">\n\t\t\t\t\t\t\t<div class=\"elementor-cta\">\n\t\t\t\t\t<div class=\"elementor-cta__bg-wrapper\">\n\t\t\t\t<div class=\"elementor-cta__bg elementor-bg\" style=\"background-image: url(https:\/\/silentdivers.com\/wp-content\/uploads\/2023\/11\/snorkel-tours-samui-silent-divers.jpg);\" role=\"img\" aria-label=\"snorkel-tours-samui-silent-divers\"><\/div>\n\t\t\t\t<div class=\"elementor-cta__bg-overlay\"><\/div>\n\t\t\t<\/div>\n\t\t\t\t\t\t\t<div class=\"elementor-cta__content\">\n\t\t\t\t\n\t\t\t\t\t\t\t\t\t<h3 class=\"elementor-cta__title elementor-cta__content-item elementor-content-item elementor-animated-item--grow\">\n\t\t\t\t\t\tSalidas de Snorkel\t\t\t\t\t<\/h3>\n\t\t\t\t\n\t\t\t\t\t\t\t\t\t<div class=\"elementor-cta__description elementor-cta__content-item elementor-content-item elementor-animated-item--grow\">\n\t\t\t\t\t\tPuedes acompa\u00f1arnos tam bien si lo que prefieres en hacer snorkel. Dispones de 3 salidas semanales.\t\t\t\t\t<\/div>\n\t\t\t\t\n\t\t\t\t\t\t\t\t\t<div class=\"elementor-cta__button-wrapper elementor-cta__content-item elementor-content-item elementor-animated-item--grow\">\n\t\t\t\t\t<a class=\"elementor-cta__button elementor-button elementor-size-md\" href=\"https:\/\/silentdivers.com\/es\/snorkel-tours-samui-tailandia\/\">\n\t\t\t\t\t\tRESERVA AHORA\t\t\t\t\t<\/a>\n\t\t\t\t\t<\/div>\n\t\t\t\t\t\t\t<\/div>\n\t\t\t\t\t\t<\/div>\n\t\t\t\t\t\t<\/div>\n\t\t\t\t\t<\/div>\n\t\t\t\t<\/div>\n\t\t\t\t<\/div>\n\t\t","protected":false},"excerpt":{"rendered":"<p>Tailandia es famosa por sus playas v\u00edrgenes y su asombrosa cultura, atrae a millones de turistas cada a\u00f1o a su para\u00edso tropical. Entre sus destinos m\u00e1s relevantes est\u00e1 Koh Samui en el Golfo de Tailandia. Emerge como una joya cautivadora con su singular tapiz estacional. En esta revisi\u00f3n, profundizamos en los patrones clim\u00e1ticos distintivos, el [&hellip;]<\/p>\n","protected":false},"author":1,"featured_media":24844,"parent":0,"menu_order":0,"comment_status":"closed","ping_status":"closed","template":"elementor_header_footer","meta":{"inline_featured_image":false,"footnotes":""},"class_list":["post-24878","page","type-page","status-publish","has-post-thumbnail","hentry"],"aioseo_notices":[],"_links":{"self":[{"href":"https:\/\/silentdivers.com\/es\/wp-json\/wp\/v2\/pages\/24878","targetHints":{"allow":["GET"]}}],"collection":[{"href":"https:\/\/silentdivers.com\/es\/wp-json\/wp\/v2\/pages"}],"about":[{"href":"https:\/\/silentdivers.com\/es\/wp-json\/wp\/v2\/types\/page"}],"author":[{"embeddable":true,"href":"https:\/\/silentdivers.com\/es\/wp-json\/wp\/v2\/users\/1"}],"replies":[{"embeddable":true,"href":"https:\/\/silentdivers.com\/es\/wp-json\/wp\/v2\/comments?post=24878"}],"version-history":[{"count":0,"href":"https:\/\/silentdivers.com\/es\/wp-json\/wp\/v2\/pages\/24878\/revisions"}],"wp:featuredmedia":[{"embeddable":true,"href":"https:\/\/silentdivers.com\/es\/wp-json\/wp\/v2\/media\/24844"}],"wp:attachment":[{"href":"https:\/\/silentdivers.com\/es\/wp-json\/wp\/v2\/media?parent=24878"}],"curies":[{"name":"wp","href":"https:\/\/api.w.org\/{rel}","templated":true}]}}