{"id":17222,"date":"2023-03-06T07:41:34","date_gmt":"2023-03-06T00:41:34","guid":{"rendered":"https:\/\/sd2023.silentdivers.com\/refund_returns\/"},"modified":"2023-12-21T03:10:45","modified_gmt":"2023-12-20T20:10:45","slug":"terminos-condiciones-venta-reserva-buceos","status":"publish","type":"page","link":"https:\/\/silentdivers.com\/es\/terminos-condiciones-venta-reserva-buceos\/","title":{"rendered":"T\u00e9rminos y Condiciones"},"content":{"rendered":"\t\t<div data-elementor-type=\"wp-page\" data-elementor-id=\"17222\" class=\"elementor elementor-17222 elementor-10217\" data-elementor-post-type=\"page\">\n\t\t\t\t<div class=\"elementor-element elementor-element-6ec3d988 e-flex e-con-boxed e-con e-parent\" data-id=\"6ec3d988\" data-element_type=\"container\" data-e-type=\"container\">\n\t\t\t\t\t<div class=\"e-con-inner\">\n\t\t\t\t<div class=\"elementor-element elementor-element-16afa8fd elementor-widget elementor-widget-text-editor\" data-id=\"16afa8fd\" data-element_type=\"widget\" data-e-type=\"widget\" data-widget_type=\"text-editor.default\">\n\t\t\t\t\t\t\t\t\t<h4>RESERVAS<\/h4>\n<ul>\n \t<li>Todas aquellas personas que deseen reservar una excursi\u00f3n de buceo deber\u00e1n mostrar una licencia de buceo v\u00e1lida emitida por PADI o cualquier otra organizaci\u00f3n equivalente. En caso de no poder mostrar dicha licencia se deber\u00e1 solicitar un email de confirmaci\u00f3n o prueba de certificaci\u00f3n digital a la organizaci\u00f3n expedidora.<\/li>\n \t<li>Todo buceador certificado deber\u00e1 rellenar y firmar un Contrato de Descargo de Responsabilidad y Asunci\u00f3n de Riesgo antes de la salida del barco.<\/li>\n \t<li>Todos los buceadores deber\u00e1n rellenar y firmar un Contrato de Descargo de Responsabilidad y Asunci\u00f3n de Riesgo y una Declaraci\u00f3n M\u00e9dica antes de comenzar cualquier actividad acu\u00e1tica.<\/li>\n<\/ul>\n<h4>PAGOS<\/h4>\n<ul>\n \t<li>Toda reserva online requerir\u00e1 el pago de un 20% del precio total.<\/li>\n \t<li>La cantidad restante ser\u00e1 abonada antes del comienzo de la primera excursi\u00f3n reservada.<\/li>\n<\/ul>\n<h4>CANCELACIONES<\/h4>\n<ul>\n \t<li>Silent Divers se reserva el derecho a modificar o cancelar cualquier excursi\u00f3n debido a, aunque no limitado a, condiciones ambientales que hagan el buceo inseguro, dificultades o cualquier otra causa impredecible. Esto puede conllevar un cambio en el destino y\/o la elecci\u00f3n del lugar de buceo.<\/li>\n \t<li>En el improbable caso que Silent Divers cancele una excursi\u00f3n, los clientes tendr\u00e1n derecho cambiar el d\u00eda de la excursi\u00f3n sin coste alguno a\u00f1adido o a una total devoluci\u00f3n del pago realizado.<\/li>\n \t<li>No se devolver\u00e1 importe alguno en caso que el cliente no se presente, sea cual sea el motivo, a la hora y en el lugar indicados para el comienzo de la excursi\u00f3n o curso.<\/li>\n \t<li>Las cancelaciones realizadas 2 d\u00edas con anterioridad al comienzo de la excursi\u00f3n o curso podr\u00e1n recibir una devoluci\u00f3n complete del pago realizado, descontando tasas bancarias, comisiones por pago con tarjeta de cr\u00e9dito\/d\u00e9bito y cualquier p\u00e9rdida en las tasas de cambio que pudieran percibirse.<\/li>\n \t<li>El dep\u00f3sito del 20% pagado durante cualquier reserva en l\u00ednea NO ser\u00e1 reembolsable en caso de que se reciba una cancelaci\u00f3n menos de 2 d\u00edas antes del comienzo del primer d\u00eda de viaje\/curso.<\/li>\n<\/ul>\n<h4>SEGURO\/DESCARGO DE RESPONSABILIDAD<\/h4>\n<ul>\n \t<li>Silent Divers posee una p\u00f3liza completa de seguro de buceo que cubre a sus clientes en el improbable caso de un accidente de buceo mientras est\u00e9n llevando a cabo una excursi\u00f3n o curso con Silent Divers.<\/li>\n \t<li>Silent Divers es miembro the la SSS Chamber Network en Koh Samui lo cual nos garantiza acceso a la c\u00e1mara de recompresi\u00f3n situada junto a nuestro embarcadero.<\/li>\n \t<li>Con todo, alentamos encarecidamente a toda persona que vaya a pasar sus vacaciones en Tailandia a contratar una p\u00f3liza de seguros privada o grupal que cubra espec\u00edficamente aquellas actividades que se planeen realizar durante el viaje.<\/li>\n \t<li>Bajo ninguna circunstancia Silent Divers, sus empleados, agentes, contratistas y colaboradores ser\u00e1n responsables por de ninguna p\u00e9rdida material o personal, accidentes, da\u00f1os o muerte ya sea a trav\u00e9s de ninguna de las actividades reservadas a trav\u00e9s de Silent Divers o causas por terceras personas conectadas o no con Silent Divers. Silent Divers no ser\u00e1 responsable de ning\u00fan gasto adicional en los que el\/la cliente pudiera incurrir por cualquier motivo. Si una queja es recibida durante una excursi\u00f3n, sea cual sea el motivo, Silent Divers se compromete a investigarla y a actuar en consecuencia.<\/li>\n<\/ul>\n<a name:dtoes><\/a>\n<h4>DESCUENTO EQUIPO PROPIO<\/h4>\n<ul>\n \t<li>Se aplicar\u00e1 un descuento del 5% a los clientes que traigan su propio equipo de buceo. Debe incluir todos los elementos necesarios: m\u00e1scara, aletas, reguladores, chaleco y traje de neopreno.<\/li>\n<\/ul>\n<a name:packes><\/a>\n<h4>DESCUENTO POR RESERVA DE VARIOS D\u00cdAS<\/h4>\n<ul>\n \t<li>Debe ser un buceador certificado.<\/li>\n \t<li>Se aplica \u00fanicamente a Fun Dives, no cubre cursos\/productos comprados.<\/li>\n \t<li>El descuento por reserva anticipada no se aplica adem\u00e1s del descuento por reserva de varios d\u00edas.<\/li>\n \t<li>Para calificar para un descuento de varios d\u00edas; Las reservas deben completarse en l\u00ednea antes de su primer d\u00eda de inmersi\u00f3n.<\/li>\n \t<li>2 d\u00edas de buceo = 13 % de descuento en tu factura final.<\/li>\n \t<li>3 d\u00edas de buceo = 14 % de descuento en tu factura final.<\/li>\n \t<li>4 d\u00edas de buceo = 15 % de descuento en tu factura final.<\/li>\n \t<li>5 d\u00edas de buceo = 16 % de descuento en tu factura final.<\/li>\n \t<li>Todos los d\u00edas de buceo deben agregarse a su carrito de compras y registrarse como una sola reserva.<\/li>\n \t<li>Se cargar\u00e1 el 20% del precio total como dep\u00f3sito. El importe descontado se deducir\u00e1 del importe adeudado y se cobrar\u00e1 antes de sus primeros d\u00edas de buceo.<\/li>\n<\/ul>\n<a name=\"dto\"><\/a>\n<h4>DESCUENTOS EN RESERVAS POR ANTICIPADO<\/h4>\n<ul>\n \t<li>Los descuentos s\u00f3lo son aplicables a reservas online hechas con al menos 7 d\u00edas de antelaci\u00f3n al comienzo del curso o salida.<\/li>\n \t<li>Se cobrar\u00e1 un dep\u00f3sito correspondiente al 20% del precio total durante el proceso de reserva online. El descuento ser\u00e1 deducido de la cantidad debida, al pago.<\/li>\n \t<li>El descuento por venta anticipada no se aplica a los tours privados.<\/li>\n<\/ul>\t\t\t\t\t\t\t\t<\/div>\n\t\t\t\t\t<\/div>\n\t\t\t\t<\/div>\n\t\t\t\t<\/div>\n\t\t","protected":false},"excerpt":{"rendered":"<p>RESERVAS Todas aquellas personas que deseen reservar una excursi\u00f3n de buceo deber\u00e1n mostrar una licencia de buceo v\u00e1lida emitida por PADI o cualquier otra organizaci\u00f3n equivalente. En caso de no poder mostrar dicha licencia se deber\u00e1 solicitar un email de confirmaci\u00f3n o prueba de certificaci\u00f3n digital a la organizaci\u00f3n expedidora. Todo buceador certificado deber\u00e1 rellenar [&hellip;]<\/p>\n","protected":false},"author":1,"featured_media":17150,"parent":0,"menu_order":0,"comment_status":"closed","ping_status":"closed","template":"","meta":{"inline_featured_image":false,"footnotes":""},"class_list":["post-17222","page","type-page","status-publish","has-post-thumbnail","hentry"],"aioseo_notices":[],"_links":{"self":[{"href":"https:\/\/silentdivers.com\/es\/wp-json\/wp\/v2\/pages\/17222","targetHints":{"allow":["GET"]}}],"collection":[{"href":"https:\/\/silentdivers.com\/es\/wp-json\/wp\/v2\/pages"}],"about":[{"href":"https:\/\/silentdivers.com\/es\/wp-json\/wp\/v2\/types\/page"}],"author":[{"embeddable":true,"href":"https:\/\/silentdivers.com\/es\/wp-json\/wp\/v2\/users\/1"}],"replies":[{"embeddable":true,"href":"https:\/\/silentdivers.com\/es\/wp-json\/wp\/v2\/comments?post=17222"}],"version-history":[{"count":0,"href":"https:\/\/silentdivers.com\/es\/wp-json\/wp\/v2\/pages\/17222\/revisions"}],"wp:featuredmedia":[{"embeddable":true,"href":"https:\/\/silentdivers.com\/es\/wp-json\/wp\/v2\/media\/17150"}],"wp:attachment":[{"href":"https:\/\/silentdivers.com\/es\/wp-json\/wp\/v2\/media?parent=17222"}],"curies":[{"name":"wp","href":"https:\/\/api.w.org\/{rel}","templated":true}]}}