{"id":17149,"date":"2023-11-24T15:46:46","date_gmt":"2023-11-24T08:46:46","guid":{"rendered":"https:\/\/sd2023.silentdivers.com\/privacy-cookies\/"},"modified":"2023-12-23T18:54:56","modified_gmt":"2023-12-23T11:54:56","slug":"politica-privacidad-cookies","status":"publish","type":"page","link":"https:\/\/silentdivers.com\/es\/politica-privacidad-cookies\/","title":{"rendered":"Pol\u00edtica de privacidad y cookies"},"content":{"rendered":"\t\t<div data-elementor-type=\"wp-page\" data-elementor-id=\"17149\" class=\"elementor elementor-17149 elementor-16363\" data-elementor-post-type=\"page\">\n\t\t\t\t<div class=\"elementor-element elementor-element-bcdcc1c e-con-full e-flex e-con e-parent\" data-id=\"bcdcc1c\" data-element_type=\"container\" data-e-type=\"container\">\n\t\t<div class=\"elementor-element elementor-element-3f8e63f e-con-full e-flex e-con e-child\" data-id=\"3f8e63f\" data-element_type=\"container\" data-e-type=\"container\" data-settings=\"{&quot;background_background&quot;:&quot;classic&quot;}\">\n\t\t<div class=\"elementor-element elementor-element-f5b8507 e-flex e-con-boxed e-con e-child\" data-id=\"f5b8507\" data-element_type=\"container\" data-e-type=\"container\" data-settings=\"{&quot;background_background&quot;:&quot;classic&quot;}\">\n\t\t\t\t\t<div class=\"e-con-inner\">\n\t\t\t\t\t<\/div>\n\t\t\t\t<\/div>\n\t\t\t\t<\/div>\n\t\t\t\t<\/div>\n\t\t<div class=\"elementor-element elementor-element-6ec3d988 e-flex e-con-boxed e-con e-parent\" data-id=\"6ec3d988\" data-element_type=\"container\" data-e-type=\"container\">\n\t\t\t\t\t<div class=\"e-con-inner\">\n\t\t\t\t<div class=\"elementor-element elementor-element-16afa8fd elementor-widget elementor-widget-text-editor\" data-id=\"16afa8fd\" data-element_type=\"widget\" data-e-type=\"widget\" data-widget_type=\"text-editor.default\">\n\t\t\t\t\t\t\t\t\t<h2>Quienes somos<\/h2><p>Nuestro sitio web es: https:\/\/silentdivers.com<br \/>\u00a0<\/p><p>La presente Pol\u00edtica de Privacidad establece la forma en la que se tratar\u00e1n los datos personales recogidos a trav\u00e9s de la p\u00e1gina web silentdivers.com es (en adelante, tambi\u00e9n referida como la \u201cweb\u201d).<br \/>En Silent Divers Co. Ltd. (empresa que administra esta web) es estamos especialmente concienciados acerca de la seguridad y por garantizar la confidencialidad de los datos aportados por nuestros clientes. Por ello, en materia de protecci\u00f3n de datos garantizamos el cumplimiento del Reglamento (UE) 2016\/679 del Parlamento Europeo y del Consejo, de 27 de abril de 2016 (Reglamento General de Protecci\u00f3n de Datos).<\/p><p><strong>1. Responsable del Tratamiento de Datos<\/strong><\/p><p>Silent Divers Co. Ltd. es el propietario de una web de negocio con reservas online responsable del tratamiento de los datos personales:<\/p><p><a title=\"Contacto con centro de buceo en Koh Samui \u2013 Tailandia\" href=\"https:\/\/silentdivers.com\/es\/contactar-silent-divers-samui\/\">Formulario de contacto<\/a><\/p><p><strong>2. Finalidad del tratamiento<\/strong><\/p><p>Silent Divers Co. Ltd. recoger\u00e1 sus datos personales a trav\u00e9s de los formularios ubicados en la Web y los tratar\u00e1 con el fin de:<\/p><ul><li>Cursar su solicitud de usuario registrado, ya sea con el fin de comentar en sus publicaciones o adquirir productos a trav\u00e9s de la web. Una vez confirmada y aceptada su solicitud, el usuario recibir\u00e1 un correo electr\u00f3nico de confirmaci\u00f3n en la direcci\u00f3n indicada al momento de completar el formulario de registro.<\/li><li>Cursar las reservas ofrecidos por Silent Divers Co. Ltd.<\/li><li>El env\u00edo de correos electr\u00f3nicos a destinatarios definidos por el usuario.<\/li><li>Remisi\u00f3n de comunicaciones comerciales publicitarias por email. Dichas comunicaciones comerciales estar\u00e1n relacionadas con productos o servicios ofrecidos por Silent Divers Co. Ltd. En cada comunicaci\u00f3n comercial que reciba el usuario de Silent Divers Co. Ltd. se le informar\u00e1 de los procedimientos habilitados para que pueda oponerse gratuitamente al tratamiento de sus datos con fines comerciales. La aceptaci\u00f3n para la remisi\u00f3n de informaci\u00f3n comercial tiene siempre car\u00e1cter revocable, sin efectos retroactivos, conforme a lo dispuesto en el art\u00edculo 22.2 de la LSSI.<\/li><li>Realizar estudios estad\u00edsticos.<\/li><li>Remitir comunicaciones solicitando la opini\u00f3n de los usuarios por medio de distintas plataformas para la mejora de nuestros servicios.<\/li><li>Tramitar encargos, solicitudes o responder a las peticiones que sean realizadas por el usuario a trav\u00e9s de cualquiera de las formas de contacto que se ponen a disposici\u00f3n del usuario en el sitio web de Silent Divers Co. Ltd..<\/li><li>Remitir el bolet\u00edn de noticias o newsletter de Silent Divers Co. Ltd.<\/li><\/ul><p>Le informamos de que Silent Divers Co. Ltd. utilizar\u00e1 datos personales para la elaboraci\u00f3n de perfiles de comportamiento, y para la adopci\u00f3n de decisiones automatizadas respecto a la recomendaci\u00f3n de servicios.<\/p><p>Todos los datos solicitados a trav\u00e9s de la Web y marcados en color rojo son obligatorios, ya que son necesarios para la prestaci\u00f3n de un servicio \u00f3ptimo al usuario de la web. En caso de que no sean facilitados, no podremos atenderle debidamente.<\/p><p><strong>3. Conservaci\u00f3n de los datos<\/strong><\/p><p>En caso de que el usuario se registre en la web como titular de una tienda online, o en caso de que el usuario compre productos a trav\u00e9s de la web, los datos personales se conservar\u00e1n mientras se mantenga la relaci\u00f3n contractual entre las partes y, en todo caso, hasta que transcurra el plazo para exigir responsabilidades derivadas de la relaci\u00f3n contractual y otras obligaciones legales.<br \/>En el resto de los casos, los datos personales proporcionados se conservar\u00e1n mientras no se solicite su supresi\u00f3n por el interesado. Asimismo, los datos ser\u00e1n conservados conforme a los plazos legales establecidos en materia legal, fiscal y contable, tomando como referencia la fecha de la solicitud de supresi\u00f3n de los datos efectuada por el interesado.<\/p><p><strong>4. Legitimaci\u00f3n para el tratamiento de sus datos<\/strong><\/p><p>En caso de que el usuario se registre en la web, la base legal para el tratamiento de datos personales reside en la ejecuci\u00f3n del contrato existente entre las partes. Le recordamos que la relaci\u00f3n contractual entre las partes se inicia en el momento en que el usuario de la web se registra como cliente o suscriptor y acepta las condiciones generales de uso relativas a Tiendas Personales.<br \/>En caso de que el usuario compre productos a trav\u00e9s de la web en condici\u00f3n de consumidor, la base legal para el tratamiento de datos personales reside en la ejecuci\u00f3n del contrato existente entre las partes. Le recordamos que la relaci\u00f3n contractual entre las partes se inicia en el momento en que el usuario realiza un pedido de los servicios de Silent Divers Co. Ltd. y acepta las condiciones de compra.<\/p><p>En el resto de supuestos en los cuales el usuario facilita datos personales a trav\u00e9s de cualquier formulario ubicado en la web, la base legal para el tratamiento de sus datos residir\u00e1 en el consentimiento prestado libremente, el cual podr\u00e1 ser retirado en cualquier momento.<br \/>El inter\u00e9s leg\u00edtimo para mejorar nuestros productos y servicios.<\/p><p><strong>5. Destinatarios<\/strong><\/p><p>Silent Divers Co. Ltd. no realizar\u00e1 ninguna cesi\u00f3n ni transferencia alguna de datos.<\/p><p><strong>6. Derechos del Interesado<\/strong><\/p><p>El usuario de la web, en su condici\u00f3n de interesado, puede ejercer los siguientes derechos:<\/p><p>Derecho a solicitar el acceso a sus datos personales: Cualquier persona tiene el derecho de conocer si Silent Divers Co. Ltd. trata datos personales que les conciernan, o no. Las personas interesadas tienen derecho a acceder a sus datos personales.<br \/>Derecho a solicitar su rectificaci\u00f3n de sus datos: Esto es, a obtener del Responsable del tratamiento la rectificaci\u00f3n de los datos personales inexactos que le conciernen sin demora indebida.<br \/>Derecho a solicitar la supresi\u00f3n de sus datos (derecho al olvido): Es decir, derecho a obtener, sin dilaci\u00f3n indebida del responsable del tratamiento, la supresi\u00f3n de los datos personales que le conciernan, cuando concurra alguna de las circunstancias siguientes:<br \/>a) Cuando los datos personales ya no sean necesarios en relaci\u00f3n con los fines para los que fueron recogidos o tratados de otro modo.<br \/>b) Cuando el interesado retire el consentimiento en que se basa el tratamiento de acuerdo con lo establecido en el apartado a) del art\u00edculo 6.1 del RGPD, o en el apartado a) del art\u00edculo 9.2 del RGPD, y \u00e9ste no se base en otro fundamento jur\u00eddico.<br \/>c) Cuando el interesado se oponga al tratamiento y no prevalezcan otros motivos leg\u00edtimos para el tratamiento, de acuerdo con lo establecido en el art\u00edculo 21.1 y 21.2 del RGPD.<br \/>d) Cuando los datos personales hayan sido tratados il\u00edcitamente.<br \/>e) Cuando los datos personales deban suprimirse para el cumplimiento de una obligaci\u00f3n legal establecida en el Derecho de la Uni\u00f3n o de los Estados miembros que se aplique al responsable del tratamiento.<br \/>f) Cuando los datos personales se hayan obtenido en relaci\u00f3n con la oferta de servicios de la sociedad de la informaci\u00f3n seg\u00fan dispone el art\u00edculo 8.1 del RGPD.<br \/>Derecho a solicitar la limitaci\u00f3n de su tratamiento: tendr\u00e1 derecho a obtener del responsable del tratamiento la limitaci\u00f3n del tratamiento de los datos est\u00e1n tasados por la norma y son:<br \/>a) Cuando el interesado impugne la exactitud de los datos personales, durante un plazo que permita al responsable verificar la exactitud de los mismos.<br \/>b) Cuando el tratamiento sea il\u00edcito y el interesado se oponga a la supresi\u00f3n de los datos personales y solicite en su lugar la limitaci\u00f3n de su uso.<br \/>c) Cuando el responsable ya no necesite los datos personales para los fines del tratamiento, pero el interesado los necesite para la formulaci\u00f3n, el ejercicio o la defensa de reclamaciones.<br \/>d) Cuando el interesado se haya opuesto al tratamiento ejercitando su derecho de oposici\u00f3n de acuerdo con lo dispuesto en el art\u00edculo 21.1RGPD, mientras se verifica si los motivos leg\u00edtimos del responsable prevalecen sobre los del interesado.<br \/>Derecho a la portabilidad de los datos: tendr\u00e1 derecho a recibir los datos personales que le incumban, que haya facilitado a un responsable del tratamiento, en un formato estructurado, de uso com\u00fan y lectura mec\u00e1nica, y a transmitirlos a otro responsable del tratamiento sin que lo impida el responsable al que se los hubiese facilitado.<br \/>Derecho a oponerse al tratamiento: el derecho del interesado a oponerse, en cualquier momento, por motivos relacionados con su situaci\u00f3n particular, a que datos personales que le conciernan sean objeto de un tratamiento.<br \/>Derecho a retirar el consentimiento prestado: el interesado tiene derecho retirar su consentimiento para el procesamiento de sus datos personales en cualquier momento.<\/p><p>Puede ejercer sus derechos mediante comunicaci\u00f3n escrita dirigida al Responsable del tratamiento a las siguientes direcciones:<\/p><p>39\/8 Moo 3 Bophut Koh Samui 84320 Thailand<br \/>O enviando un email a trav\u00e9s del <a title=\"Contacto con centro de buceo en Koh Samui \u2013 Tailandia\" href=\"https:\/\/silentdivers.com\/es\/contactar-silent-divers-samui\/\">formulario de contacto.<\/a><\/p><p>Para el efectivo ejercicio de sus derechos, usted deber\u00e1 acompa\u00f1ar, junto a su solicitud, una fotocopia del documento correspondiente para acreditar su identidad (NIF, DNI, etc.).<\/p><p>Finalmente, le informamos de que tiene derecho a acudir ante la Agencia Estatal de Protecci\u00f3n de Datos para presentar una reclamaci\u00f3n, si considera que se ha vulnerado alguno de sus derechos. A trav\u00e9s del siguiente enlace, hallar\u00e1 los datos de contacto de la mencionada Agencia. http:\/\/www.agpd.es\/portalwebAGPD\/CanalDelCiudadano\/contacteciudadano\/index-ides-idphp.php<\/p><p><strong>7. Pagos<\/strong><\/p><p>Aceptamos pagos mediante PayPal y Omise. Al procesar pagos algunos de tus datos se pasar\u00e1n a PayPal incluida la informaci\u00f3n requerida para procesar o dar soporte al pago, tales como el total de la compra y la informaci\u00f3n de facturaci\u00f3n. La pol\u00edtica de privacidad y tratamiento de datos en Paypal puedes verla en <a href=\"https:\/\/www.paypal.com\/es\/webapps\/mpp\/ua\/privacy-full\">este enlace<\/a>.<\/p><p><strong>8. Seguridad<\/strong><\/p><p>Silent Divers Co. Ltd. le informa que tiene implantadas las medidas de seguridad de \u00edndole t\u00e9cnica y organizativas necesarias para garantizar la seguridad de sus datos de car\u00e1cter personal y evitar su alteraci\u00f3n, p\u00e9rdida, tratamiento y\/o acceso no autorizado, teniendo en cuenta el estado de la tecnolog\u00eda, la naturaleza de los datos almacenados y los riesgos a los que est\u00e1n expuestos, ya provengan de la acci\u00f3n humana o del medio f\u00edsico o natural.<\/p><p><strong>9.<\/strong> <strong>Qui\u00e9n de nuestro equipo tiene acceso<\/strong><\/p><p>Los miembros de nuestro equipo tienen acceso a la informaci\u00f3n que nos ofreces. Por ejemplo, los administradores y gestores de tienda pueden acceder:<\/p><ul><li>La informaci\u00f3n de servicios, como qu\u00e9 se adquiri\u00f3 y cuando.<\/li><li>La informaci\u00f3n de cliente, como tu nombre, direcci\u00f3n de correo electr\u00f3nico y la informaci\u00f3n de facturaci\u00f3n.<\/li><\/ul><p>Los miembros de nuestro equipo tienen acceso a esta informaci\u00f3n para ayudar a completar pedidos, procesar reembolsos y darte soporte.<\/p><p><strong>10. Links<\/strong><\/p><p>Silent Divers Co. Ltd. es puede incluir hiperv\u00ednculos a otros sitios que no son operados o controlados por Silent Divers Co. Ltd. Por ello, Silent Divers Co. Ltd. no garantiza, ni se hace responsable de la licitud, fiabilidad, utilidad, veracidad y actualidad de los contenidos de tales sitios web o de sus pr\u00e1cticas de privacidad.<\/p><p>Por favor, antes de proporcionar su informaci\u00f3n personal a estos sitios web ajenos tenga en cuenta que sus pr\u00e1cticas de privacidad pueden diferir de las nuestras.<\/p><p><strong>11. Cookies<\/strong><br \/><strong>\u00bfQu\u00e9 es una cookie?<\/strong><br \/>Una <em>cookie<\/em> es un fichero de texto <b>inofensivo<\/b> que se almacena en su navegador cuando visita casi cualquier p\u00e1gina web. La utilidad de la <em>cookie<\/em> es que la web sea capaz de recordar su visita cuando vuelva a navegar por esa p\u00e1gina. Aunque mucha gente no lo sabe las <em>cookies<\/em> se llevan utilizando desde hace 20 a\u00f1os, cuando aparecieron los primeros navegadores para la World Wide Web.<br \/><strong>\u00bfQu\u00e9 NO ES una cookie?<\/strong><br \/>No es un virus, ni un troyano, ni un gusano, ni spam, ni spyware, ni abre ventanas pop-up.<br \/><strong>\u00bfQu\u00e9 informaci\u00f3n almacena una <em>cookie<\/em>?<\/strong><br \/>Las <em>cookies<\/em> no suelen almacenar informaci\u00f3n sensible sobre usted, como tarjetas de cr\u00e9dito o datos bancarios, fotograf\u00edas, su DNI o informaci\u00f3n personal, etc. Los datos que guardan son de car\u00e1cter t\u00e9cnico, preferencias personales, personalizaci\u00f3n de contenidos, etc.<\/p><p>El servidor web no le asocia a usted como persona si no a su navegador web. De hecho, si usted navega habitualmente con Internet Explorer y prueba a navegar por la misma web con Firefox o Chrome ver\u00e1 que la web no se da cuenta que es usted la misma persona porque en realidad est\u00e1 asociando al navegador, no a la persona.<br \/><strong>\u00bfQu\u00e9 tipo de <em>cookies<\/em> existen?<\/strong><\/p><ul><li><em>Cookies<\/em> t\u00e9cnicas: Son las m\u00e1s elementales y permiten, entre otras cosas, saber cu\u00e1ndo est\u00e1 navegando un humano o una aplicaci\u00f3n automatizada, cu\u00e1ndo navega un usuario an\u00f3nimo y uno registrado, tareas b\u00e1sicas para el funcionamiento de cualquier web din\u00e1mica.<\/li><li><em>Cookies<\/em> de an\u00e1lisis: Recogen informaci\u00f3n sobre el tipo de navegaci\u00f3n que est\u00e1 realizando, las secciones que m\u00e1s utiliza, productos consultados, franja horaria de uso, idioma, etc.<\/li><li><em>Cookies<\/em> publicitarias: Muestran publicidad en funci\u00f3n de su navegaci\u00f3n, su pa\u00eds de procedencia, idioma, etc.<\/li><\/ul><p><strong>\u00bfQu\u00e9 son las <em>cookies<\/em> propias y las de terceros?<\/strong><br \/>Las <em>cookies propias<\/em> son las generadas por la p\u00e1gina que est\u00e1 visitando y las <em>de terceros<\/em> son las generadas por servicios o proveedores externos como Facebook, Twitter, Google, etc.<br \/><strong>\u00bfQu\u00e9 ocurre si desactivo las <em>cookies<\/em>?<\/strong><br \/>Para que entienda el alcance que puede tener desactivar las <em>cookies<\/em> le mostramos unos ejemplos:<\/p><ul><li>No podr\u00e1 compartir contenidos de esa web en Facebook, Twitter o cualquier otra red social.<\/li><li>El sitio web no podr\u00e1 adaptar los contenidos a sus preferencias personales, como suele ocurrir en las tiendas online.<\/li><li>No podr\u00e1 acceder al \u00e1rea personal de esa web, como por ejemplo <em>Mi cuenta<\/em>, o <em>Mi perfil<\/em> o <em>Mis pedidos<\/em>.<\/li><li>Tiendas online: Le ser\u00e1 imposible realizar compras online, tendr\u00e1n que ser telef\u00f3nicas o visitando la tienda f\u00edsica si es que dispone de ella.<\/li><li>No ser\u00e1 posible personalizar sus preferencias geogr\u00e1ficas como franja horaria, divisa o idioma.<\/li><li>El sitio web no podr\u00e1 realizar anal\u00edticas web sobre visitantes y tr\u00e1fico en la web, lo que dificultar\u00e1 que la web sea competitiva.<\/li><li>No podr\u00e1 escribir en el blog, no podr\u00e1 subir fotos, publicar comentarios, valorar o puntuar contenidos. La web tampoco podr\u00e1 saber si usted es un humano o una aplicaci\u00f3n automatizada que publica <em>spam<\/em>.<\/li><li>No se podr\u00e1 mostrar publicidad sectorizada, lo que reducir\u00e1 los ingresos publicitarios de la web.<\/li><li>Todas las redes sociales usan <em>cookies<\/em>, si las desactiva no podr\u00e1 utilizar ninguna red social.<\/li><\/ul><p><strong>\u00bfSe pueden eliminar las <em>cookies<\/em>?<\/strong><br \/>S\u00ed. No s\u00f3lo eliminar, tambi\u00e9n bloquear, de forma general o particular para un dominio espec\u00edfico.<\/p><p>Para eliminar las <em>cookies<\/em> de un sitio web debe ir a la configuraci\u00f3n de su navegador y all\u00ed podr\u00e1 buscar las asociadas al dominio en cuesti\u00f3n y proceder a su eliminaci\u00f3n.<\/p><h2>Configuraci\u00f3n de cookies para los navegadores m\u00e1s polulares<br \/>A continuaci\u00f3n le indicamos c\u00f3mo acceder a una <em>cookie<\/em> determinada del navegador <b>Chrome<\/b>. Nota: estos pasos pueden variar en funci\u00f3n de la versi\u00f3n del navegador:<\/h2><ol><li>Vaya a Configuraci\u00f3n o Preferencias mediante el men\u00fa Archivo o bien pinchando el icono de personalizaci\u00f3n que aparece arriba a la derecha.<\/li><li>Ver\u00e1 diferentes secciones, pinche la opci\u00f3n <em>Mostrar opciones avanzadas<\/em>.<\/li><li>Vaya a <em>Privacidad<\/em>, <em>Configuraci\u00f3n de contenido<\/em>.<\/li><li>Seleccione <em>Todas las <em>cookies<\/em> y los datos de sitios<\/em>.<\/li><li>Aparecer\u00e1 un listado con todas las <em>cookies<\/em> ordenadas por dominio. Para que le sea m\u00e1s f\u00e1cil encontrar las <em>cookies<\/em> de un determinado dominio introduzca parcial o totalmente la direcci\u00f3n en el campo <em>Buscar cookies<\/em>.<\/li><li>Tras realizar este filtro aparecer\u00e1n en pantalla una o varias l\u00edneas con las <em>cookies<\/em> de la web solicitada. Ahora s\u00f3lo tiene que seleccionarla y pulsar la <em>X<\/em> para proceder a su eliminaci\u00f3n.<\/li><\/ol><p>Para acceder a la configuraci\u00f3n de <em>cookies<\/em> del navegador <b>Internet Explorer<\/b> siga estos pasos (pueden variar en funci\u00f3n de la versi\u00f3n del navegador):<\/p><ol><li>Vaya a <em>Herramientas<\/em>, <em>Opciones de Internet<\/em><\/li><li>Haga click en <em>Privacidad<\/em>.<\/li><li>Mueva el deslizador hasta ajustar el nivel de privacidad que desee.<\/li><\/ol><p>Para acceder a la configuraci\u00f3n de <em>cookies<\/em> del navegador <b>Firefox<\/b> siga estos pasos (pueden variar en funci\u00f3n de la versi\u00f3n del navegador):<\/p><ol><li>Vaya a <em>Opciones<\/em> o <em>Preferencias<\/em> seg\u00fan su sistema operativo.<\/li><li>Haga click en <em>Privacidad<\/em>.<\/li><li>En <em>Historial<\/em> elija <em>Usar una configuraci\u00f3n personalizada para el historial<\/em>.<\/li><li>Ahora ver\u00e1 la opci\u00f3n <em>Aceptar cookies<\/em>, puede activarla o desactivarla seg\u00fan sus preferencias.<\/li><\/ol><p>Para acceder a la configuraci\u00f3n de <em>cookies<\/em> del navegador <b>Safari para OSX<\/b> siga estos pasos (pueden variar en funci\u00f3n de la versi\u00f3n del navegador):<\/p><ol><li>Vaya a <em>Preferencias<\/em>, luego <em>Privacidad<\/em>.<\/li><li>En este lugar ver\u00e1 la opci\u00f3n <em>Bloquear cookies<\/em> para que ajuste el tipo de bloqueo que desea realizar.<\/li><\/ol><p>Para acceder a la configuraci\u00f3n de <em>cookies<\/em> del navegador <b>Safari para iOS<\/b> siga estos pasos (pueden variar en funci\u00f3n de la versi\u00f3n del navegador):<\/p><ol><li>Vaya a <em>Ajustes<\/em>, luego <em>Safari<\/em>.<\/li><li>Vaya a <em>Privacidad y Seguridad<\/em>, ver\u00e1 la opci\u00f3n <em>Bloquear cookies<\/em> para que ajuste el tipo de bloqueo que desea realizar.<\/li><\/ol><p>Para acceder a la configuraci\u00f3n de <em>cookies<\/em> del navegador para dispositivos <b>Android<\/b> siga estos pasos (pueden variar en funci\u00f3n de la versi\u00f3n del navegador):<\/p><ol><li>Ejecute el navegador y pulse la tecla <em>Men\u00fa<\/em>, luego <em>Ajustes<\/em>.<\/li><li>Vaya a <em>Seguridad y Privacidad<\/em>, ver\u00e1 la opci\u00f3n <em>Aceptar cookies<\/em> para que active o desactive la casilla.<\/li><\/ol><p>Para acceder a la configuraci\u00f3n de <em>cookies<\/em> del navegador para dispositivos <b>Windows Phone<\/b> siga estos pasos (pueden variar en funci\u00f3n de la versi\u00f3n del navegador):<\/p><ol><li>Abra <em>Internet Explorer<\/em>, luego <em>M\u00e1s<\/em>, luego <em>Configuraci\u00f3n<\/em><\/li><li>Ahora puede activar o desactivar la casilla <em>Permitir cookies<\/em>.<\/li><\/ol><p>Silent Divers Co. Ltd. ha adecuado su sitio web al est\u00e1ndar <a class=\"underlined\" title=\"Do Not Track Wikipedia\" href=\"https:\/\/en.wikipedia.org\/wiki\/Do_Not_Track\" target=\"_blank\" rel=\"noopener noreferrer\">Do Not Track<\/a> para garantizar mayor privacidad a los usuarios que hayan activado dicha opci\u00f3n en su navegador.<br \/>En otros sitios de Silent Divers Co. Ltd. se instalan cookies de terceros a todos sus visitantes, aunque no sean usuarios registrados en las correspondientes plataformas:<\/p><p>Dans Relojeros en Facebook. Cookies: datr, reg_fb_gate y reg_fb_ref. Sus finalidades est\u00e1n descritas en la <a class=\"underlined\" title=\"Cookies Facebook\" href=\"https:\/\/es-es.facebook.com\/about\/privacy\/cookies\" target=\"_blank\" rel=\"noopener noreferrer\">P\u00e1gina de Cookies de Facebook<\/a>.<br \/>Dans Relojeros en Twitter. Cookies: guest_id, __utma, __utmb, __utmc, __utmz, original_referer y _twitter_sess. Sus finalidades est\u00e1n descritas en la <a class=\"underlined\" title=\"Privacidad Twitter\" href=\"https:\/\/twitter.com\/privacy\" target=\"_blank\" rel=\"noopener noreferrer\">P\u00e1gina de Privacidad de Twitter<\/a>.<br \/>Dans Relojeros, <a class=\"underlined\" href=\"https:\/\/www.google.com\/policies\/technologies\/types\/\" target=\"_blank\" rel=\"noopener noreferrer\">Analitycs, AdSense <\/a> Cookies: __utma, __utmb, __utmc, __utmz . Otras Cookies: test_cookie, NID, OTZ, PREF. Sus finalidades est\u00e1n descritas en la <a class=\"underlined\" title=\"Cookies Google\" href=\"https:\/\/www.google.es\/intl\/es\/policies\/technologies\/cookies\/\" target=\"_blank\" rel=\"noopener noreferrer\">P\u00e1gina de Cookies de Google<\/a>.<\/p><p><strong>12. Modificaci\u00f3n de la Pol\u00edtica de Privacidad<\/strong><\/p><p>Silent Divers Co. Ltd. se reserva el derecho a modificar la presente Pol\u00edtica de Privacidad, de acuerdo con su propio criterio, motivado por un cambio legislativo, jurisprudencial o doctrinal de la Agencia Espa\u00f1ola de Protecci\u00f3n de Datos.<\/p><p>Le informaremos acerca de dichos cambios mediante la publicaci\u00f3n de la Pol\u00edtica de Privacidad modificada en la propia P\u00e1gina, as\u00ed como mediante el correspondiente aviso que se ubicar\u00e1 en la p\u00e1gina de inicio.<\/p><p><strong>13. Legislaci\u00f3n aplicable y competencia jurisdiccional<\/strong><\/p><p>Todas las controversias y\/o reclamaciones surgidas de la interpretaci\u00f3n y\/o ejecuci\u00f3n de la presente pol\u00edtica de privacidad se regir\u00e1n por la legislaci\u00f3n espa\u00f1ola y se someter\u00e1n a la jurisdicci\u00f3n de los Juzgados y Tribunales de Koh Samui.<br \/>Si la contrataci\u00f3n la realiza un consumidor, ninguna disposici\u00f3n en esta cl\u00e1usula afectar\u00e1 a los derechos que como consumidor le reconoce la legislaci\u00f3n vigente.<\/p>\t\t\t\t\t\t\t\t<\/div>\n\t\t\t\t\t<\/div>\n\t\t\t\t<\/div>\n\t\t\t\t<\/div>\n\t\t","protected":false},"excerpt":{"rendered":"<p>Quienes somos Nuestro sitio web es: https:\/\/silentdivers.com\u00a0 La presente Pol\u00edtica de Privacidad establece la forma en la que se tratar\u00e1n los datos personales recogidos a trav\u00e9s de la p\u00e1gina web silentdivers.com es (en adelante, tambi\u00e9n referida como la \u201cweb\u201d).En Silent Divers Co. Ltd. (empresa que administra esta web) es estamos especialmente concienciados acerca de la [&hellip;]<\/p>\n","protected":false},"author":1,"featured_media":17150,"parent":0,"menu_order":0,"comment_status":"closed","ping_status":"closed","template":"elementor_header_footer","meta":{"inline_featured_image":false,"footnotes":""},"class_list":["post-17149","page","type-page","status-publish","has-post-thumbnail","hentry"],"aioseo_notices":[],"_links":{"self":[{"href":"https:\/\/silentdivers.com\/es\/wp-json\/wp\/v2\/pages\/17149","targetHints":{"allow":["GET"]}}],"collection":[{"href":"https:\/\/silentdivers.com\/es\/wp-json\/wp\/v2\/pages"}],"about":[{"href":"https:\/\/silentdivers.com\/es\/wp-json\/wp\/v2\/types\/page"}],"author":[{"embeddable":true,"href":"https:\/\/silentdivers.com\/es\/wp-json\/wp\/v2\/users\/1"}],"replies":[{"embeddable":true,"href":"https:\/\/silentdivers.com\/es\/wp-json\/wp\/v2\/comments?post=17149"}],"version-history":[{"count":0,"href":"https:\/\/silentdivers.com\/es\/wp-json\/wp\/v2\/pages\/17149\/revisions"}],"wp:featuredmedia":[{"embeddable":true,"href":"https:\/\/silentdivers.com\/es\/wp-json\/wp\/v2\/media\/17150"}],"wp:attachment":[{"href":"https:\/\/silentdivers.com\/es\/wp-json\/wp\/v2\/media?parent=17149"}],"curies":[{"name":"wp","href":"https:\/\/api.w.org\/{rel}","templated":true}]}}