{"id":25049,"date":"2024-02-11T20:09:17","date_gmt":"2024-02-11T13:09:17","guid":{"rendered":"https:\/\/sd2023.silentdivers.com\/choosing-best-dive-center-koh-samui\/"},"modified":"2024-02-12T18:27:24","modified_gmt":"2024-02-12T11:27:24","slug":"auswahl-besten-tauchzentrums-koh-samui","status":"publish","type":"page","link":"https:\/\/silentdivers.com\/de\/auswahl-besten-tauchzentrums-koh-samui\/","title":{"rendered":"Auswahl des besten Tauchzentrums auf Koh Samui"},"content":{"rendered":"\t\t<div data-elementor-type=\"wp-page\" data-elementor-id=\"25049\" class=\"elementor elementor-25049\" data-elementor-post-type=\"page\">\n\t\t\t\t<div class=\"elementor-element elementor-element-4f964593 e-flex e-con-boxed e-con e-parent\" data-id=\"4f964593\" data-element_type=\"container\" data-e-type=\"container\" data-settings=\"{&quot;background_background&quot;:&quot;classic&quot;}\">\n\t\t\t\t\t<div class=\"e-con-inner\">\n\t\t\t\t\t<\/div>\n\t\t\t\t<\/div>\n\t\t<div class=\"elementor-element elementor-element-2a40d125 e-flex e-con-boxed e-con e-parent\" data-id=\"2a40d125\" data-element_type=\"container\" data-e-type=\"container\">\n\t\t\t\t\t<div class=\"e-con-inner\">\n\t\t\t\t<div class=\"elementor-element elementor-element-a06f08e elementor-widget elementor-widget-spacer\" data-id=\"a06f08e\" data-element_type=\"widget\" data-e-type=\"widget\" data-widget_type=\"spacer.default\">\n\t\t\t\t\t\t\t<div class=\"elementor-spacer\">\n\t\t\t<div class=\"elementor-spacer-inner\"><\/div>\n\t\t<\/div>\n\t\t\t\t\t\t<\/div>\n\t\t\t\t<div class=\"elementor-element elementor-element-7deb474d elementor-widget elementor-widget-text-editor\" data-id=\"7deb474d\" data-element_type=\"widget\" data-e-type=\"widget\" data-widget_type=\"text-editor.default\">\n\t\t\t\t\t\t\t\t\t<p>Die Auswahl des richtigen Tauchzentrums ist ein entscheidender Schritt, um ein sicheres, angenehmes und unvergessliches Taucherlebnis zu gew\u00e4hrleisten. Angesichts der unz\u00e4hligen verf\u00fcgbaren Optionen ist es wichtig, mehrere Faktoren zu ber\u00fccksichtigen, um die Tauchbasis zu finden , die <strong>Ihren Bed\u00fcrfnissen und Vorlieben am besten entspricht <\/strong>.<\/p>\t\t\t\t\t\t\t\t<\/div>\n\t\t\t\t<div class=\"elementor-element elementor-element-4a3a4375 elementor-widget elementor-widget-heading\" data-id=\"4a3a4375\" data-element_type=\"widget\" data-e-type=\"widget\" data-widget_type=\"heading.default\">\n\t\t\t\t\t<h2 class=\"elementor-heading-title elementor-size-default\">1. Zertifizierung und Reputation<\/h2>\t\t\t\t<\/div>\n\t\t\t\t<div class=\"elementor-element elementor-element-30ef13fc elementor-widget elementor-widget-text-editor\" data-id=\"30ef13fc\" data-element_type=\"widget\" data-e-type=\"widget\" data-widget_type=\"text-editor.default\">\n\t\t\t\t\t\t\t\t\t<p><br \/>Beginnen Sie Ihre Suche, indem Sie die Zertifizierungen der Tauchbasis \u00fcberpr\u00fcfen . Stellen Sie sicher, dass die Tauchlehrer qualifiziert sind und dass das Zentrum die <strong>internationalen Tauchstandards <\/strong>einh\u00e4lt . Lesen Sie au\u00dferdem Online-Bewertungen und holen Sie Empfehlungen von anderen Tauchern ein, um den <strong>Ruf des Zentrums <\/strong>einzusch\u00e4tzen . Eine seri\u00f6se Tauchbasis verf\u00fcgt \u00fcber positive Bewertungen, die Sicherheit, Professionalit\u00e4t und das gesamte <strong>Taucherlebnis hervorheben <\/strong>.<\/p>\t\t\t\t\t\t\t\t<\/div>\n\t\t\t\t<div class=\"elementor-element elementor-element-48ef95b elementor-widget elementor-widget-heading\" data-id=\"48ef95b\" data-element_type=\"widget\" data-e-type=\"widget\" data-widget_type=\"heading.default\">\n\t\t\t\t\t<h2 class=\"elementor-heading-title elementor-size-default\">2. Sicherheitsma\u00dfnahmen und Ausr\u00fcstung<\/h2>\t\t\t\t<\/div>\n\t\t\t\t<div class=\"elementor-element elementor-element-668a0575 elementor-widget elementor-widget-text-editor\" data-id=\"668a0575\" data-element_type=\"widget\" data-e-type=\"widget\" data-widget_type=\"text-editor.default\">\n\t\t\t\t\t\t\t\t\t<p>Tauchbasis oberste Priorit\u00e4t haben . Erkundigen Sie sich nach den <strong>Sicherheitsprotokollen <\/strong>, Notfallverfahren und dem Zustand der Ausr\u00fcstung des <strong>Zentrums . <\/strong>Ein gut gepflegter und aktueller Bestand an <strong>Tauchausr\u00fcstung <\/strong>ist entscheidend f\u00fcr einen sicheren und angenehmen Tauchgang. \u00dcberpr\u00fcfen Sie, ob das Zentrum regelm\u00e4\u00dfige Ger\u00e4tepr\u00fcfungen durchf\u00fchrt und die <strong>Sicherheitsstandards einh\u00e4lt <\/strong>.<\/p>\t\t\t\t\t\t\t\t<\/div>\n\t\t\t\t<div class=\"elementor-element elementor-element-325d126 elementor-widget elementor-widget-heading\" data-id=\"325d126\" data-element_type=\"widget\" data-e-type=\"widget\" data-widget_type=\"heading.default\">\n\t\t\t\t\t<h2 class=\"elementor-heading-title elementor-size-default\">3. Tauchpakete und Spezialangebote<\/h2>\t\t\t\t<\/div>\n\t\t\t\t<div class=\"elementor-element elementor-element-89136c2 elementor-widget elementor-widget-text-editor\" data-id=\"89136c2\" data-element_type=\"widget\" data-e-type=\"widget\" data-widget_type=\"text-editor.default\">\n\t\t\t\t\t\t\t\t\t<p>Verschiedene Tauchbasen bieten unterschiedliche Pakete an und sind auf <strong>unterschiedliche Taucharten spezialisiert <\/strong>. Egal, ob Sie an Rifftauchg\u00e4ngen, Wracktauchg\u00e4ngen, Nachttauchg\u00e4ngen oder Spezialzertifizierungen interessiert sind, w\u00e4hlen Sie ein Zentrum , das <strong>Ihren Vorlieben <\/strong>entspricht . Ber\u00fccksichtigen Sie die Vielfalt der angebotenen Tauchpl\u00e4tze und ob sie alle F\u00e4higkeitsstufen abdecken, <strong>vom Anf\u00e4nger bis zum fortgeschrittenen Taucher <\/strong>.<\/p>\t\t\t\t\t\t\t\t<\/div>\n\t\t\t\t<div class=\"elementor-element elementor-element-168c8f43 elementor-widget elementor-widget-image\" data-id=\"168c8f43\" data-element_type=\"widget\" data-e-type=\"widget\" data-widget_type=\"image.default\">\n\t\t\t\t\t\t\t\t\t\t\t\t<figure class=\"wp-caption\">\n\t\t\t\t\t\t\t\t\t\t<img loading=\"lazy\" decoding=\"async\" width=\"1920\" height=\"960\" src=\"https:\/\/silentdivers.com\/wp-content\/uploads\/2024\/02\/dive-center-location-koh-samui.jpg\" class=\"attachment-full size-full wp-image-25026\" alt=\"Standort des Tauchzentrums\" srcset=\"https:\/\/silentdivers.com\/wp-content\/uploads\/2024\/02\/dive-center-location-koh-samui.jpg 1920w, https:\/\/silentdivers.com\/wp-content\/uploads\/2024\/02\/dive-center-location-koh-samui-768x384.jpg 768w, https:\/\/silentdivers.com\/wp-content\/uploads\/2024\/02\/dive-center-location-koh-samui-600x300.jpg 600w\" sizes=\"auto, (max-width: 1920px) 100vw, 1920px\" \/>\t\t\t\t\t\t\t\t\t\t\t<figcaption class=\"widget-image-caption wp-caption-text\">Strand auf Koh Samui<\/figcaption>\n\t\t\t\t\t\t\t\t\t\t<\/figure>\n\t\t\t\t\t\t\t\t\t<\/div>\n\t\t\t\t<div class=\"elementor-element elementor-element-b5f1018 elementor-widget elementor-widget-heading\" data-id=\"b5f1018\" data-element_type=\"widget\" data-e-type=\"widget\" data-widget_type=\"heading.default\">\n\t\t\t\t\t<h2 class=\"elementor-heading-title elementor-size-default\">4. Kleine Gruppen und pers\u00f6nliche Betreuung<\/h2>\t\t\t\t<\/div>\n\t\t\t\t<div class=\"elementor-element elementor-element-32141ada elementor-widget elementor-widget-text-editor\" data-id=\"32141ada\" data-element_type=\"widget\" data-e-type=\"widget\" data-widget_type=\"text-editor.default\">\n\t\t\t\t\t\t\t\t\t<p>Entscheiden Sie sich f\u00fcr eine Tauchbasis , die Wert auf <strong>kleine Gruppengr\u00f6\u00dfen legt <\/strong>und so ein pers\u00f6nlicheres Erlebnis bietet. Kleinere Gruppen bedeuten oft ein besseres <strong>Verh\u00e4ltnis zwischen Tauchlehrer und Taucher <\/strong>, was mehr individuelle Aufmerksamkeit und eine sicherere Tauchumgebung erm\u00f6glicht. Diese intime Umgebung kann Ihr <strong>Lernerlebnis <\/strong>verbessern , insbesondere wenn Sie Anf\u00e4nger sind oder bestimmte Zertifizierungen anstreben.<\/p>\t\t\t\t\t\t\t\t<\/div>\n\t\t\t\t<div class=\"elementor-element elementor-element-f45d729 elementor-widget elementor-widget-heading\" data-id=\"f45d729\" data-element_type=\"widget\" data-e-type=\"widget\" data-widget_type=\"heading.default\">\n\t\t\t\t\t<h2 class=\"elementor-heading-title elementor-size-default\">5. Umweltverantwortung<\/h2>\t\t\t\t<\/div>\n\t\t\t\t<div class=\"elementor-element elementor-element-52e4b8bf elementor-widget elementor-widget-text-editor\" data-id=\"52e4b8bf\" data-element_type=\"widget\" data-e-type=\"widget\" data-widget_type=\"text-editor.default\">\n\t\t\t\t\t\t\t\t\t<p>Da das Umweltbewusstsein w\u00e4chst, \u00fcbernehmen viele Tauchbasen nachhaltige Praktiken . Suchen Sie nach Zentren , die sich aktiv am <strong>Schutz von Korallenriffen, Meeresschutz und umweltfreundlichen Initiativen beteiligen <\/strong>. Wenn Sie sich f\u00fcr ein Tauchzentrum entscheiden , das sich der Verantwortung f\u00fcr die Umwelt verschrieben hat, k\u00f6nnen Sie Ihr Unterwasserabenteuer genie\u00dfen und gleichzeitig zum Erhalt der <a href=\"https:\/\/thaimarineguide.com\/guides\/marine-life\/\"><span style=\"text-decoration: underline; color: #333333;\">Meeres\u00f6kosysteme beitragen.<\/span><\/a><\/p>\t\t\t\t\t\t\t\t<\/div>\n\t\t\t\t<div class=\"elementor-element elementor-element-9de3d44 elementor-widget elementor-widget-heading\" data-id=\"9de3d44\" data-element_type=\"widget\" data-e-type=\"widget\" data-widget_type=\"heading.default\">\n\t\t\t\t\t<h2 class=\"elementor-heading-title elementor-size-default\">6. Standort und Erreichbarkeit<\/h2>\t\t\t\t<\/div>\n\t\t\t\t<div class=\"elementor-element elementor-element-64ad24e elementor-widget elementor-widget-text-editor\" data-id=\"64ad24e\" data-element_type=\"widget\" data-e-type=\"widget\" data-widget_type=\"text-editor.default\">\n\t\t\t\t\t\t\t\t\t<p>Ber\u00fccksichtigen Sie die Lage der Tauchbasis im Verh\u00e4ltnis zu Ihrer <strong>Unterkunft und den Tauchpl\u00e4tzen <\/strong>. Der bequeme Zugang zu Tauchpl\u00e4tzen minimiert die Reisezeit und maximiert Ihre Zeit unter Wasser. \u00dcberpr\u00fcfen Sie au\u00dferdem, ob das Zentrum <strong>einen Transport <\/strong>zu und von den Tauchpl\u00e4tzen anbietet , um Ihr Taucherlebnis insgesamt reibungsloser zu gestalten.<\/p>\t\t\t\t\t\t\t\t<\/div>\n\t\t\t\t<div class=\"elementor-element elementor-element-b0d8638 elementor-widget elementor-widget-heading\" data-id=\"b0d8638\" data-element_type=\"widget\" data-e-type=\"widget\" data-widget_type=\"heading.default\">\n\t\t\t\t\t<h2 class=\"elementor-heading-title elementor-size-default\">7. Preistransparenz<\/h2>\t\t\t\t<\/div>\n\t\t\t\t<div class=\"elementor-element elementor-element-b1fa1f4 elementor-widget elementor-widget-text-editor\" data-id=\"b1fa1f4\" data-element_type=\"widget\" data-e-type=\"widget\" data-widget_type=\"text-editor.default\">\n\t\t\t\t\t\t\t\t\t<p>Auch wenn die Kosten ein Faktor sind, sollten sie nicht der einzige entscheidende Faktor bei der Wahl einer Tauchbasis sein . Achten Sie auf <strong>Preistransparenz <\/strong>ohne versteckte Geb\u00fchren. Stellen Sie sicher, dass der angegebene Preis wesentliche Elemente wie <strong>Ausr\u00fcstungsmiete, Bootsgeb\u00fchren und Zertifizierungskosten enth\u00e4lt <\/strong>. Eine klare Kostenaufstellung hilft Ihnen, eine fundierte Entscheidung zu treffen und \u00dcberraschungen zu vermeiden.<\/p><p>Zusammenfassend l\u00e4sst sich sagen, dass die Auswahl der richtigen Tauchbasis ein entscheidender Schritt ist, um die Voraussetzungen f\u00fcr ein unvergessliches Unterwasserabenteuer zu schaffen. Durch die Ber\u00fccksichtigung von Faktoren wie <strong>Sicherheit, Ruf, Spezialit\u00e4ten und Umweltverantwortung <\/strong>k\u00f6nnen Sie eine fundierte Entscheidung treffen, die Ihren Tauchzielen entspricht und ein positives und bereicherndes Erlebnis unter den Wellen gew\u00e4hrleistet.<\/p>\t\t\t\t\t\t\t\t<\/div>\n\t\t\t\t<div class=\"elementor-element elementor-element-6d2c414 elementor-widget elementor-widget-image\" data-id=\"6d2c414\" data-element_type=\"widget\" data-e-type=\"widget\" data-widget_type=\"image.default\">\n\t\t\t\t\t\t\t\t\t\t\t\t<figure class=\"wp-caption\">\n\t\t\t\t\t\t\t\t\t\t<img loading=\"lazy\" decoding=\"async\" width=\"1920\" height=\"1281\" src=\"https:\/\/silentdivers.com\/wp-content\/uploads\/2024\/02\/5b676840fc6324989690b51c47ef027a.webp\" class=\"attachment-full size-full wp-image-24194\" alt=\"Tauchzentrums auf Koh Samui Silent Divers\" srcset=\"https:\/\/silentdivers.com\/wp-content\/uploads\/2024\/02\/5b676840fc6324989690b51c47ef027a.webp 1920w, https:\/\/silentdivers.com\/wp-content\/uploads\/2024\/02\/5b676840fc6324989690b51c47ef027a-768x512.webp 768w, https:\/\/silentdivers.com\/wp-content\/uploads\/2024\/02\/5b676840fc6324989690b51c47ef027a-600x400.webp 600w\" sizes=\"auto, (max-width: 1920px) 100vw, 1920px\" \/>\t\t\t\t\t\t\t\t\t\t\t<figcaption class=\"widget-image-caption wp-caption-text\">Tauchzentrums Silent Divers<\/figcaption>\n\t\t\t\t\t\t\t\t\t\t<\/figure>\n\t\t\t\t\t\t\t\t\t<\/div>\n\t\t\t\t\t<\/div>\n\t\t\t\t<\/div>\n\t\t\t\t<section class=\"elementor-section elementor-top-section elementor-element elementor-element-ebd9257 elementor-section-stretched elementor-section-full_width elementor-section-height-default elementor-section-height-default\" data-id=\"ebd9257\" data-element_type=\"section\" data-e-type=\"section\" data-settings=\"{&quot;stretch_section&quot;:&quot;section-stretched&quot;,&quot;background_background&quot;:&quot;classic&quot;}\">\n\t\t\t\t\t\t\t<div class=\"elementor-background-overlay\"><\/div>\n\t\t\t\t\t\t\t<div class=\"elementor-container elementor-column-gap-default\">\n\t\t\t\t\t<div class=\"elementor-column elementor-col-100 elementor-top-column elementor-element elementor-element-1f5f3a95\" data-id=\"1f5f3a95\" data-element_type=\"column\" data-e-type=\"column\" data-settings=\"{&quot;background_background&quot;:&quot;classic&quot;}\">\n\t\t\t<div class=\"elementor-widget-wrap elementor-element-populated\">\n\t\t\t\t\t\t<div class=\"elementor-element elementor-element-6b70fe8b elementor-flip-box--effect-flip elementor-flip-box--direction-up elementor-widget elementor-widget-flip-box\" data-id=\"6b70fe8b\" data-element_type=\"widget\" data-e-type=\"widget\" data-widget_type=\"flip-box.default\">\n\t\t\t\t\t\t\t<div class=\"elementor-flip-box\" tabindex=\"0\">\n\t\t\t<div class=\"elementor-flip-box__layer elementor-flip-box__front\">\n\t\t\t\t<div class=\"elementor-flip-box__layer__overlay\">\n\t\t\t\t\t<div class=\"elementor-flip-box__layer__inner\">\n\t\t\t\t\t\t\t\t\t\t\t\t\t<div class=\"elementor-icon-wrapper elementor-view-default\">\n\t\t\t\t\t\t\t\t<div class=\"elementor-icon\">\n\t\t\t\t\t\t\t\t\t<svg aria-hidden=\"true\" class=\"e-font-icon-svg e-far-grin-stars\" viewBox=\"0 0 496 512\" xmlns=\"http:\/\/www.w3.org\/2000\/svg\"><path d=\"M248 8C111 8 0 119 0 256s111 248 248 248 248-111 248-248S385 8 248 8zm0 448c-110.3 0-200-89.7-200-200S137.7 56 248 56s200 89.7 200 200-89.7 200-200 200zm105.6-151.4c-25.9 8.3-64.4 13.1-105.6 13.1s-79.6-4.8-105.6-13.1c-9.8-3.1-19.4 5.3-17.7 15.3 7.9 47.2 71.3 80 123.3 80s115.3-32.9 123.3-80c1.6-9.8-7.7-18.4-17.7-15.3zm-227.9-57.5c-1 6.2 5.4 11 11 7.9l31.3-16.3 31.3 16.3c5.6 3.1 12-1.7 11-7.9l-6-34.9 25.4-24.6c4.5-4.5 1.9-12.2-4.3-13.2l-34.9-5-15.5-31.6c-2.9-5.8-11-5.8-13.9 0l-15.5 31.6-34.9 5c-6.2.9-8.9 8.6-4.3 13.2l25.4 24.6-6.1 34.9zm259.7-72.7l-34.9-5-15.5-31.6c-2.9-5.8-11-5.8-13.9 0l-15.5 31.6-34.9 5c-6.2.9-8.9 8.6-4.3 13.2l25.4 24.6-6 34.9c-1 6.2 5.4 11 11 7.9l31.3-16.3 31.3 16.3c5.6 3.1 12-1.7 11-7.9l-6-34.9 25.4-24.6c4.5-4.6 1.8-12.2-4.4-13.2z\"><\/path><\/svg>\t\t\t\t\t\t\t\t<\/div>\n\t\t\t\t\t\t\t<\/div>\n\t\t\t\t\t\t\n\t\t\t\t\t\t\t\t\t\t\t\t\t<h3 class=\"elementor-flip-box__layer__title\">\n\t\t\t\t\t\t\t\tTAUCHEN SIE MEHR, TAUCHEN SIE G\u00dcNSTIGER!\t\t\t\t\t\t\t<\/h3>\n\t\t\t\t\t\t\n\t\t\t\t\t\t\t\t\t\t\t\t\t<div class=\"elementor-flip-box__layer__description\">\n\t\t\t\t\t\t\t\tKennen Sie unsere SPEZIALPAKETE?\t\t\t\t\t\t\t<\/div>\n\t\t\t\t\t\t\t\t\t\t\t<\/div>\n\t\t\t\t<\/div>\n\t\t\t<\/div>\n\t\t\t<div class=\"elementor-flip-box__layer elementor-flip-box__back\">\n\t\t\t<div class=\"elementor-flip-box__layer__overlay\">\n\t\t\t\t<div class=\"elementor-flip-box__layer__inner\">\n\t\t\t\t\t\t\t\t\t\t\t<h3 class=\"elementor-flip-box__layer__title\">\n\t\t\t\t\t\t\tBIS ZU 16 % RABATT!\t\t\t\t\t\t<\/h3>\n\t\t\t\t\t\n\t\t\t\t\t\t\t\t\t\t\t<div class=\"elementor-flip-box__layer__description\">\n\t\t\t\t\t\t\tBook more days with Silent Divers and get amazing discounts.<br>\n<br>\n\n<strong>2 Tage  - 13 % Rabatt <\/strong><br>\n<strong>3 Tage  - 14 % Rabatt <\/strong><br>\n<strong>4 Tage  - 15 % Rabatt <\/strong><br>\n<strong>5 Tage  - 16 % Rabatt <\/strong>\t\t\t\t\t\t<\/div>\n\t\t\t\t\t\n\t\t\t\t\t\t\t\t\t\t\t<a class=\"elementor-flip-box__button elementor-button elementor-size-sm\" href=\"#elementor-action%3Aaction%3Dpopup%3Aopen%26settings%3DeyJpZCI6MjU3NDUsInRvZ2dsZSI6ZmFsc2V9\">\n\t\t\t\t\t\t\tKLICK HIER!\t\t\t\t\t\t<\/a>\n\t\t\t\t\t\t\t\t<\/div>\n\t\t<\/div>\n\t\t<\/div>\n\t\t<\/div>\n\t\t\t\t\t\t<\/div>\n\t\t\t\t\t<\/div>\n\t\t<\/div>\n\t\t\t\t\t<\/div>\n\t\t<\/section>\n\t\t<div class=\"elementor-element elementor-element-2689702b e-con-full e-flex e-con e-parent\" data-id=\"2689702b\" data-element_type=\"container\" data-e-type=\"container\">\n\t\t\t\t<div class=\"elementor-element elementor-element-4961e270 elementor-widget elementor-widget-spacer\" data-id=\"4961e270\" data-element_type=\"widget\" data-e-type=\"widget\" data-widget_type=\"spacer.default\">\n\t\t\t\t\t\t\t<div class=\"elementor-spacer\">\n\t\t\t<div class=\"elementor-spacer-inner\"><\/div>\n\t\t<\/div>\n\t\t\t\t\t\t<\/div>\n\t\t\t\t<div class=\"elementor-element elementor-element-2b246aa7 elementor-widget elementor-widget-heading\" data-id=\"2b246aa7\" data-element_type=\"widget\" data-e-type=\"widget\" data-widget_type=\"heading.default\">\n\t\t\t\t\t<h2 class=\"elementor-heading-title elementor-size-default\">Auch Silent Divers bieten Ihnen!<\/h2>\t\t\t\t<\/div>\n\t\t\t\t<div class=\"elementor-element elementor-element-365f5b3c elementor-widget elementor-widget-spacer\" data-id=\"365f5b3c\" data-element_type=\"widget\" data-e-type=\"widget\" data-widget_type=\"spacer.default\">\n\t\t\t\t\t\t\t<div class=\"elementor-spacer\">\n\t\t\t<div class=\"elementor-spacer-inner\"><\/div>\n\t\t<\/div>\n\t\t\t\t\t\t<\/div>\n\t\t<div class=\"elementor-element elementor-element-644e4d4f e-flex e-con-boxed e-con e-child\" data-id=\"644e4d4f\" data-element_type=\"container\" data-e-type=\"container\" data-settings=\"{&quot;background_background&quot;:&quot;classic&quot;}\">\n\t\t\t\t\t<div class=\"e-con-inner\">\n\t\t\t\t<div class=\"elementor-element elementor-element-5cf9ff6b elementor-cta--skin-cover elementor-animated-content elementor-bg-transform elementor-bg-transform-zoom-in elementor-widget elementor-widget-call-to-action\" data-id=\"5cf9ff6b\" data-element_type=\"widget\" data-e-type=\"widget\" data-widget_type=\"call-to-action.default\">\n\t\t\t\t\t\t\t<div class=\"elementor-cta\">\n\t\t\t\t\t<div class=\"elementor-cta__bg-wrapper\">\n\t\t\t\t<div class=\"elementor-cta__bg elementor-bg\" style=\"background-image: url(https:\/\/silentdivers.com\/wp-content\/uploads\/2023\/11\/whale-shark-in-sail-rock-samui-3.jpg);\" role=\"img\" aria-label=\"Ein Walhai schwimmt anmutig mit leicht ge\u00f6ffnetem Maul unter Wasser, umgeben vom klaren, blauen Ozeanwasser. Unter dem Hai sind die Worte \u201eSilent Divers Koh Samui\u201c zu sehen.\"><\/div>\n\t\t\t\t<div class=\"elementor-cta__bg-overlay\"><\/div>\n\t\t\t<\/div>\n\t\t\t\t\t\t\t<div class=\"elementor-cta__content\">\n\t\t\t\t\n\t\t\t\t\t\t\t\t\t<h3 class=\"elementor-cta__title elementor-cta__content-item elementor-content-item elementor-animated-item--grow\">\n\t\t\t\t\t\tTauchfahrten\t\t\t\t\t<\/h3>\n\t\t\t\t\n\t\t\t\t\t\t\t\t\t<div class=\"elementor-cta__description elementor-cta__content-item elementor-content-item elementor-animated-item--grow\">\n\t\t\t\t\t\tHier k\u00f6nnen Sie alle unseren verschiedenen Tauchfahrten vergleichen und diejenigen buchen, welche Sie und Ihre Begleitung am Meisten interessiert.\t\t\t\t\t<\/div>\n\t\t\t\t\n\t\t\t\t\t\t\t\t\t<div class=\"elementor-cta__button-wrapper elementor-cta__content-item elementor-content-item elementor-animated-item--grow\">\n\t\t\t\t\t<a class=\"elementor-cta__button elementor-button elementor-size-md\" href=\"https:\/\/silentdivers.com\/de\/tauchtouren-koh-samui-thailand\/\">\n\t\t\t\t\t\tBUCHE JETZT!\t\t\t\t\t<\/a>\n\t\t\t\t\t<\/div>\n\t\t\t\t\t\t\t<\/div>\n\t\t\t\t\t\t<\/div>\n\t\t\t\t\t\t<\/div>\n\t\t\t\t<div class=\"elementor-element elementor-element-475446be elementor-cta--skin-cover elementor-animated-content elementor-bg-transform elementor-bg-transform-zoom-in elementor-widget elementor-widget-call-to-action\" data-id=\"475446be\" data-element_type=\"widget\" data-e-type=\"widget\" data-widget_type=\"call-to-action.default\">\n\t\t\t\t\t\t\t<div class=\"elementor-cta\">\n\t\t\t\t\t<div class=\"elementor-cta__bg-wrapper\">\n\t\t\t\t<div class=\"elementor-cta__bg elementor-bg\" style=\"background-image: url(https:\/\/silentdivers.com\/wp-content\/uploads\/2023\/11\/private-tours-samui-silent-divers.jpg);\" role=\"img\" aria-label=\"private-tours-samui-silent-divers\"><\/div>\n\t\t\t\t<div class=\"elementor-cta__bg-overlay\"><\/div>\n\t\t\t<\/div>\n\t\t\t\t\t\t\t<div class=\"elementor-cta__content\">\n\t\t\t\t\n\t\t\t\t\t\t\t\t\t<h3 class=\"elementor-cta__title elementor-cta__content-item elementor-content-item elementor-animated-item--grow\">\n\t\t\t\t\t\tPrivate Bootstouren\t\t\t\t\t<\/h3>\n\t\t\t\t\n\t\t\t\t\t\t\t\t\t<div class=\"elementor-cta__description elementor-cta__content-item elementor-content-item elementor-animated-item--grow\">\n\t\t\t\t\t\tWir bieten Ihnen ma\u00dfgeschneiderte Touren an und Sie k\u00f6nnen diejenige ausw\u00e4hlen, die am besten zu Ihren Interessen und Ihren Begleitern passt.\t\t\t\t\t<\/div>\n\t\t\t\t\n\t\t\t\t\t\t\t\t\t<div class=\"elementor-cta__button-wrapper elementor-cta__content-item elementor-content-item elementor-animated-item--grow\">\n\t\t\t\t\t<a class=\"elementor-cta__button elementor-button elementor-size-md\" href=\"https:\/\/silentdivers.com\/de\/private-boat-charter-samui-thailand\/\">\n\t\t\t\t\t\tBUCHE JETZT!\t\t\t\t\t<\/a>\n\t\t\t\t\t<\/div>\n\t\t\t\t\t\t\t<\/div>\n\t\t\t\t\t\t<\/div>\n\t\t\t\t\t\t<\/div>\n\t\t\t\t<div class=\"elementor-element elementor-element-14415390 elementor-cta--skin-cover elementor-animated-content elementor-bg-transform elementor-bg-transform-zoom-in elementor-widget elementor-widget-call-to-action\" data-id=\"14415390\" data-element_type=\"widget\" data-e-type=\"widget\" data-widget_type=\"call-to-action.default\">\n\t\t\t\t\t\t\t<div class=\"elementor-cta\">\n\t\t\t\t\t<div class=\"elementor-cta__bg-wrapper\">\n\t\t\t\t<div class=\"elementor-cta__bg elementor-bg\" style=\"background-image: url(https:\/\/silentdivers.com\/wp-content\/uploads\/2023\/11\/snorkel-tours-samui-silent-divers.jpg);\" role=\"img\" aria-label=\"snorkel-tours-samui-silent-divers\"><\/div>\n\t\t\t\t<div class=\"elementor-cta__bg-overlay\"><\/div>\n\t\t\t<\/div>\n\t\t\t\t\t\t\t<div class=\"elementor-cta__content\">\n\t\t\t\t\n\t\t\t\t\t\t\t\t\t<h3 class=\"elementor-cta__title elementor-cta__content-item elementor-content-item elementor-animated-item--grow\">\n\t\t\t\t\t\tSnorkel Tours\t\t\t\t\t<\/h3>\n\t\t\t\t\n\t\t\t\t\t\t\t\t\t<div class=\"elementor-cta__description elementor-cta__content-item elementor-content-item elementor-animated-item--grow\">\n\t\t\t\t\t\tDie Schnorcheltouren, die wir anbieten, k\u00f6nnen Sie buchen, die am besten zu Ihren Interessen und Ihren Begleitern passen.\t\t\t\t\t<\/div>\n\t\t\t\t\n\t\t\t\t\t\t\t\t\t<div class=\"elementor-cta__button-wrapper elementor-cta__content-item elementor-content-item elementor-animated-item--grow\">\n\t\t\t\t\t<a class=\"elementor-cta__button elementor-button elementor-size-md\" href=\"https:\/\/silentdivers.com\/de\/snorkeling-trips-from-koh-samui-thailand\/\">\n\t\t\t\t\t\tBUCHE JETZT!\t\t\t\t\t<\/a>\n\t\t\t\t\t<\/div>\n\t\t\t\t\t\t\t<\/div>\n\t\t\t\t\t\t<\/div>\n\t\t\t\t\t\t<\/div>\n\t\t\t\t\t<\/div>\n\t\t\t\t<\/div>\n\t\t\t\t<\/div>\n\t\t\t\t<\/div>\n\t\t","protected":false},"excerpt":{"rendered":"<p>Die Auswahl des richtigen Tauchzentrums ist ein entscheidender Schritt, um ein sicheres, angenehmes und unvergessliches Taucherlebnis zu gew\u00e4hrleisten. Angesichts der unz\u00e4hligen verf\u00fcgbaren Optionen ist es wichtig, mehrere Faktoren zu ber\u00fccksichtigen, um die Tauchbasis zu finden , die Ihren Bed\u00fcrfnissen und Vorlieben am besten entspricht . 1. Zertifizierung und Reputation Beginnen Sie Ihre Suche, indem Sie [&hellip;]<\/p>\n","protected":false},"author":1,"featured_media":24199,"parent":0,"menu_order":0,"comment_status":"closed","ping_status":"closed","template":"elementor_header_footer","meta":{"inline_featured_image":false,"footnotes":""},"class_list":["post-25049","page","type-page","status-publish","has-post-thumbnail","hentry"],"aioseo_notices":[],"_links":{"self":[{"href":"https:\/\/silentdivers.com\/de\/wp-json\/wp\/v2\/pages\/25049","targetHints":{"allow":["GET"]}}],"collection":[{"href":"https:\/\/silentdivers.com\/de\/wp-json\/wp\/v2\/pages"}],"about":[{"href":"https:\/\/silentdivers.com\/de\/wp-json\/wp\/v2\/types\/page"}],"author":[{"embeddable":true,"href":"https:\/\/silentdivers.com\/de\/wp-json\/wp\/v2\/users\/1"}],"replies":[{"embeddable":true,"href":"https:\/\/silentdivers.com\/de\/wp-json\/wp\/v2\/comments?post=25049"}],"version-history":[{"count":0,"href":"https:\/\/silentdivers.com\/de\/wp-json\/wp\/v2\/pages\/25049\/revisions"}],"wp:featuredmedia":[{"embeddable":true,"href":"https:\/\/silentdivers.com\/de\/wp-json\/wp\/v2\/media\/24199"}],"wp:attachment":[{"href":"https:\/\/silentdivers.com\/de\/wp-json\/wp\/v2\/media?parent=25049"}],"curies":[{"name":"wp","href":"https:\/\/api.w.org\/{rel}","templated":true}]}}