{"id":24877,"date":"2024-02-11T16:13:23","date_gmt":"2024-02-11T09:13:23","guid":{"rendered":"https:\/\/sd2023.silentdivers.com\/climate-in-koh-samui-vs-phuket\/"},"modified":"2024-02-12T17:03:52","modified_gmt":"2024-02-12T10:03:52","slug":"klima-in-koh-samui-vs-phuket-fur-reisende","status":"publish","type":"page","link":"https:\/\/silentdivers.com\/de\/klima-in-koh-samui-vs-phuket-fur-reisende\/","title":{"rendered":"Klima in Koh Samui vs. Phuket f\u00fcr Reisende"},"content":{"rendered":"\t\t<div data-elementor-type=\"wp-page\" data-elementor-id=\"24877\" class=\"elementor elementor-24877\" data-elementor-post-type=\"page\">\n\t\t\t\t<div class=\"elementor-element elementor-element-6e8a10b e-flex e-con-boxed e-con e-parent\" data-id=\"6e8a10b\" data-element_type=\"container\" data-e-type=\"container\" data-settings=\"{&quot;background_background&quot;:&quot;classic&quot;}\">\n\t\t\t\t\t<div class=\"e-con-inner\">\n\t\t\t\t\t<\/div>\n\t\t\t\t<\/div>\n\t\t<div class=\"elementor-element elementor-element-276b25f e-flex e-con-boxed e-con e-parent\" data-id=\"276b25f\" data-element_type=\"container\" data-e-type=\"container\">\n\t\t\t\t\t<div class=\"e-con-inner\">\n\t\t\t\t<div class=\"elementor-element elementor-element-b56e55c elementor-widget elementor-widget-spacer\" data-id=\"b56e55c\" data-element_type=\"widget\" data-e-type=\"widget\" data-widget_type=\"spacer.default\">\n\t\t\t\t\t\t\t<div class=\"elementor-spacer\">\n\t\t\t<div class=\"elementor-spacer-inner\"><\/div>\n\t\t<\/div>\n\t\t\t\t\t\t<\/div>\n\t\t\t\t<div class=\"elementor-element elementor-element-99298f0 elementor-widget elementor-widget-text-editor\" data-id=\"99298f0\" data-element_type=\"widget\" data-e-type=\"widget\" data-widget_type=\"text-editor.default\">\n\t\t\t\t\t\t\t\t\t<p>Thailand, bekannt f\u00fcr seine unber\u00fchrten Str\u00e4nde und seine lebendige Kultur, lockt jedes Jahr Millionen von Reisenden in sein tropisches Paradies. Unter seinen illustren Reisezielen entpuppt sich Koh Samui am <strong>Golf von Thailand <\/strong>als faszinierendes Juwel mit seiner einzigartigen saisonalen Vielfalt. Bei dieser Erkundung befassen wir uns mit den charakteristischen Wettermustern, den kontrastierenden Regen- und Trockenzeiten und den Temperaturschwankungen, die den tropischen Zufluchtsort Koh Samui ausmachen und ihn vom bekannten Phuket an der <strong>Andamanensee unterscheiden <\/strong>.<\/p>\t\t\t\t\t\t\t\t<\/div>\n\t\t\t\t<div class=\"elementor-element elementor-element-8ad304b elementor-widget elementor-widget-heading\" data-id=\"8ad304b\" data-element_type=\"widget\" data-e-type=\"widget\" data-widget_type=\"heading.default\">\n\t\t\t\t\t<h2 class=\"elementor-heading-title elementor-size-default\">Phuket an der Andamanensee<\/h2>\t\t\t\t<\/div>\n\t\t\t\t<div class=\"elementor-element elementor-element-f6d6834 elementor-widget elementor-widget-text-editor\" data-id=\"f6d6834\" data-element_type=\"widget\" data-e-type=\"widget\" data-widget_type=\"text-editor.default\">\n\t\t\t\t\t\t\t\t\t<p><strong>Phuket <\/strong>liegt an der Andamanensee und verf\u00fcgt \u00fcber ein tropisches Monsunklima mit zwei markanten Jahreszeiten \u2013 der Trockenzeit und der Regenzeit. Von November bis April herrscht auf der Insel sonnenverw\u00f6hnte Tage und angenehme Temperaturen zwischen <span style=\"text-decoration: underline; color: #333333;\"><a style=\"color: #333333; text-decoration: underline;\" href=\"https:\/\/www.accuweather.com\/en\/th\/mueang-phuket\/320075\/weather-forecast\/320075\">24 \u00b0C und 32 \u00b0C<\/a><\/span> , was sie zu einer idyllischen Zeit f\u00fcr Strandaktivit\u00e4ten, Wassersport und kulturelle Entdeckungen macht.<\/p><p>Der \u00dcbergang zum S\u00fcdwestmonsun im April markiert den Beginn der Regenzeit, die von Mai bis Oktober dauert. Trotz zunehmender Niederschl\u00e4ge bleibt Phuket \u00fcppig und einladend. Die Temperaturen liegen zwischen 24 und 30 \u00b0C und bieten eine herrliche Abwechslung von der Hitze der Trockenzeit.<\/p>\t\t\t\t\t\t\t\t<\/div>\n\t\t\t\t<div class=\"elementor-element elementor-element-1fc3556 elementor-widget elementor-widget-image\" data-id=\"1fc3556\" data-element_type=\"widget\" data-e-type=\"widget\" data-widget_type=\"image.default\">\n\t\t\t\t\t\t\t\t\t\t\t\t<figure class=\"wp-caption\">\n\t\t\t\t\t\t\t\t\t\t<img loading=\"lazy\" decoding=\"async\" width=\"1920\" height=\"960\" src=\"https:\/\/silentdivers.com\/wp-content\/uploads\/2024\/02\/phuket-weather-andaman-sea.jpg\" class=\"attachment-full size-full wp-image-24820\" alt=\"Inseln der Andamanensee\" srcset=\"https:\/\/silentdivers.com\/wp-content\/uploads\/2024\/02\/phuket-weather-andaman-sea.jpg 1920w, https:\/\/silentdivers.com\/wp-content\/uploads\/2024\/02\/phuket-weather-andaman-sea-768x384.jpg 768w, https:\/\/silentdivers.com\/wp-content\/uploads\/2024\/02\/phuket-weather-andaman-sea-600x300.jpg 600w\" sizes=\"auto, (max-width: 1920px) 100vw, 1920px\" \/>\t\t\t\t\t\t\t\t\t\t\t<figcaption class=\"widget-image-caption wp-caption-text\">Inseln der Andamanensee<\/figcaption>\n\t\t\t\t\t\t\t\t\t\t<\/figure>\n\t\t\t\t\t\t\t\t\t<\/div>\n\t\t\t\t<div class=\"elementor-element elementor-element-6db5963 elementor-widget elementor-widget-heading\" data-id=\"6db5963\" data-element_type=\"widget\" data-e-type=\"widget\" data-widget_type=\"heading.default\">\n\t\t\t\t\t<h2 class=\"elementor-heading-title elementor-size-default\">Koh Samui am Golf von Thailand<\/h2>\t\t\t\t<\/div>\n\t\t\t\t<div class=\"elementor-element elementor-element-8c04ba4 elementor-widget elementor-widget-text-editor\" data-id=\"8c04ba4\" data-element_type=\"widget\" data-e-type=\"widget\" data-widget_type=\"text-editor.default\">\n\t\t\t\t\t\t\t\t\t<p>Auf der gegen\u00fcberliegenden Seite des Landes liegt <strong>Koh Samui <\/strong>am Golf von Thailand und verf\u00fcgt \u00fcber ein tropisches Monsunklima mit einem ganz eigenen, einzigartigen saisonalen Rhythmus. Die Trockenzeit der Insel dauert von Dezember bis Februar und wird vom erfrischenden Nordostmonsun begr\u00fc\u00dft. In dieser Zeit herrscht klarer Himmel, eine sanfte Brise und Temperaturen zwischen <span style=\"color: #333333;\"><a style=\"color: #333333;\" href=\"https:\/\/www.accuweather.com\/en\/th\/ko-samui\/5470\/weather-forecast\/5470\"><span style=\"text-decoration: underline;\">25 \u00b0C und 32 \u00b0C<\/span> <\/a><\/span>\u2013 ideale Bedingungen f\u00fcr Strandliebhaber, Outdoor-Aktivit\u00e4ten und festliche Veranstaltungen.<\/p><p>Die hei\u00dfe Jahreszeit reicht von M\u00e4rz bis August, wo die Durchschnittstemperaturen 30 \u00b0C \u00fcberschreiten und es gelegentlich am Nachmittag zu Schauern kommt. Von September bis November geht Koh Samui elegant in die Regenzeit \u00fcber, wenn der S\u00fcdwestmonsun einsetzt und st\u00e4rkere Regenf\u00e4lle und gelegentliche St\u00fcrme mit sich bringt. Trotz des Regens liegen die Temperaturen zwischen 24 \u00b0C und 31 \u00b0C und schaffen so eine \u00fcppige und bezaubernde Landschaft, die einzigartig f\u00fcr diesen tropischen Zufluchtsort ist.<\/p>\t\t\t\t\t\t\t\t<\/div>\n\t\t\t\t<div class=\"elementor-element elementor-element-70934b4 elementor-widget elementor-widget-image\" data-id=\"70934b4\" data-element_type=\"widget\" data-e-type=\"widget\" data-widget_type=\"image.default\">\n\t\t\t\t\t\t\t\t\t\t\t\t<figure class=\"wp-caption\">\n\t\t\t\t\t\t\t\t\t\t<img loading=\"lazy\" decoding=\"async\" width=\"1920\" height=\"960\" src=\"https:\/\/silentdivers.com\/wp-content\/uploads\/2024\/02\/lamai-beach-weather-koh-samui.jpg\" class=\"attachment-full size-full wp-image-24829\" alt=\"Lamai Beach Wetter Koh Samui\" srcset=\"https:\/\/silentdivers.com\/wp-content\/uploads\/2024\/02\/lamai-beach-weather-koh-samui.jpg 1920w, https:\/\/silentdivers.com\/wp-content\/uploads\/2024\/02\/lamai-beach-weather-koh-samui-768x384.jpg 768w, https:\/\/silentdivers.com\/wp-content\/uploads\/2024\/02\/lamai-beach-weather-koh-samui-600x300.jpg 600w\" sizes=\"auto, (max-width: 1920px) 100vw, 1920px\" \/>\t\t\t\t\t\t\t\t\t\t\t<figcaption class=\"widget-image-caption wp-caption-text\">Lamai Beach Koh Samui<\/figcaption>\n\t\t\t\t\t\t\t\t\t\t<\/figure>\n\t\t\t\t\t\t\t\t\t<\/div>\n\t\t\t\t<div class=\"elementor-element elementor-element-ed42755 elementor-widget elementor-widget-heading\" data-id=\"ed42755\" data-element_type=\"widget\" data-e-type=\"widget\" data-widget_type=\"heading.default\">\n\t\t\t\t\t<h2 class=\"elementor-heading-title elementor-size-default\">Vergleich der Jahreszeiten<\/h2>\t\t\t\t<\/div>\n\t\t\t\t<div class=\"elementor-element elementor-element-cf26abd elementor-widget elementor-widget-text-editor\" data-id=\"cf26abd\" data-element_type=\"widget\" data-e-type=\"widget\" data-widget_type=\"text-editor.default\">\n\t\t\t\t\t\t\t\t\t<p>W\u00e4hrend sowohl Phuket als auch Koh Samui ein tropisches Monsunklima haben, k\u00f6nnen Reisende aufgrund der unterschiedlichen Jahreszeiten aufgrund der geografischen Lage das ganze Jahr \u00fcber die vielf\u00e4ltige Sch\u00f6nheit Thailands erleben. <strong>Phukets <\/strong>touristische Hauptsaison f\u00e4llt mit der Trockenzeit von <strong>November bis April zusammen <\/strong>, w\u00e4hrend die Hauptmonate auf <strong>Koh Samui von Dezember bis August reichen <\/strong>. Reisende, die beide Reiseziele erkunden m\u00f6chten, ohne auf starke Regenf\u00e4lle zu sto\u00dfen, k\u00f6nnen ihre Besuche strategisch planen und dabei die komplement\u00e4ren Jahreszeiten dieser beiden tropischen Paradiese nutzen.<\/p>\t\t\t\t\t\t\t\t<\/div>\n\t\t\t\t<div class=\"elementor-element elementor-element-a38f173 elementor-widget elementor-widget-heading\" data-id=\"a38f173\" data-element_type=\"widget\" data-e-type=\"widget\" data-widget_type=\"heading.default\">\n\t\t\t\t\t<h2 class=\"elementor-heading-title elementor-size-default\"><b style=\"font-family: Aptos, sans-serif;font-size: 12pt;text-align: var(--text-align)\"><span lang=\"de\" style=\"font-size: 34.5pt;, sans-serif\">Abschluss<\/span><\/b><\/h2>\t\t\t\t<\/div>\n\t\t\t\t<div class=\"elementor-element elementor-element-3ffd8a5 elementor-widget elementor-widget-text-editor\" data-id=\"3ffd8a5\" data-element_type=\"widget\" data-e-type=\"widget\" data-widget_type=\"text-editor.default\">\n\t\t\t\t\t\t\t\t\t<p><strong>Koh Samui <\/strong>am <strong>Golf von Thailand <\/strong>ist ein Leuchtturm tropischer Reize und bietet das ganze Jahr \u00fcber faszinierende Erlebnisse. Ob Sie sich an den Sandstr\u00e4nden in der Sonne sonnen oder in den Charme der Regenzeit eintauchen \u2013 Koh Samui l\u00e4dt Reisende ein , seine einzigartigen Wetterwunder zu erkunden. In dieser tropischen Oase entfaltet sich die vielf\u00e4ltige Sch\u00f6nheit Thailands und l\u00e4dt Wanderer ein, den besonderen saisonalen Charme zu genie\u00dfen, den Koh Samui stets zu bieten hat.<\/p>\t\t\t\t\t\t\t\t<\/div>\n\t\t\t\t<div class=\"elementor-element elementor-element-5ee1265 elementor-widget elementor-widget-image\" data-id=\"5ee1265\" data-element_type=\"widget\" data-e-type=\"widget\" data-widget_type=\"image.default\">\n\t\t\t\t\t\t\t\t\t\t\t\t<figure class=\"wp-caption\">\n\t\t\t\t\t\t\t\t\t\t<img loading=\"lazy\" decoding=\"async\" width=\"1920\" height=\"960\" src=\"https:\/\/silentdivers.com\/wp-content\/uploads\/2024\/02\/crystal-bay-beach-weather-koh-samui.jpg\" class=\"attachment-full size-full wp-image-24837\" alt=\"Crystal Bay Beach Koh Samui\" srcset=\"https:\/\/silentdivers.com\/wp-content\/uploads\/2024\/02\/crystal-bay-beach-weather-koh-samui.jpg 1920w, https:\/\/silentdivers.com\/wp-content\/uploads\/2024\/02\/crystal-bay-beach-weather-koh-samui-768x384.jpg 768w, https:\/\/silentdivers.com\/wp-content\/uploads\/2024\/02\/crystal-bay-beach-weather-koh-samui-600x300.jpg 600w\" sizes=\"auto, (max-width: 1920px) 100vw, 1920px\" \/>\t\t\t\t\t\t\t\t\t\t\t<figcaption class=\"widget-image-caption wp-caption-text\">Crystal Bay Beach Koh Samui<\/figcaption>\n\t\t\t\t\t\t\t\t\t\t<\/figure>\n\t\t\t\t\t\t\t\t\t<\/div>\n\t\t\t\t\t<\/div>\n\t\t\t\t<\/div>\n\t\t\t\t<section class=\"elementor-section elementor-top-section elementor-element elementor-element-2c1f0291 elementor-section-stretched elementor-section-full_width elementor-section-height-default elementor-section-height-default\" data-id=\"2c1f0291\" data-element_type=\"section\" data-e-type=\"section\" data-settings=\"{&quot;stretch_section&quot;:&quot;section-stretched&quot;,&quot;background_background&quot;:&quot;classic&quot;}\">\n\t\t\t\t\t\t\t<div class=\"elementor-background-overlay\"><\/div>\n\t\t\t\t\t\t\t<div class=\"elementor-container elementor-column-gap-default\">\n\t\t\t\t\t<div class=\"elementor-column elementor-col-100 elementor-top-column elementor-element elementor-element-14ca658\" data-id=\"14ca658\" data-element_type=\"column\" data-e-type=\"column\" data-settings=\"{&quot;background_background&quot;:&quot;classic&quot;}\">\n\t\t\t<div class=\"elementor-widget-wrap elementor-element-populated\">\n\t\t\t\t\t\t<div class=\"elementor-element elementor-element-77efd21b elementor-flip-box--effect-flip elementor-flip-box--direction-up elementor-widget elementor-widget-flip-box\" data-id=\"77efd21b\" data-element_type=\"widget\" data-e-type=\"widget\" data-widget_type=\"flip-box.default\">\n\t\t\t\t\t\t\t<div class=\"elementor-flip-box\" tabindex=\"0\">\n\t\t\t<div class=\"elementor-flip-box__layer elementor-flip-box__front\">\n\t\t\t\t<div class=\"elementor-flip-box__layer__overlay\">\n\t\t\t\t\t<div class=\"elementor-flip-box__layer__inner\">\n\t\t\t\t\t\t\t\t\t\t\t\t\t<div class=\"elementor-icon-wrapper elementor-view-default\">\n\t\t\t\t\t\t\t\t<div class=\"elementor-icon\">\n\t\t\t\t\t\t\t\t\t<svg aria-hidden=\"true\" class=\"e-font-icon-svg e-far-grin-stars\" viewBox=\"0 0 496 512\" xmlns=\"http:\/\/www.w3.org\/2000\/svg\"><path d=\"M248 8C111 8 0 119 0 256s111 248 248 248 248-111 248-248S385 8 248 8zm0 448c-110.3 0-200-89.7-200-200S137.7 56 248 56s200 89.7 200 200-89.7 200-200 200zm105.6-151.4c-25.9 8.3-64.4 13.1-105.6 13.1s-79.6-4.8-105.6-13.1c-9.8-3.1-19.4 5.3-17.7 15.3 7.9 47.2 71.3 80 123.3 80s115.3-32.9 123.3-80c1.6-9.8-7.7-18.4-17.7-15.3zm-227.9-57.5c-1 6.2 5.4 11 11 7.9l31.3-16.3 31.3 16.3c5.6 3.1 12-1.7 11-7.9l-6-34.9 25.4-24.6c4.5-4.5 1.9-12.2-4.3-13.2l-34.9-5-15.5-31.6c-2.9-5.8-11-5.8-13.9 0l-15.5 31.6-34.9 5c-6.2.9-8.9 8.6-4.3 13.2l25.4 24.6-6.1 34.9zm259.7-72.7l-34.9-5-15.5-31.6c-2.9-5.8-11-5.8-13.9 0l-15.5 31.6-34.9 5c-6.2.9-8.9 8.6-4.3 13.2l25.4 24.6-6 34.9c-1 6.2 5.4 11 11 7.9l31.3-16.3 31.3 16.3c5.6 3.1 12-1.7 11-7.9l-6-34.9 25.4-24.6c4.5-4.6 1.8-12.2-4.4-13.2z\"><\/path><\/svg>\t\t\t\t\t\t\t\t<\/div>\n\t\t\t\t\t\t\t<\/div>\n\t\t\t\t\t\t\n\t\t\t\t\t\t\t\t\t\t\t\t\t<h3 class=\"elementor-flip-box__layer__title\">\n\t\t\t\t\t\t\t\tTAUCHEN SIE MEHR, TAUCHEN SIE G\u00dcNSTIGER!\t\t\t\t\t\t\t<\/h3>\n\t\t\t\t\t\t\n\t\t\t\t\t\t\t\t\t\t\t\t\t<div class=\"elementor-flip-box__layer__description\">\n\t\t\t\t\t\t\t\tKennen Sie unsere SPEZIALPAKETE?\t\t\t\t\t\t\t<\/div>\n\t\t\t\t\t\t\t\t\t\t\t<\/div>\n\t\t\t\t<\/div>\n\t\t\t<\/div>\n\t\t\t<div class=\"elementor-flip-box__layer elementor-flip-box__back\">\n\t\t\t<div class=\"elementor-flip-box__layer__overlay\">\n\t\t\t\t<div class=\"elementor-flip-box__layer__inner\">\n\t\t\t\t\t\t\t\t\t\t\t<h3 class=\"elementor-flip-box__layer__title\">\n\t\t\t\t\t\t\tBIS ZU 16 % RABATT!\t\t\t\t\t\t<\/h3>\n\t\t\t\t\t\n\t\t\t\t\t\t\t\t\t\t\t<div class=\"elementor-flip-box__layer__description\">\n\t\t\t\t\t\t\tBook more days with Silent Divers and get amazing discounts.<br>\n<br>\n\n<strong>2 Tage  - 13 % Rabatt <\/strong><br>\n<strong>3 Tage  - 14 % Rabatt <\/strong><br>\n<strong>4 Tage  - 15 % Rabatt <\/strong><br>\n<strong>5 Tage  - 16 % Rabatt <\/strong>\t\t\t\t\t\t<\/div>\n\t\t\t\t\t\n\t\t\t\t\t\t\t\t\t\t\t<a class=\"elementor-flip-box__button elementor-button elementor-size-sm\" href=\"#elementor-action%3Aaction%3Dpopup%3Aopen%26settings%3DeyJpZCI6MjU3NDUsInRvZ2dsZSI6ZmFsc2V9\">\n\t\t\t\t\t\t\tKLICK HIER!\t\t\t\t\t\t<\/a>\n\t\t\t\t\t\t\t\t<\/div>\n\t\t<\/div>\n\t\t<\/div>\n\t\t<\/div>\n\t\t\t\t\t\t<\/div>\n\t\t\t\t\t<\/div>\n\t\t<\/div>\n\t\t\t\t\t<\/div>\n\t\t<\/section>\n\t\t<div class=\"elementor-element elementor-element-13f98268 e-con-full e-flex e-con e-parent\" data-id=\"13f98268\" data-element_type=\"container\" data-e-type=\"container\">\n\t\t\t\t<div class=\"elementor-element elementor-element-54f305ed elementor-widget elementor-widget-spacer\" data-id=\"54f305ed\" data-element_type=\"widget\" data-e-type=\"widget\" data-widget_type=\"spacer.default\">\n\t\t\t\t\t\t\t<div class=\"elementor-spacer\">\n\t\t\t<div class=\"elementor-spacer-inner\"><\/div>\n\t\t<\/div>\n\t\t\t\t\t\t<\/div>\n\t\t\t\t<div class=\"elementor-element elementor-element-32865558 elementor-widget elementor-widget-heading\" data-id=\"32865558\" data-element_type=\"widget\" data-e-type=\"widget\" data-widget_type=\"heading.default\">\n\t\t\t\t\t<h2 class=\"elementor-heading-title elementor-size-default\">Auch Silent Divers bieten Ihnen!<\/h2>\t\t\t\t<\/div>\n\t\t\t\t<div class=\"elementor-element elementor-element-7e13a0c1 elementor-widget elementor-widget-spacer\" data-id=\"7e13a0c1\" data-element_type=\"widget\" data-e-type=\"widget\" data-widget_type=\"spacer.default\">\n\t\t\t\t\t\t\t<div class=\"elementor-spacer\">\n\t\t\t<div class=\"elementor-spacer-inner\"><\/div>\n\t\t<\/div>\n\t\t\t\t\t\t<\/div>\n\t\t<div class=\"elementor-element elementor-element-42b05ea4 e-flex e-con-boxed e-con e-child\" data-id=\"42b05ea4\" data-element_type=\"container\" data-e-type=\"container\" data-settings=\"{&quot;background_background&quot;:&quot;classic&quot;}\">\n\t\t\t\t\t<div class=\"e-con-inner\">\n\t\t\t\t<div class=\"elementor-element elementor-element-55436732 elementor-cta--skin-cover elementor-animated-content elementor-bg-transform elementor-bg-transform-zoom-in elementor-widget elementor-widget-call-to-action\" data-id=\"55436732\" data-element_type=\"widget\" data-e-type=\"widget\" data-widget_type=\"call-to-action.default\">\n\t\t\t\t\t\t\t<div class=\"elementor-cta\">\n\t\t\t\t\t<div class=\"elementor-cta__bg-wrapper\">\n\t\t\t\t<div class=\"elementor-cta__bg elementor-bg\" style=\"background-image: url(https:\/\/silentdivers.com\/wp-content\/uploads\/2023\/11\/whale-shark-in-sail-rock-samui-3.jpg);\" role=\"img\" aria-label=\"Ein Walhai schwimmt anmutig mit leicht ge\u00f6ffnetem Maul unter Wasser, umgeben vom klaren, blauen Ozeanwasser. Unter dem Hai sind die Worte \u201eSilent Divers Koh Samui\u201c zu sehen.\"><\/div>\n\t\t\t\t<div class=\"elementor-cta__bg-overlay\"><\/div>\n\t\t\t<\/div>\n\t\t\t\t\t\t\t<div class=\"elementor-cta__content\">\n\t\t\t\t\n\t\t\t\t\t\t\t\t\t<h3 class=\"elementor-cta__title elementor-cta__content-item elementor-content-item elementor-animated-item--grow\">\n\t\t\t\t\t\tTauchfahrten\t\t\t\t\t<\/h3>\n\t\t\t\t\n\t\t\t\t\t\t\t\t\t<div class=\"elementor-cta__description elementor-cta__content-item elementor-content-item elementor-animated-item--grow\">\n\t\t\t\t\t\tHier k\u00f6nnen Sie alle unseren verschiedenen Tauchfahrten vergleichen und diejenigen buchen, welche Sie und Ihre Begleitung am Meisten interessiert.\t\t\t\t\t<\/div>\n\t\t\t\t\n\t\t\t\t\t\t\t\t\t<div class=\"elementor-cta__button-wrapper elementor-cta__content-item elementor-content-item elementor-animated-item--grow\">\n\t\t\t\t\t<a class=\"elementor-cta__button elementor-button elementor-size-md\" href=\"https:\/\/silentdivers.com\/de\/tauchtouren-koh-samui-thailand\/\">\n\t\t\t\t\t\tBUCHE JETZT!\t\t\t\t\t<\/a>\n\t\t\t\t\t<\/div>\n\t\t\t\t\t\t\t<\/div>\n\t\t\t\t\t\t<\/div>\n\t\t\t\t\t\t<\/div>\n\t\t\t\t<div class=\"elementor-element elementor-element-4323c4 elementor-cta--skin-cover elementor-animated-content elementor-bg-transform elementor-bg-transform-zoom-in elementor-widget elementor-widget-call-to-action\" data-id=\"4323c4\" data-element_type=\"widget\" data-e-type=\"widget\" data-widget_type=\"call-to-action.default\">\n\t\t\t\t\t\t\t<div class=\"elementor-cta\">\n\t\t\t\t\t<div class=\"elementor-cta__bg-wrapper\">\n\t\t\t\t<div class=\"elementor-cta__bg elementor-bg\" style=\"background-image: url(https:\/\/silentdivers.com\/wp-content\/uploads\/2023\/11\/private-tours-samui-silent-divers.jpg);\" role=\"img\" aria-label=\"private-tours-samui-silent-divers\"><\/div>\n\t\t\t\t<div class=\"elementor-cta__bg-overlay\"><\/div>\n\t\t\t<\/div>\n\t\t\t\t\t\t\t<div class=\"elementor-cta__content\">\n\t\t\t\t\n\t\t\t\t\t\t\t\t\t<h3 class=\"elementor-cta__title elementor-cta__content-item elementor-content-item elementor-animated-item--grow\">\n\t\t\t\t\t\tPrivate Bootstouren\t\t\t\t\t<\/h3>\n\t\t\t\t\n\t\t\t\t\t\t\t\t\t<div class=\"elementor-cta__description elementor-cta__content-item elementor-content-item elementor-animated-item--grow\">\n\t\t\t\t\t\tWir bieten Ihnen ma\u00dfgeschneiderte Touren an und Sie k\u00f6nnen diejenige ausw\u00e4hlen, die am besten zu Ihren Interessen und Ihren Begleitern passt.\t\t\t\t\t<\/div>\n\t\t\t\t\n\t\t\t\t\t\t\t\t\t<div class=\"elementor-cta__button-wrapper elementor-cta__content-item elementor-content-item elementor-animated-item--grow\">\n\t\t\t\t\t<a class=\"elementor-cta__button elementor-button elementor-size-md\" href=\"https:\/\/silentdivers.com\/de\/private-boat-charter-samui-thailand\/\">\n\t\t\t\t\t\tBUCHE JETZT!\t\t\t\t\t<\/a>\n\t\t\t\t\t<\/div>\n\t\t\t\t\t\t\t<\/div>\n\t\t\t\t\t\t<\/div>\n\t\t\t\t\t\t<\/div>\n\t\t\t\t<div class=\"elementor-element elementor-element-7f90d18e elementor-cta--skin-cover elementor-animated-content elementor-bg-transform elementor-bg-transform-zoom-in elementor-widget elementor-widget-call-to-action\" data-id=\"7f90d18e\" data-element_type=\"widget\" data-e-type=\"widget\" data-widget_type=\"call-to-action.default\">\n\t\t\t\t\t\t\t<div class=\"elementor-cta\">\n\t\t\t\t\t<div class=\"elementor-cta__bg-wrapper\">\n\t\t\t\t<div class=\"elementor-cta__bg elementor-bg\" style=\"background-image: url(https:\/\/silentdivers.com\/wp-content\/uploads\/2023\/11\/snorkel-tours-samui-silent-divers.jpg);\" role=\"img\" aria-label=\"snorkel-tours-samui-silent-divers\"><\/div>\n\t\t\t\t<div class=\"elementor-cta__bg-overlay\"><\/div>\n\t\t\t<\/div>\n\t\t\t\t\t\t\t<div class=\"elementor-cta__content\">\n\t\t\t\t\n\t\t\t\t\t\t\t\t\t<h3 class=\"elementor-cta__title elementor-cta__content-item elementor-content-item elementor-animated-item--grow\">\n\t\t\t\t\t\tSnorkel Tours\t\t\t\t\t<\/h3>\n\t\t\t\t\n\t\t\t\t\t\t\t\t\t<div class=\"elementor-cta__description elementor-cta__content-item elementor-content-item elementor-animated-item--grow\">\n\t\t\t\t\t\tDie Schnorcheltouren, die wir anbieten, k\u00f6nnen Sie buchen, die am besten zu Ihren Interessen und Ihren Begleitern passen.\t\t\t\t\t<\/div>\n\t\t\t\t\n\t\t\t\t\t\t\t\t\t<div class=\"elementor-cta__button-wrapper elementor-cta__content-item elementor-content-item elementor-animated-item--grow\">\n\t\t\t\t\t<a class=\"elementor-cta__button elementor-button elementor-size-md\" href=\"https:\/\/silentdivers.com\/de\/snorkeling-trips-from-koh-samui-thailand\/\">\n\t\t\t\t\t\tBUCHE JETZT!\t\t\t\t\t<\/a>\n\t\t\t\t\t<\/div>\n\t\t\t\t\t\t\t<\/div>\n\t\t\t\t\t\t<\/div>\n\t\t\t\t\t\t<\/div>\n\t\t\t\t\t<\/div>\n\t\t\t\t<\/div>\n\t\t\t\t<\/div>\n\t\t\t\t<\/div>\n\t\t","protected":false},"excerpt":{"rendered":"<p>Thailand, bekannt f\u00fcr seine unber\u00fchrten Str\u00e4nde und seine lebendige Kultur, lockt jedes Jahr Millionen von Reisenden in sein tropisches Paradies. Unter seinen illustren Reisezielen entpuppt sich Koh Samui am Golf von Thailand als faszinierendes Juwel mit seiner einzigartigen saisonalen Vielfalt. Bei dieser Erkundung befassen wir uns mit den charakteristischen Wettermustern, den kontrastierenden Regen- und Trockenzeiten [&hellip;]<\/p>\n","protected":false},"author":1,"featured_media":24843,"parent":0,"menu_order":0,"comment_status":"closed","ping_status":"closed","template":"elementor_header_footer","meta":{"inline_featured_image":false,"footnotes":""},"class_list":["post-24877","page","type-page","status-publish","has-post-thumbnail","hentry"],"aioseo_notices":[],"_links":{"self":[{"href":"https:\/\/silentdivers.com\/de\/wp-json\/wp\/v2\/pages\/24877","targetHints":{"allow":["GET"]}}],"collection":[{"href":"https:\/\/silentdivers.com\/de\/wp-json\/wp\/v2\/pages"}],"about":[{"href":"https:\/\/silentdivers.com\/de\/wp-json\/wp\/v2\/types\/page"}],"author":[{"embeddable":true,"href":"https:\/\/silentdivers.com\/de\/wp-json\/wp\/v2\/users\/1"}],"replies":[{"embeddable":true,"href":"https:\/\/silentdivers.com\/de\/wp-json\/wp\/v2\/comments?post=24877"}],"version-history":[{"count":0,"href":"https:\/\/silentdivers.com\/de\/wp-json\/wp\/v2\/pages\/24877\/revisions"}],"wp:featuredmedia":[{"embeddable":true,"href":"https:\/\/silentdivers.com\/de\/wp-json\/wp\/v2\/media\/24843"}],"wp:attachment":[{"href":"https:\/\/silentdivers.com\/de\/wp-json\/wp\/v2\/media?parent=24877"}],"curies":[{"name":"wp","href":"https:\/\/api.w.org\/{rel}","templated":true}]}}