{"id":21494,"date":"2023-03-06T07:41:34","date_gmt":"2023-03-06T00:41:34","guid":{"rendered":"https:\/\/sd2023.silentdivers.com\/?page_id=21494"},"modified":"2023-12-28T02:45:34","modified_gmt":"2023-12-27T19:45:34","slug":"geschaftsbedingungen","status":"publish","type":"page","link":"https:\/\/silentdivers.com\/de\/geschaftsbedingungen\/","title":{"rendered":"Gesch\u00e4ftsbedingungen"},"content":{"rendered":"\t\t<div data-elementor-type=\"wp-page\" data-elementor-id=\"21494\" class=\"elementor elementor-21494 elementor-10217\" data-elementor-post-type=\"page\">\n\t\t\t\t<div class=\"elementor-element elementor-element-20519fa5 e-flex e-con-boxed e-con e-parent\" data-id=\"20519fa5\" data-element_type=\"container\" data-e-type=\"container\">\n\t\t\t\t\t<div class=\"e-con-inner\">\n\t\t\t\t<div class=\"elementor-element elementor-element-11fd344f elementor-widget elementor-widget-text-editor\" data-id=\"11fd344f\" data-element_type=\"widget\" data-e-type=\"widget\" data-widget_type=\"text-editor.default\">\n\t\t\t\t\t\t\t\t\t<h4><strong>BUCHUNG<\/strong><\/h4><ul><li>Zertifizierte Taucher, welche an einem Tauchausflug teilnehmen sind verpflichtet ihr PADI Brevet oder eine Zertifizierung einer vergleichbaren Organistion vorzulegen. Im Falle einer nicht vorhandenen Brevetkarte wird eine Best\u00e4tigungs-eMail oder ein Internet basierender Abgleich von der ausstellenden Organisation verlangt.<\/li><li>Alle brevertierten Taucher m\u00fc\u00dfen den PADI internationalen Haftungsausschlu\u00df und Risiko\u00fcbernahmevereinbarung ausf\u00fcllen und unterschreiben bevor das Boot den Hafen verl\u00e4\u00dft.<\/li><li>Alle Tauchsch\u00fcler m\u00fc\u00dfen den PADI internationalen Haftungsausschlu\u00df und Risiko\u00fcbernahmevereinbarung, sowie die PADI medizinische Selbstauskunft ausf\u00fcllen und unterschreiben bevor jegliche Wasserausbildung statt findet.<\/li><\/ul><h4><strong>BEZHAHLUNG<\/strong><\/h4><ul><li>Eine 20%ige Anzahlung ist zu leisten um die online Buchung abzuschlie\u00dfen.<\/li><li>Der ausstehende Betrag mu\u00df sp\u00e4testens ein Tag vor des Ausflugs oder Kurses beglichen werden.<\/li><\/ul><h4><strong>STORNIERUNG<\/strong><\/h4><ul><li>Silent Divers beh\u00e4lt sich das Recht vor einen Ausflug zu \u00e4ndern oder zu stonieren beispielsweise bei sicherheitsgef\u00e4hrdenden Wetterbedingungen, technischen Problemen oder anderen nicht vorhersehbaren Umst\u00e4nden. Dies kann beinhalten eine \u00c4nderung der Ausflugziels und\/oder die Auswahl der Tauchpl\u00e4tze.<\/li><li>Im Falle das SilentDivers einen Ausflug absagen mu\u00df haben die G\u00e4ste die M\u00f6glichkeit entweder den Ausflug ohne zus\u00e4tzliche Kosten umzubuchen oder volle R\u00fcckzahlung des Ausflugpreises zu erhalten.<\/li><li>Es wird keine R\u00fcckerstattung gew\u00e4hrt sollte ein Kunde aus irgendeinem Grund nicht am verabredeten Zeitpunkt am Treffpunkt der Ausflugs oder Kurses erscheinen.<\/li><li>Stonierungen welche uns 2 Tage vor des geplanten Ausflugs oder Kurses erreichen sind berechtigt eine volle R\u00fcckerstattung zu verlangen, abz\u00fcglich jeglicher Bankgeb\u00fchren, Kreditkarten Geb\u00fchren und jeglicher Wechselkursverluste falls diese stattfanden.<\/li><li>Die 20%ige Anzahlung der online Buchung wird NICHT r\u00fcckerstattet im Falle die Stonierung erreicht uns in weniger als 2 Tage vor Antritt des Ausflugs oder Kurses.<\/li><\/ul><h4><strong>VERSICHERUNG UND ERLASS VON VERBINDLICHKEITEN<\/strong><\/h4><ul><li>Silent Divers besitzt eine umfassende Tauchversicherung welche unsere Kunden abdeckt im ungl\u00fccklichen Falle eines Tauchunfalls w\u00e4hrend diese an einem Ausflug\/Kurs mit Silent Divers teilnehmen.<\/li><li>Silent Divers is member of the SSS Chamber Network in Samui which gives us access to the recompression chamber located next to our pier.<\/li><li>Silent Divers ist Mitglied der SSS Chamber Network (Dekopressionskammer) hier auf Samui was uns Zugriff auf die Druckkammer nahe unerem Pier gew\u00e4hrt. Trotzdem empfehlen wir den Abschlu\u00df einer Reiseversicherung f\u00fcr all die Aktivit\u00e4ten welche Sie in ihrer Urlaubszeit in Thailand unternehmen werden.<\/li><li>Silent Divers F\u00fchrungspersonal, Angestellte, Touragents und Vertragspartnern k\u00f6nnen nicht verantwortlich gemacht werden f\u00fcr verlorene oder besch\u00e4digte Gegenst\u00e4nde, Unf\u00e4lle, Verletzungen oder Tod aus welchem Grund auch immer \u2013 weder durch von uns gebuchte Ausfl\u00fcge, noch von Drittanbieter welche mit uns zusammen arbeiten oder nicht mit uns zusammen arbeiten. Wir k\u00f6nnen nicht verantwortlich gemacht werden f\u00fcr zus\u00e4tzliche Kosten f\u00fcr den Kunden. Im Falle einer Beschwerde \u00fcber einen Ausflug wird Silent Divers Nachforschungen anstellen und je nach Ausgang dieser Nachforschung den n\u00e4chsten Schritt in die Wege leiten.<\/li><\/ul><p><a name=\"dto\"><\/a><\/p><h4>EIGENE AUSR\u00dcSTUNG RABATT<\/h4><ul><li>5 % Rabatt gelten f\u00fcr Kunden, die ihre eigene Tauchausr\u00fcstung mitbringen. Muss alle erforderlichen Artikel enthalten: Maske, Flossen, Atemregler, BCD und Neoprenanzug<\/li><\/ul><p>\u00a0<\/p><h4>FR\u00dcHBUCHERRABATT<\/h4><ul><li>Discounts sind nur anwendbar f\u00fcr online Buchungen welche mindestens 7 Tage im voraus, bevor des Tages des Ausflugs\/Kursbeginn get\u00e4tigt wurden.<\/li><li>20%ige Anzahlung ist zu leisten. Der Discount wird vom offenen Betrag abgezogen.<\/li><li>F\u00fcr private Bootstouren\u00a0 die Fr\u00fchbucherrabatte leider nicht.<\/li><\/ul><p>\u00a0<\/p><h4>RABATT F\u00dcR MEHRTAGEBUCHUNG<\/h4><ul><li>Muss ein zertifizierter Taucher sein<\/li><li>Gilt nur f\u00fcr Fun Dives, nicht f\u00fcr gekaufte Kurse\/Produkte<\/li><li>Der Fr\u00fchbucherrabatt gilt nicht zus\u00e4tzlich zum Mehrtagesbuchungsrabatt<\/li><li>Um sich f\u00fcr einen mehrt\u00e4gigen Rabatt zu qualifizieren; Buchungen m\u00fcssen vor Ihrem ersten Tauchtag online abgeschlossen werden<\/li><li>2 Tage Tauchen = 13 % Rabatt auf Ihre Endrechnung<\/li><li>3 Tage Tauchen = 14 % Rabatt auf Ihre Endrechnung<\/li><li>4 Tage Tauchen = 15 % Rabatt auf Ihre Endrechnung<\/li><li>5 Tage Tauchen = 16 % Rabatt auf Ihre Endrechnung<\/li><li>Alle Tauchtage m\u00fcssen Ihrem Warenkorb hinzugef\u00fcgt und als eine Buchung ausgecheckt werden<\/li><li>Als Anzahlung werden 20 % des Gesamtpreises erhoben. Der erm\u00e4\u00dfigte Betrag wird vom f\u00e4lligen Betrag abgezogen und vor Ihren ersten Tauchtagen eingezogen<\/li><\/ul>\t\t\t\t\t\t\t\t<\/div>\n\t\t\t\t\t<\/div>\n\t\t\t\t<\/div>\n\t\t\t\t<\/div>\n\t\t","protected":false},"excerpt":{"rendered":"<p>BUCHUNG Zertifizierte Taucher, welche an einem Tauchausflug teilnehmen sind verpflichtet ihr PADI Brevet oder eine Zertifizierung einer vergleichbaren Organistion vorzulegen. Im Falle einer nicht vorhandenen Brevetkarte wird eine Best\u00e4tigungs-eMail oder ein Internet basierender Abgleich von der ausstellenden Organisation verlangt. Alle brevertierten Taucher m\u00fc\u00dfen den PADI internationalen Haftungsausschlu\u00df und Risiko\u00fcbernahmevereinbarung ausf\u00fcllen und unterschreiben bevor das Boot [&hellip;]<\/p>\n","protected":false},"author":1,"featured_media":17148,"parent":0,"menu_order":0,"comment_status":"closed","ping_status":"closed","template":"","meta":{"inline_featured_image":false,"footnotes":""},"class_list":["post-21494","page","type-page","status-publish","has-post-thumbnail","hentry"],"aioseo_notices":[],"_links":{"self":[{"href":"https:\/\/silentdivers.com\/de\/wp-json\/wp\/v2\/pages\/21494","targetHints":{"allow":["GET"]}}],"collection":[{"href":"https:\/\/silentdivers.com\/de\/wp-json\/wp\/v2\/pages"}],"about":[{"href":"https:\/\/silentdivers.com\/de\/wp-json\/wp\/v2\/types\/page"}],"author":[{"embeddable":true,"href":"https:\/\/silentdivers.com\/de\/wp-json\/wp\/v2\/users\/1"}],"replies":[{"embeddable":true,"href":"https:\/\/silentdivers.com\/de\/wp-json\/wp\/v2\/comments?post=21494"}],"version-history":[{"count":0,"href":"https:\/\/silentdivers.com\/de\/wp-json\/wp\/v2\/pages\/21494\/revisions"}],"wp:featuredmedia":[{"embeddable":true,"href":"https:\/\/silentdivers.com\/de\/wp-json\/wp\/v2\/media\/17148"}],"wp:attachment":[{"href":"https:\/\/silentdivers.com\/de\/wp-json\/wp\/v2\/media?parent=21494"}],"curies":[{"name":"wp","href":"https:\/\/api.w.org\/{rel}","templated":true}]}}