{"id":17147,"date":"2023-11-24T15:46:46","date_gmt":"2023-11-24T08:46:46","guid":{"rendered":"https:\/\/sd2023.silentdivers.com\/privacy-cookies\/"},"modified":"2023-12-28T03:04:29","modified_gmt":"2023-12-27T20:04:29","slug":"datenschutzrichtlinie-und-cookies","status":"publish","type":"page","link":"https:\/\/silentdivers.com\/de\/datenschutzrichtlinie-und-cookies\/","title":{"rendered":"Datenschutzrichtlinie und Cookies"},"content":{"rendered":"\t\t<div data-elementor-type=\"wp-page\" data-elementor-id=\"17147\" class=\"elementor elementor-17147 elementor-16363\" data-elementor-post-type=\"page\">\n\t\t\t\t<div class=\"elementor-element elementor-element-6ec3d988 e-con-full e-flex e-con e-parent\" data-id=\"6ec3d988\" data-element_type=\"container\" data-e-type=\"container\">\n\t\t<div class=\"elementor-element elementor-element-31d12ce e-flex e-con-boxed e-con e-child\" data-id=\"31d12ce\" data-element_type=\"container\" data-e-type=\"container\" data-settings=\"{&quot;background_background&quot;:&quot;classic&quot;}\">\n\t\t\t\t\t<div class=\"e-con-inner\">\n\t\t\t\t\t<\/div>\n\t\t\t\t<\/div>\n\t\t\t\t<\/div>\n\t\t<div class=\"elementor-element elementor-element-a96e048 e-flex e-con-boxed e-con e-parent\" data-id=\"a96e048\" data-element_type=\"container\" data-e-type=\"container\">\n\t\t\t\t\t<div class=\"e-con-inner\">\n\t\t\t\t<div class=\"elementor-element elementor-element-e90e481 elementor-widget elementor-widget-text-editor\" data-id=\"e90e481\" data-element_type=\"widget\" data-e-type=\"widget\" data-widget_type=\"text-editor.default\">\n\t\t\t\t\t\t\t\t\t<h3>Wer wir sind<\/h3><p>Unsere Website-Adresse lautet: https:\/\/silentdivers.com<\/p><h4>Welche personenbezogenen Daten wir sammeln und warum wir sie sammeln.<\/h4><h4>Kommentare<\/h4><p>Wenn Besucher Kommentare auf der Website hinterlassen, erfassen wir die im Kommentarformular angezeigten Daten sowie die IP-Adresse des Besuchers und den User-Agent-String des Browsers, um die Spam-Erkennung zu unterst\u00fctzen.<\/p><p>Eine aus Ihrer E-Mail-Adresse erstellte anonymisierte Zeichenfolge (auch Hash genannt) kann dem Gravatar-Dienst zur Verf\u00fcgung gestellt werden, um festzustellen, ob Sie ihn verwenden. Die Datenschutzrichtlinie des Gravatar-Dienstes finden Sie hier: https:\/\/automattic.com\/privacy\/. Nach Freigabe Ihres Kommentars ist Ihr Profilbild im Kontext Ihres Kommentars \u00f6ffentlich sichtbar.<\/p><h4>Cookies<\/h4><p>Wenn Sie einen Kommentar auf unserer Website hinterlassen, k\u00f6nnen Sie der Speicherung Ihres Namens, Ihrer E-Mail-Adresse und Ihrer Website in Cookies zustimmen. Diese dienen Ihrer Bequemlichkeit, damit Sie Ihre Daten nicht erneut eingeben m\u00fcssen, wenn Sie einen weiteren Kommentar hinterlassen. Diese Cookies sind ein Jahr lang haltbar.<\/p><p>Wenn Sie ein Konto haben und sich auf dieser Website anmelden, setzen wir ein tempor\u00e4res Cookie, um festzustellen, ob Ihr Browser Cookies akzeptiert. Dieses Cookie enth\u00e4lt keine personenbezogenen Daten und wird verworfen, wenn Sie Ihren Browser schlie\u00dfen.<\/p><p>Wenn Sie sich anmelden, richten wir au\u00dferdem mehrere Cookies ein, um Ihre Anmeldeinformationen und Ihre Bildschirmanzeigeoptionen zu speichern. Anmelde-Cookies sind zwei Tage lang g\u00fcltig und Cookies f\u00fcr Bildschirmoptionen sind ein Jahr lang g\u00fcltig. Wenn Sie \u201eAngemeldet bleiben\u201c ausw\u00e4hlen, bleibt Ihr Login zwei Wochen lang bestehen. Wenn Sie sich von Ihrem Konto abmelden, werden die Anmeldecookies entfernt.<\/p><p>Wenn Sie einen Artikel bearbeiten oder ver\u00f6ffentlichen, wird ein zus\u00e4tzlicher Cookie in Ihrem Browser gespeichert. Dieses Cookie enth\u00e4lt keine personenbezogenen Daten und gibt lediglich die Beitrags-ID des Artikels an, den Sie gerade bearbeitet haben. Es l\u00e4uft nach 1 Tag ab.<\/p><h4>Cookies blockieren<\/h4><p>In den meisten Browsern k\u00f6nnen Sie die Annahme von Cookies verweigern. Zum Beispiel:<\/p><p>(1) Im Internet Explorer k\u00f6nnen Sie alle Cookies ablehnen, indem Sie auf \u201eExtras\u201c, \u201eInternetoptionen\u201c, \u201eDatenschutz\u201c klicken und mithilfe des Schiebereglers \u201eAlle Cookies blockieren\u201c ausw\u00e4hlen.<\/p><p>(2) In Firefox k\u00f6nnen Sie alle Cookies blockieren, indem Sie auf \u201eExtras\u201c, \u201eOptionen\u201c klicken und im Feld \u201eDatenschutz\u201c das H\u00e4kchen bei \u201eCookies von Websites akzeptieren\u201c entfernen.<\/p><p>Das Blockieren aller Cookies wirkt sich jedoch negativ auf die Benutzerfreundlichkeit vieler Websites aus. Wenn Sie Cookies blockieren, k\u00f6nnen Sie viele Funktionen dieser Website nicht nutzen.<\/p><h4>Cookies l\u00f6schen<\/h4><p>Sie k\u00f6nnen auch bereits auf Ihrem Computer gespeicherte Cookies l\u00f6schen. Die Vorgehensweise h\u00e4ngt von Ihrem Webbrowser ab. Anweisungen finden Sie unter den folgenden URLs.<\/p><p>Internet Explorer:<br \/>Folge diesem <a href=\"https:\/\/support.microsoft.com\/kb\/278835)\" target=\"_blank\" rel=\"noopener\">Link<\/a><\/p><p><br \/>Feuerfuchs:<br \/>Folge diesem <a href=\"https:\/\/support.mozilla.com\/en-US\/kb\/Deleting%20cookies\" target=\"_blank\" rel=\"noopener\">Link<\/a><\/p><p><br \/>Chrom;<br \/>Folge diesem <a href=\"https:\/\/support.google.com\/chrome\/bin\/answer.py?hl=en-GB&amp;answer=95647\" target=\"_blank\" rel=\"noopener\">Link<\/a><\/p><p><br \/>Oper:<br \/>Folge diesem <a href=\"https:\/\/www.opera.com\/browser\/tutorials\/security\/privacy\/\" target=\"_blank\" rel=\"noopener\">Link<\/a><\/p><p><br \/>Safari (v3):<br \/>Folge diesem <a href=\"https:\/\/docs.info.apple.com\/article.html?path=Safari\/3.0\/en\/11471.html\" target=\"_blank\" rel=\"noopener\">Link<\/a><\/p><h4><br \/>Eingebettete Inhalte von anderen Websites<\/h4><p>Eingebettete Inhalte von anderen Websites verhalten sich genauso, als ob der Besucher die andere Website besucht h\u00e4tte.<\/p><p>Diese Websites k\u00f6nnen Daten \u00fcber Sie sammeln, Cookies verwenden, zus\u00e4tzliches Tracking von Drittanbietern einbetten und Ihre Interaktion mit diesem eingebetteten Inhalt \u00fcberwachen, einschlie\u00dflich der Verfolgung Ihrer Interaktion mit dem eingebetteten Inhalt, wenn Sie \u00fcber ein Konto verf\u00fcgen und auf dieser Website angemeldet sind.<\/p><h4>Wie lange wir Ihre Daten aufbewahren<\/h4><p>Wenn Sie einen Kommentar hinterlassen, bleiben der Kommentar und seine Metadaten auf unbestimmte Zeit erhalten. Auf diese Weise k\u00f6nnen wir Folgekommentare automatisch erkennen und genehmigen, anstatt sie in einer Moderationswarteschlange festzuhalten.<\/p><p>F\u00fcr Nutzer, die sich auf unserer Website registrieren (falls vorhanden), speichern wir auch die von ihnen angegebenen personenbezogenen Daten in ihrem Nutzerprofil. Alle Benutzer k\u00f6nnen ihre pers\u00f6nlichen Daten jederzeit einsehen, bearbeiten oder l\u00f6schen (au\u00dfer dass sie ihren Benutzernamen nicht \u00e4ndern k\u00f6nnen). Website-Administratoren k\u00f6nnen diese Informationen auch sehen und bearbeiten.<\/p><h4>Welche Rechte Sie an Ihren Daten haben<\/h4><p>Wenn Sie ein Konto auf dieser Website haben oder Kommentare hinterlassen haben, k\u00f6nnen Sie den Erhalt einer exportierten Datei der personenbezogenen Daten anfordern, die wir \u00fcber Sie gespeichert haben, einschlie\u00dflich aller Daten, die Sie uns zur Verf\u00fcgung gestellt haben. Sie k\u00f6nnen auch verlangen, dass wir alle personenbezogenen Daten, die wir \u00fcber Sie gespeichert haben, l\u00f6schen. Hiervon ausgenommen sind Daten, zu deren Aufbewahrung wir aus administrativen, rechtlichen oder Sicherheitsgr\u00fcnden verpflichtet sind.<\/p><h4>Wohin wir Ihre Daten senden<\/h4><p>Besucherkommentare k\u00f6nnen durch einen automatisierten Spam-Erkennungsdienst \u00fcberpr\u00fcft werden.<\/p><h3>Weitere Informationen<\/h3><h4>Wie wir Ihre Daten sch\u00fctzen<\/h4><p>Die Sicherheit Ihrer pers\u00f6nlichen Daten ist uns wichtig, aber denken Sie daran, dass keine Methode der \u00dcbertragung \u00fcber das Internet oder Methode der elektronischen Speicherung 100 % sicher ist. Wir sind bestrebt, zum Schutz Ihrer personenbezogenen Daten kommerziell akzeptable Mittel einzusetzen. Wir verwenden 256-Bit-SSL-zertifiziert, um Ihre pers\u00f6nlichen Daten w\u00e4hrend Ihrer gesamten Navigation auf unserer Website zu sch\u00fctzen. Sie k\u00f6nnen ein Schloss in der oberen Leiste Ihres Browsers beobachten und\/oder die Farbe auf gr\u00fcn \u00e4ndern. Au\u00dferdem k\u00f6nnen Sie sehen, wie sich Ihr Protokoll von http zu https \u00e4ndert.<\/p><p>Diese Datenschutzrichtlinie gilt ab dem 15. April 2020 und bleibt in Kraft, mit Ausnahme k\u00fcnftiger \u00c4nderungen ihrer Bestimmungen, die unmittelbar nach der Ver\u00f6ffentlichung auf dieser Seite in Kraft treten.<\/p><p>Wir behalten uns das Recht vor, unsere Datenschutzrichtlinie jederzeit zu aktualisieren oder zu \u00e4ndern. Sie sollten diese Datenschutzrichtlinie regelm\u00e4\u00dfig \u00fcberpr\u00fcfen. Ihre fortgesetzte Nutzung des Dienstes, nachdem wir \u00c4nderungen an der Datenschutzrichtlinie auf dieser Seite ver\u00f6ffentlicht haben, stellt Ihre Anerkennung der \u00c4nderungen und Ihre Zustimmung dar, die ge\u00e4nderte Datenschutzrichtlinie einzuhalten und an sie gebunden zu sein.<\/p><p>Wenn wir wesentliche \u00c4nderungen an dieser Datenschutzrichtlinie vornehmen, werden wir Sie entweder \u00fcber die von Ihnen angegebene E-Mail-Adresse oder durch einen gut sichtbaren Hinweis auf unserer Website benachrichtigen.<\/p><h4>Kontaktinformationen<\/h4><p>Wenn Sie Fragen zu dieser Datenschutzrichtlinie haben, kontaktieren Sie uns bitte per E-Mail unter info@silentdivers.com oder rufen Sie uns unter der Telefonnummer +66 81 933 6641 an. Wenn Sie den herk\u00f6mmlichen Weg bevorzugen, k\u00f6nnen Sie uns auch einen Brief oder ein B\u00fcrofax an unsere Postadresse senden<\/p><p>39\/8 Moo 3 Bophut Chaweng Koh Samui 84320 Thailand<\/p>\t\t\t\t\t\t\t\t<\/div>\n\t\t\t\t\t<\/div>\n\t\t\t\t<\/div>\n\t\t\t\t<\/div>\n\t\t","protected":false},"excerpt":{"rendered":"<p>Wer wir sind Unsere Website-Adresse lautet: https:\/\/silentdivers.com Welche personenbezogenen Daten wir sammeln und warum wir sie sammeln. Kommentare Wenn Besucher Kommentare auf der Website hinterlassen, erfassen wir die im Kommentarformular angezeigten Daten sowie die IP-Adresse des Besuchers und den User-Agent-String des Browsers, um die Spam-Erkennung zu unterst\u00fctzen. Eine aus Ihrer E-Mail-Adresse erstellte anonymisierte Zeichenfolge (auch [&hellip;]<\/p>\n","protected":false},"author":1,"featured_media":17148,"parent":0,"menu_order":0,"comment_status":"closed","ping_status":"closed","template":"elementor_header_footer","meta":{"inline_featured_image":false,"footnotes":""},"class_list":["post-17147","page","type-page","status-publish","has-post-thumbnail","hentry"],"aioseo_notices":[],"_links":{"self":[{"href":"https:\/\/silentdivers.com\/de\/wp-json\/wp\/v2\/pages\/17147","targetHints":{"allow":["GET"]}}],"collection":[{"href":"https:\/\/silentdivers.com\/de\/wp-json\/wp\/v2\/pages"}],"about":[{"href":"https:\/\/silentdivers.com\/de\/wp-json\/wp\/v2\/types\/page"}],"author":[{"embeddable":true,"href":"https:\/\/silentdivers.com\/de\/wp-json\/wp\/v2\/users\/1"}],"replies":[{"embeddable":true,"href":"https:\/\/silentdivers.com\/de\/wp-json\/wp\/v2\/comments?post=17147"}],"version-history":[{"count":0,"href":"https:\/\/silentdivers.com\/de\/wp-json\/wp\/v2\/pages\/17147\/revisions"}],"wp:featuredmedia":[{"embeddable":true,"href":"https:\/\/silentdivers.com\/de\/wp-json\/wp\/v2\/media\/17148"}],"wp:attachment":[{"href":"https:\/\/silentdivers.com\/de\/wp-json\/wp\/v2\/media?parent=17147"}],"curies":[{"name":"wp","href":"https:\/\/api.w.org\/{rel}","templated":true}]}}